{"id":991,"date":"2023-09-06T04:45:55","date_gmt":"2023-09-06T04:45:55","guid":{"rendered":"https:\/\/catalogo.spaciograficohn.com\/cat21_22\/?page_id=991"},"modified":"2024-10-11T23:47:19","modified_gmt":"2024-10-12T05:47:19","slug":"area-bilingue","status":"publish","type":"page","link":"https:\/\/catalogo.spaciograficohn.com\/cat21_22\/area-bilingue\/","title":{"rendered":"\u00c1rea Biling\u00fce"},"content":{"rendered":"\t\t<div data-elementor-type=\"wp-page\" data-elementor-id=\"991\" class=\"elementor elementor-991\">\n\t\t\t\t<div class=\"elementor-element elementor-element-70e84003 e-flex e-con-boxed e-con e-parent\" data-id=\"70e84003\" data-element_type=\"container\">\n\t\t\t\t\t<div class=\"e-con-inner\">\n\t\t\t\t<div class=\"elementor-element elementor-element-619973cf elementor-widget elementor-widget-text-editor\" data-id=\"619973cf\" data-element_type=\"widget\" data-widget_type=\"text-editor.default\">\n\t\t\t\t<div class=\"elementor-widget-container\">\n\t\t\t\t\t\t\t\t\t\n<p data-sourcepos=\"7:1-7:145\"><span style=\"color: #000000;\">\u00bfBuscas materiales educativos que inspiren a tus estudiantes a aprender ingl\u00e9s de manera divertida y efectiva? \u00a1Spacio Gr\u00e1fico tiene la soluci\u00f3n!<\/span><\/p>\n<p data-sourcepos=\"9:1-9:276\"><span style=\"color: #000000;\">Nuestra editorial, l\u00edder en Honduras, te ofrece una amplia gama de <strong>libros de texto biling\u00fces<\/strong> dise\u00f1ados para estudiantes de <strong>todos los niveles educativos<\/strong>. Con un enfoque innovador y adaptado a las necesidades de los estudiantes hondure\u00f1os, nuestros materiales promueven:<\/span><\/p>\n<ul>\n<li class=\"has-text-align-left has-normal-font-size\"><span style=\"color: #000000;\">Aprendizaje integral<br \/><\/span><\/li>\n<li><span style=\"color: #000000;\">Contenido relevante<\/span><\/li>\n<li><span style=\"color: #000000;\">Actividades pr\u00e1cticas<\/span><\/li>\n<li><span style=\"color: #000000;\">Recursos digitales<\/span><\/li>\n<\/ul>\n<p><span style=\"color: #000000;\"><\/span><\/p>\n<p><span style=\"color: #000000;\">Se cuenta con nueva serie de libros, como ser:<\/span><\/p>\n\n<ul class=\"wp-block-list\">\n<li><a href=\"https:\/\/catalogo.spaciograficohn.com\/cat21_22\/science\/\" data-type=\"link\" data-id=\"https:\/\/catalogo.spaciograficohn.com\/cat21_22\/science\/\">Libros de Science<\/a>, <span style=\"color: #000000;\">toda b\u00e1sica<\/span><\/li>\n\n<li><a href=\"https:\/\/catalogo.spaciograficohn.com\/cat21_22\/matematicas-espanol\/\">Matem\u00e1ticas en Ingles<\/a> <span style=\"color: #000000;\">(MATH), toda b\u00e1sica.<\/span><\/li>\n\n<li><a href=\"https:\/\/catalogo.spaciograficohn.com\/cat21_22\/language-art-and-reading-book\/\" data-type=\"link\" data-id=\"https:\/\/catalogo.spaciograficohn.com\/cat21_22\/language-art-and-reading-book\/\">Lenguage Art and Literature Book<\/a>, <span style=\"color: #000000;\">desde el nivel K hasta 9no grado.<\/span><\/li>\n<\/ul>\n\n<ul class=\"wp-block-list\"><\/ul>\n<!-- \/wp:list -->\t\t\t\t\t\t\t\t<\/div>\n\t\t\t\t<\/div>\n\t\t\t\t\t<\/div>\n\t\t\t\t<\/div>\n\t\t<div class=\"elementor-element elementor-element-1b6cbeb e-flex e-con-boxed e-con e-parent\" data-id=\"1b6cbeb\" data-element_type=\"container\">\n\t\t\t\t\t<div class=\"e-con-inner\">\n\t\t\t\t<div class=\"elementor-element elementor-element-375eee6 elementor-widget elementor-widget-text-editor\" data-id=\"375eee6\" data-element_type=\"widget\" data-widget_type=\"text-editor.default\">\n\t\t\t\t<div class=\"elementor-widget-container\">\n\t\t\t\t\t\t\t\t\t<!-- wp:paragraph {\"align\":\"left\",\"fontSize\":\"normal\"} -->\n<ul class=\"wp-block-list\"><!-- \/wp:list-item --><\/ul>\n<!-- \/wp:list --><!-- wp:spacer {\"height\":\"20px\"} --><!-- \/wp:spacer --><!-- wp:paragraph -->\n<ul class=\"wp-block-list\"><!-- \/wp:list-item --><\/ul>\n<!-- \/wp:list --><!-- wp:quote -->\n<blockquote class=\"wp-block-quote\"><!-- wp:paragraph -->\n<p><img decoding=\"async\" width=\"30\" height=\"30\" class=\"wp-image-516\" style=\"width: 30px;\" src=\"https:\/\/catalogo.spaciograficohn.com\/cat21_22\/wp-content\/uploads\/2021\/08\/recursoeducativosok.jpg_48x48.jpg\" alt=\"\" \/> <span style=\"font-size: revert; color: initial;\">Todos nuestros libros incluyen la <\/span><strong style=\"font-size: revert; color: initial;\">GU\u00cdA DEL DOCENTE en forma digital<\/strong><span style=\"font-size: revert; color: initial;\">, la cual puedes acceder desde el <strong>c\u00f3digo QR<\/strong> de nuestros libros de texto para el docente. Tambi\u00e9n puedes acceder a la versi\u00f3n en digital desde nuestra <strong>Plataforma de Acompa\u00f1amiento Digital EDUSPACIO<\/strong>.<br \/><\/span><\/p>\n<!-- \/wp:paragraph --><\/blockquote>\n<!-- \/wp:quote -->\t\t\t\t\t\t\t\t<\/div>\n\t\t\t\t<\/div>\n\t\t\t\t\t<\/div>\n\t\t\t\t<\/div>\n\t\t\t\t<\/div>\n\t\t","protected":false},"excerpt":{"rendered":"<p>\u00bfBuscas materiales educativos que inspiren a tus estudiantes a aprender ingl\u00e9s de manera divertida y efectiva? \u00a1Spacio Gr\u00e1fico tiene la soluci\u00f3n! Nuestra editorial, l\u00edder en Honduras, te ofrece una amplia gama de libros de texto biling\u00fces dise\u00f1ados para estudiantes de todos los niveles educativos. Con un enfoque innovador y adaptado a las necesidades de los estudiantes hondure\u00f1os, nuestros materiales promueven: Aprendizaje integral Contenido relevante Actividades pr\u00e1cticas Recursos digitales Se cuenta con nueva serie de libros, como ser: Todos nuestros libros incluyen la GU\u00cdA DEL DOCENTE en forma digital, la cual puedes acceder desde el c\u00f3digo QR de nuestros libros de texto para el docente. Tambi\u00e9n puedes acceder a la versi\u00f3n en digital desde nuestra Plataforma de Acompa\u00f1amiento Digital EDUSPACIO.<\/p>\n","protected":false},"author":1,"featured_media":0,"parent":0,"menu_order":0,"comment_status":"closed","ping_status":"closed","template":"","meta":{"footnotes":""},"class_list":["post-991","page","type-page","status-publish"],"_links":{"self":[{"href":"https:\/\/catalogo.spaciograficohn.com\/cat21_22\/wp-json\/wp\/v2\/pages\/991","targetHints":{"allow":["GET"]}}],"collection":[{"href":"https:\/\/catalogo.spaciograficohn.com\/cat21_22\/wp-json\/wp\/v2\/pages"}],"about":[{"href":"https:\/\/catalogo.spaciograficohn.com\/cat21_22\/wp-json\/wp\/v2\/types\/page"}],"author":[{"embeddable":true,"href":"https:\/\/catalogo.spaciograficohn.com\/cat21_22\/wp-json\/wp\/v2\/users\/1"}],"replies":[{"embeddable":true,"href":"https:\/\/catalogo.spaciograficohn.com\/cat21_22\/wp-json\/wp\/v2\/comments?post=991"}],"version-history":[{"count":36,"href":"https:\/\/catalogo.spaciograficohn.com\/cat21_22\/wp-json\/wp\/v2\/pages\/991\/revisions"}],"predecessor-version":[{"id":1230,"href":"https:\/\/catalogo.spaciograficohn.com\/cat21_22\/wp-json\/wp\/v2\/pages\/991\/revisions\/1230"}],"wp:attachment":[{"href":"https:\/\/catalogo.spaciograficohn.com\/cat21_22\/wp-json\/wp\/v2\/media?parent=991"}],"curies":[{"name":"wp","href":"https:\/\/api.w.org\/{rel}","templated":true}]}}