{"id":966,"date":"2023-09-06T04:08:29","date_gmt":"2023-09-06T04:08:29","guid":{"rendered":"https:\/\/catalogo.spaciograficohn.com\/cat21_22\/?page_id=966"},"modified":"2024-11-08T18:34:16","modified_gmt":"2024-11-09T00:34:16","slug":"language-art-and-reading-book","status":"publish","type":"page","link":"https:\/\/catalogo.spaciograficohn.com\/cat21_22\/language-art-and-reading-book\/","title":{"rendered":"Language Art and Reading Book"},"content":{"rendered":"\n<p>Tsikbal series communication to success.<br>Language Arts and Reading Books designed according to national and international standards, based on<br>significant learning and neurological development, stimulating short and long-term memory with the purpose of promoting local culture, values, reflection and effective communication through literary selections from famous international and honduran writers.<\/p>\n\n\n\n<div class=\"wp-block-media-text alignwide is-stacked-on-mobile\" style=\"grid-template-columns:20% auto\"><figure class=\"wp-block-media-text__media\"><img fetchpriority=\"high\" decoding=\"async\" width=\"260\" height=\"342\" src=\"https:\/\/catalogo.spaciograficohn.com\/cat21_22\/wp-content\/uploads\/2023\/09\/LanguagelevelK_260x342-260x342.jpg\" alt=\"\" class=\"wp-image-967 size-full\"\/><\/figure><div class=\"wp-block-media-text__content\">\n<p style=\"font-size:25px\">Language Art and Reading Book, Level K.<\/p>\n\n\n\n<ul class=\"wp-block-list\">\n<li>Idioma: Ingl\u00e9s<\/li>\n<\/ul>\n\n\n\n<ul class=\"wp-block-list\">\n<li>Nivel: B\u00e1sico<\/li>\n<\/ul>\n\n\n\n<p><img decoding=\"async\" width=\"30\" height=\"30\" class=\"wp-image-113\" style=\"width: 30px;\" src=\"https:\/\/catalogo.spaciograficohn.com\/cat21_22\/wp-content\/uploads\/2021\/08\/icono_visualizacion-e1628733297257.png\" alt=\"\">  <a href=\"https:\/\/catalogo2020.spaciograficohn.com\/cat2020\/books2023\/LanguageArt\/K\/mobile\/index.html#p=1\">Vista previa del Libro<\/a><\/p>\n<\/div><\/div>\n\n\n\n<div style=\"height:20px\" aria-hidden=\"true\" class=\"wp-block-spacer\"><\/div>\n\n\n\n<hr class=\"wp-block-separator has-css-opacity\"\/>\n\n\n\n<div class=\"wp-block-media-text alignwide is-stacked-on-mobile\" style=\"grid-template-columns:20% auto\"><figure class=\"wp-block-media-text__media\"><img decoding=\"async\" width=\"259\" height=\"341\" src=\"https:\/\/catalogo.spaciograficohn.com\/cat21_22\/wp-content\/uploads\/2023\/09\/Language1st_259x341-259x341.jpg\" alt=\"\" class=\"wp-image-968 size-full\"\/><\/figure><div class=\"wp-block-media-text__content\">\n<p style=\"font-size:25px\">Language Art and Reading Book, 1st grade.<\/p>\n\n\n\n<ul class=\"wp-block-list\">\n<li>Idioma: Ingl\u00e9s<\/li>\n<\/ul>\n\n\n\n<ul class=\"wp-block-list\">\n<li>Nivel: B\u00e1sico<\/li>\n<\/ul>\n\n\n\n<p><img decoding=\"async\" width=\"30\" height=\"30\" class=\"wp-image-113\" style=\"width: 30px;\" src=\"https:\/\/catalogo.spaciograficohn.com\/cat21_22\/wp-content\/uploads\/2021\/08\/icono_visualizacion-e1628733297257.png\" alt=\"\">  <a href=\"https:\/\/catalogo2020.spaciograficohn.com\/cat2020\/books2023\/LanguageArt\/01\/mobile\/index.html#p=1\">Vista previa del Libro<\/a><\/p>\n<\/div><\/div>\n\n\n\n<div style=\"height:20px\" aria-hidden=\"true\" class=\"wp-block-spacer\"><\/div>\n\n\n\n<hr class=\"wp-block-separator has-css-opacity\"\/>\n\n\n\n<div class=\"wp-block-media-text alignwide is-stacked-on-mobile\" style=\"grid-template-columns:20% auto\"><figure class=\"wp-block-media-text__media\"><img loading=\"lazy\" decoding=\"async\" width=\"261\" height=\"343\" src=\"https:\/\/catalogo.spaciograficohn.com\/cat21_22\/wp-content\/uploads\/2023\/09\/Language2nd_261x343-261x343.jpg\" alt=\"\" class=\"wp-image-969 size-full\"\/><\/figure><div class=\"wp-block-media-text__content\">\n<p style=\"font-size:25px\">Language Art and Reading Book, 2nd grade. <\/p>\n\n\n\n<ul class=\"wp-block-list\">\n<li>Idioma: Ingl\u00e9s<\/li>\n<\/ul>\n\n\n\n<ul class=\"wp-block-list\">\n<li>Nivel: B\u00e1sico<\/li>\n<\/ul>\n\n\n\n<p>  <img decoding=\"async\" width=\"30\" height=\"30\" class=\"wp-image-113\" style=\"width: 30px;\" src=\"https:\/\/catalogo.spaciograficohn.com\/cat21_22\/wp-content\/uploads\/2021\/08\/icono_visualizacion-e1628733297257.png\" alt=\"\">   Vista previa del Libro<\/p>\n<\/div><\/div>\n\n\n\n<div style=\"height:20px\" aria-hidden=\"true\" class=\"wp-block-spacer\"><\/div>\n\n\n\n<hr class=\"wp-block-separator has-css-opacity\"\/>\n\n\n\n<div class=\"wp-block-media-text alignwide is-stacked-on-mobile\" style=\"grid-template-columns:20% auto\"><figure class=\"wp-block-media-text__media\"><img loading=\"lazy\" decoding=\"async\" width=\"260\" height=\"341\" src=\"https:\/\/catalogo.spaciograficohn.com\/cat21_22\/wp-content\/uploads\/2023\/09\/Language3rd_260x341-260x341.jpg\" alt=\"\" class=\"wp-image-970 size-full\"\/><\/figure><div class=\"wp-block-media-text__content\">\n<p style=\"font-size:25px\">Language Art and Reading Book, 3rd grade.<\/p>\n\n\n\n<ul class=\"wp-block-list\">\n<li>Idioma: Espa\u00f1ol<\/li>\n<\/ul>\n\n\n\n<ul class=\"wp-block-list\">\n<li>Nivel: B\u00e1sico<\/li>\n<\/ul>\n\n\n\n<p>  <img decoding=\"async\" width=\"30\" height=\"30\" class=\"wp-image-113\" style=\"width: 30px;\" src=\"https:\/\/catalogo.spaciograficohn.com\/cat21_22\/wp-content\/uploads\/2021\/08\/icono_visualizacion-e1628733297257.png\" alt=\"\">   <a href=\"https:\/\/catalogo2020.spaciograficohn.com\/cat2020\/books2023\/LanguageArt\/03\/mobile\/index.html#p=1\" data-type=\"link\" data-id=\"https:\/\/catalogo2020.spaciograficohn.com\/cat2020\/books2023\/LanguageArt\/03\/mobile\/index.html#p=1\">Vista previa del Libro<\/a><\/p>\n<\/div><\/div>\n\n\n\n<div style=\"height:20px\" aria-hidden=\"true\" class=\"wp-block-spacer\"><\/div>\n\n\n\n<hr class=\"wp-block-separator has-css-opacity\"\/>\n\n\n\n<div class=\"wp-block-media-text alignwide is-stacked-on-mobile\" style=\"grid-template-columns:20% auto\"><figure class=\"wp-block-media-text__media\"><img loading=\"lazy\" decoding=\"async\" width=\"261\" height=\"343\" src=\"https:\/\/catalogo.spaciograficohn.com\/cat21_22\/wp-content\/uploads\/2023\/09\/Language4th_261x343-261x343.jpg\" alt=\"\" class=\"wp-image-971 size-full\"\/><\/figure><div class=\"wp-block-media-text__content\">\n<p style=\"font-size:25px\">Language Art and Reading Book, 4th grade.<\/p>\n\n\n\n<ul class=\"wp-block-list\">\n<li>Idioma: Ingl\u00e9s<\/li>\n<\/ul>\n\n\n\n<ul class=\"wp-block-list\">\n<li>Nivel: B\u00e1sico<\/li>\n<\/ul>\n\n\n\n<p>  <img decoding=\"async\" width=\"30\" height=\"30\" class=\"wp-image-113\" style=\"width: 30px;\" src=\"https:\/\/catalogo.spaciograficohn.com\/cat21_22\/wp-content\/uploads\/2021\/08\/icono_visualizacion-e1628733297257.png\" alt=\"\">   <a href=\"https:\/\/catalogo2020.spaciograficohn.com\/cat2020\/books2023\/LanguageArt\/04\/mobile\/index.html#p=1\">Vista previa del Libro<\/a><\/p>\n<\/div><\/div>\n\n\n\n<div style=\"height:20px\" aria-hidden=\"true\" class=\"wp-block-spacer\"><\/div>\n\n\n\n<hr class=\"wp-block-separator has-css-opacity\"\/>\n\n\n\n<div class=\"wp-block-media-text alignwide is-stacked-on-mobile\" style=\"grid-template-columns:20% auto\"><figure class=\"wp-block-media-text__media\"><img loading=\"lazy\" decoding=\"async\" width=\"261\" height=\"342\" src=\"https:\/\/catalogo.spaciograficohn.com\/cat21_22\/wp-content\/uploads\/2023\/09\/Language5th_261x342-261x342.jpg\" alt=\"\" class=\"wp-image-972 size-full\"\/><\/figure><div class=\"wp-block-media-text__content\">\n<p style=\"font-size:25px\">Language Art and Reading Book, 5th grade.<\/p>\n\n\n\n<ul class=\"wp-block-list\">\n<li>Idioma: Espa\u00f1ol<\/li>\n<\/ul>\n\n\n\n<ul class=\"wp-block-list\">\n<li>Nivel: B\u00e1sico<\/li>\n<\/ul>\n\n\n\n<p>  <img decoding=\"async\" width=\"30\" height=\"30\" class=\"wp-image-113\" style=\"width: 30px;\" src=\"https:\/\/catalogo.spaciograficohn.com\/cat21_22\/wp-content\/uploads\/2021\/08\/icono_visualizacion-e1628733297257.png\" alt=\"\">   <a href=\"https:\/\/catalogo2020.spaciograficohn.com\/cat2020\/books2023\/LanguageArt\/05\/mobile\/index.html#p=1\">Vista previa del Libro<\/a><\/p>\n<\/div><\/div>\n\n\n\n<div style=\"height:20px\" aria-hidden=\"true\" class=\"wp-block-spacer\"><\/div>\n\n\n\n<hr class=\"wp-block-separator has-css-opacity\"\/>\n\n\n\n<div class=\"wp-block-media-text alignwide is-stacked-on-mobile\" style=\"grid-template-columns:20% auto\"><figure class=\"wp-block-media-text__media\"><img loading=\"lazy\" decoding=\"async\" width=\"261\" height=\"341\" src=\"https:\/\/catalogo.spaciograficohn.com\/cat21_22\/wp-content\/uploads\/2023\/09\/Language6th_261x341-261x341.jpg\" alt=\"\" class=\"wp-image-973 size-full\"\/><\/figure><div class=\"wp-block-media-text__content\">\n<p style=\"font-size:25px\">Language Art and Reading Book, 6th grade.<\/p>\n\n\n\n<ul class=\"wp-block-list\">\n<li>Idioma: Ingl\u00e9s<\/li>\n<\/ul>\n\n\n\n<ul class=\"wp-block-list\">\n<li>Nivel: B\u00e1sico<\/li>\n<\/ul>\n\n\n\n<p>  <img decoding=\"async\" width=\"30\" height=\"30\" class=\"wp-image-113\" style=\"width: 30px;\" src=\"https:\/\/catalogo.spaciograficohn.com\/cat21_22\/wp-content\/uploads\/2021\/08\/icono_visualizacion-e1628733297257.png\" alt=\"\">   <a href=\"https:\/\/catalogo2020.spaciograficohn.com\/cat2020\/books2023\/LanguageArt\/06\/mobile\/index.html#p=1\">Vista previa del Libro<\/a><\/p>\n<\/div><\/div>\n\n\n\n<div style=\"height:20px\" aria-hidden=\"true\" class=\"wp-block-spacer\"><\/div>\n\n\n\n<hr class=\"wp-block-separator has-css-opacity\"\/>\n\n\n\n<div class=\"wp-block-media-text alignwide is-stacked-on-mobile\" style=\"grid-template-columns:20% auto\"><figure class=\"wp-block-media-text__media\"><img loading=\"lazy\" decoding=\"async\" width=\"261\" height=\"341\" src=\"https:\/\/catalogo.spaciograficohn.com\/cat21_22\/wp-content\/uploads\/2023\/09\/Language7th_261x341-261x341.jpg\" alt=\"\" class=\"wp-image-974 size-full\"\/><\/figure><div class=\"wp-block-media-text__content\">\n<p style=\"font-size:25px\">Language Art and Reading Book, 7th grade.<\/p>\n\n\n\n<ul class=\"wp-block-list\">\n<li>Idioma: Ingl\u00e9s<\/li>\n<\/ul>\n\n\n\n<ul class=\"wp-block-list\">\n<li>Nivel: B\u00e1sico<\/li>\n<\/ul>\n\n\n\n<p>  <img decoding=\"async\" width=\"30\" height=\"30\" class=\"wp-image-113\" style=\"width: 30px;\" src=\"https:\/\/catalogo.spaciograficohn.com\/cat21_22\/wp-content\/uploads\/2021\/08\/icono_visualizacion-e1628733297257.png\" alt=\"\">   <a href=\"https:\/\/catalogo2020.spaciograficohn.com\/cat2020\/books2023\/LanguageArt\/07\/mobile\/index.html#p=1\">Vista previa del Libro<\/a><\/p>\n<\/div><\/div>\n\n\n\n<div style=\"height:20px\" aria-hidden=\"true\" class=\"wp-block-spacer\"><\/div>\n\n\n\n<hr class=\"wp-block-separator has-css-opacity\"\/>\n\n\n\n<div class=\"wp-block-media-text alignwide is-stacked-on-mobile\" style=\"grid-template-columns:20% auto\"><figure class=\"wp-block-media-text__media\"><img loading=\"lazy\" decoding=\"async\" width=\"262\" height=\"342\" src=\"https:\/\/catalogo.spaciograficohn.com\/cat21_22\/wp-content\/uploads\/2023\/09\/Language8th_262x342-262x342.jpg\" alt=\"\" class=\"wp-image-975 size-full\"\/><\/figure><div class=\"wp-block-media-text__content\">\n<p style=\"font-size:25px\">Language Art and Reading Book, 8th grade.<\/p>\n\n\n\n<ul class=\"wp-block-list\">\n<li>Idioma: Ingl\u00e9s<\/li>\n<\/ul>\n\n\n\n<ul class=\"wp-block-list\">\n<li>Nivel: B\u00e1sico<\/li>\n<\/ul>\n\n\n\n<p>  <img decoding=\"async\" width=\"30\" height=\"30\" class=\"wp-image-113\" style=\"width: 30px;\" src=\"https:\/\/catalogo.spaciograficohn.com\/cat21_22\/wp-content\/uploads\/2021\/08\/icono_visualizacion-e1628733297257.png\" alt=\"\">   <a href=\"https:\/\/catalogo2020.spaciograficohn.com\/cat2020\/books2023\/LanguageArt\/08\/mobile\/index.html#p=1\">Vista previa del Libro<\/a><\/p>\n<\/div><\/div>\n\n\n\n<div style=\"height:20px\" aria-hidden=\"true\" class=\"wp-block-spacer\"><\/div>\n\n\n\n<hr class=\"wp-block-separator has-css-opacity\"\/>\n\n\n\n<div class=\"wp-block-media-text alignwide is-stacked-on-mobile\" style=\"grid-template-columns:20% auto\"><figure class=\"wp-block-media-text__media\"><img loading=\"lazy\" decoding=\"async\" width=\"261\" height=\"342\" src=\"https:\/\/catalogo.spaciograficohn.com\/cat21_22\/wp-content\/uploads\/2023\/09\/Language9th_261x342-261x342.jpg\" alt=\"\" class=\"wp-image-976 size-full\"\/><\/figure><div class=\"wp-block-media-text__content\">\n<p style=\"font-size:25px\">Language Art and Reading Book, 9th grade.<\/p>\n\n\n\n<ul class=\"wp-block-list\">\n<li>Idioma: Espa\u00f1ol<\/li>\n<\/ul>\n\n\n\n<ul class=\"wp-block-list\">\n<li>Nivel: B\u00e1sico<\/li>\n<\/ul>\n\n\n\n<p>  <img decoding=\"async\" width=\"30\" height=\"30\" class=\"wp-image-113\" style=\"width: 30px;\" src=\"https:\/\/catalogo.spaciograficohn.com\/cat21_22\/wp-content\/uploads\/2021\/08\/icono_visualizacion-e1628733297257.png\" alt=\"\">   <a href=\"https:\/\/catalogo2020.spaciograficohn.com\/cat2020\/books2023\/LanguageArt\/09\/mobile\/index.html#p=1\">Vista previa del Libro<\/a><\/p>\n<\/div><\/div>\n\n\n\n<div style=\"height:25px\" aria-hidden=\"true\" class=\"wp-block-spacer\"><\/div>\n\n\n\n<blockquote class=\"wp-block-quote is-layout-flow wp-block-quote-is-layout-flow\">\n<p class=\"has-background\" style=\"background-color:#cdcdcd\"><img loading=\"lazy\" decoding=\"async\" width=\"30\" height=\"30\" class=\"wp-image-516\" style=\"width: 30px;\" src=\"https:\/\/catalogo.spaciograficohn.com\/cat21_22\/wp-content\/uploads\/2021\/08\/recursoeducativosok.jpg_48x48.jpg\" alt=\"\"> Todos nuestros libros incluyen la&nbsp;<strong>GU\u00cdA DEL DOCENTE en forma digital<\/strong>, la cual puedes acceder desde el <strong>c\u00f3digo QR<\/strong> que aparece en su libro de texto, adem\u00e1s puede contar con la versi\u00f3n digital de los libros en nuestra Plataforma de Acompa\u00f1amiento.<\/p>\n<\/blockquote>\n\n\n\n<p><\/p>\n","protected":false},"excerpt":{"rendered":"<p>Tsikbal series communication to success.Language Arts and Reading Books designed according to national and international standards, based onsignificant learning and neurological development, stimulating short and long-term memory with the purpose of promoting local culture, values, reflection and effective communication through literary selections from famous international and honduran writers. Todos nuestros libros incluyen la&nbsp;GU\u00cdA DEL DOCENTE en forma digital, la cual puedes acceder desde el c\u00f3digo QR que aparece en su libro de texto, adem\u00e1s puede contar con la versi\u00f3n digital de los libros en nuestra Plataforma de Acompa\u00f1amiento.<\/p>\n","protected":false},"author":1,"featured_media":0,"parent":0,"menu_order":0,"comment_status":"closed","ping_status":"closed","template":"","meta":{"footnotes":""},"class_list":["post-966","page","type-page","status-publish"],"_links":{"self":[{"href":"https:\/\/catalogo.spaciograficohn.com\/cat21_22\/wp-json\/wp\/v2\/pages\/966","targetHints":{"allow":["GET"]}}],"collection":[{"href":"https:\/\/catalogo.spaciograficohn.com\/cat21_22\/wp-json\/wp\/v2\/pages"}],"about":[{"href":"https:\/\/catalogo.spaciograficohn.com\/cat21_22\/wp-json\/wp\/v2\/types\/page"}],"author":[{"embeddable":true,"href":"https:\/\/catalogo.spaciograficohn.com\/cat21_22\/wp-json\/wp\/v2\/users\/1"}],"replies":[{"embeddable":true,"href":"https:\/\/catalogo.spaciograficohn.com\/cat21_22\/wp-json\/wp\/v2\/comments?post=966"}],"version-history":[{"count":6,"href":"https:\/\/catalogo.spaciograficohn.com\/cat21_22\/wp-json\/wp\/v2\/pages\/966\/revisions"}],"predecessor-version":[{"id":1240,"href":"https:\/\/catalogo.spaciograficohn.com\/cat21_22\/wp-json\/wp\/v2\/pages\/966\/revisions\/1240"}],"wp:attachment":[{"href":"https:\/\/catalogo.spaciograficohn.com\/cat21_22\/wp-json\/wp\/v2\/media?parent=966"}],"curies":[{"name":"wp","href":"https:\/\/api.w.org\/{rel}","templated":true}]}}