{"id":789,"date":"2022-10-27T05:05:18","date_gmt":"2022-10-27T05:05:18","guid":{"rendered":"https:\/\/catalogo.spaciograficohn.com\/cat21_22\/?page_id=789"},"modified":"2024-10-11T20:11:38","modified_gmt":"2024-10-12T02:11:38","slug":"science","status":"publish","type":"page","link":"https:\/\/catalogo.spaciograficohn.com\/cat21_22\/science\/","title":{"rendered":"Science"},"content":{"rendered":"\n<p>La ense\u00f1anza de las ciencias en el nuevo milenio tiene el deber absoluto de preparar al hombre para la vida y esto se logra no solo brindando conocimientos, sino tambi\u00e9n desarrollando m\u00e9todos y estrategias de aprendizaje que permitan la b\u00fasqueda del conocimiento a partir de situaciones problem\u00e1ticas tomadas del entorno, donde se pueden apreciar las amplias posibilidades de aplicaci\u00f3n de la ciencia en la vida diaria. <\/p>\n\n\n\n<p>Nuestros libros se basan en el Curr\u00edculo Nacional de Educaci\u00f3n B\u00e1sica de Honduras, en las programaciones y est\u00e1ndares Educativos buscamos en todo momento resaltar las riquezas naturales de nuestro pa\u00eds HONDURAS.<\/p>\n\n\n\n<p class=\"has-background\" style=\"background-color:#cdcdcd\">Science teaching in the new millennium has the absolute duty to prepare man for life and this is achieved not only by providing knowledge, but also by developing learning methods and strategies that allow the search for knowledge from problematic situations taken from the environment, where you can appreciate the wide possibilities of applying science in daily life.<\/p>\n\n\n\n<p class=\"has-background\" style=\"background-color:#cdcdcd\">Our books are based on the National Curriculum of Basic Education of Honduras, in the programs and educational standards we seek at all times to highlight the natural riches of our country HONDURAS.<\/p>\n\n\n\n<p class=\"has-normal-font-size\">Para el \u00e1rea de Ciencias Naturales en Science de B\u00e1sica nuestra editorial ofrece los siguientes libros de texto.<\/p>\n\n\n\n<div class=\"wp-block-media-text alignwide is-stacked-on-mobile\" style=\"grid-template-columns:20% auto\"><figure class=\"wp-block-media-text__media\"><img fetchpriority=\"high\" decoding=\"async\" width=\"255\" height=\"330\" src=\"https:\/\/catalogo.spaciograficohn.com\/cat21_22\/wp-content\/uploads\/2022\/10\/Portadas-NAturales-Ingles-1_255x330-255x330.jpg\" alt=\"\" class=\"wp-image-801 size-full\"\/><\/figure><div class=\"wp-block-media-text__content\">\n<p style=\"font-size:25px\">Libro de Science, 1st grade.<\/p>\n\n\n\n<ul class=\"wp-block-list\">\n<li>Idioma: Ingl\u00e9s<\/li>\n<\/ul>\n\n\n\n<ul class=\"wp-block-list\">\n<li>Nivel: B\u00e1sico<\/li>\n<\/ul>\n\n\n\n<p><img decoding=\"async\" width=\"30\" height=\"30\" class=\"wp-image-113\" style=\"width: 30px;\" src=\"https:\/\/catalogo.spaciograficohn.com\/cat21_22\/wp-content\/uploads\/2021\/08\/icono_visualizacion-e1628733297257.png\" alt=\"\">  <a href=\"https:\/\/catalogo2020.spaciograficohn.com\/cat2020\/2basica\/12Science\/01\/mobile\/index.html#p=1\">Vista previa del Libro<\/a><\/p>\n<\/div><\/div>\n\n\n\n<div style=\"height:20px\" aria-hidden=\"true\" class=\"wp-block-spacer\"><\/div>\n\n\n\n<hr class=\"wp-block-separator has-css-opacity\"\/>\n\n\n\n<div class=\"wp-block-media-text alignwide is-stacked-on-mobile\" style=\"grid-template-columns:20% auto\"><figure class=\"wp-block-media-text__media\"><img decoding=\"async\" width=\"255\" height=\"330\" src=\"https:\/\/catalogo.spaciograficohn.com\/cat21_22\/wp-content\/uploads\/2022\/10\/Portadas-NAturales-Ingles-2_255x330-255x330.jpg\" alt=\"\" class=\"wp-image-802 size-full\"\/><\/figure><div class=\"wp-block-media-text__content\">\n<p style=\"font-size:25px\"> Libro de Science, 2nd grade. <\/p>\n\n\n\n<ul class=\"wp-block-list\">\n<li>Idioma: Ingl\u00e9s<\/li>\n<\/ul>\n\n\n\n<ul class=\"wp-block-list\">\n<li>Nivel: B\u00e1sico<\/li>\n<\/ul>\n\n\n\n<p>  <img decoding=\"async\" width=\"30\" height=\"30\" class=\"wp-image-113\" style=\"width: 30px;\" src=\"https:\/\/catalogo.spaciograficohn.com\/cat21_22\/wp-content\/uploads\/2021\/08\/icono_visualizacion-e1628733297257.png\" alt=\"\">   <a href=\"https:\/\/catalogo2020.spaciograficohn.com\/cat2020\/2basica\/12Science\/02\/mobile\/index.html#p=1\">Vista previa del Libro<\/a><\/p>\n<\/div><\/div>\n\n\n\n<div style=\"height:20px\" aria-hidden=\"true\" class=\"wp-block-spacer\"><\/div>\n\n\n\n<hr class=\"wp-block-separator has-css-opacity\"\/>\n\n\n\n<div class=\"wp-block-media-text alignwide is-stacked-on-mobile\" style=\"grid-template-columns:20% auto\"><figure class=\"wp-block-media-text__media\"><img loading=\"lazy\" decoding=\"async\" width=\"255\" height=\"330\" src=\"https:\/\/catalogo.spaciograficohn.com\/cat21_22\/wp-content\/uploads\/2022\/10\/Portadas-NAturales-Ingles-3_255x330-255x330.jpg\" alt=\"\" class=\"wp-image-803 size-full\"\/><\/figure><div class=\"wp-block-media-text__content\">\n<p style=\"font-size:25px\">  Libro de Science, 3rd grade.<\/p>\n\n\n\n<ul class=\"wp-block-list\">\n<li>Idioma: Espa\u00f1ol<\/li>\n<\/ul>\n\n\n\n<ul class=\"wp-block-list\">\n<li>Nivel: B\u00e1sico<\/li>\n<\/ul>\n\n\n\n<p>  <img decoding=\"async\" width=\"30\" height=\"30\" class=\"wp-image-113\" style=\"width: 30px;\" src=\"https:\/\/catalogo.spaciograficohn.com\/cat21_22\/wp-content\/uploads\/2021\/08\/icono_visualizacion-e1628733297257.png\" alt=\"\">   <a href=\"https:\/\/catalogo2020.spaciograficohn.com\/cat2020\/2basica\/14csocNew\/03\/mobile\/index.html#p=1\">Vista previa<\/a><a href=\"https:\/\/catalogo2020.spaciograficohn.com\/cat2020\/2basica\/12Science\/03\/mobile\/index.html#p=1\"> <\/a><a href=\"https:\/\/www.catalogo2020.spaciograficohn.com\/cat2020\/2basica\/1esp\/3epsbas\/mobile\/index.html#p=1\">del Libro<\/a><\/p>\n<\/div><\/div>\n\n\n\n<div style=\"height:20px\" aria-hidden=\"true\" class=\"wp-block-spacer\"><\/div>\n\n\n\n<hr class=\"wp-block-separator has-css-opacity\"\/>\n\n\n\n<div class=\"wp-block-media-text alignwide is-stacked-on-mobile\" style=\"grid-template-columns:20% auto\"><figure class=\"wp-block-media-text__media\"><img loading=\"lazy\" decoding=\"async\" width=\"255\" height=\"330\" src=\"https:\/\/catalogo.spaciograficohn.com\/cat21_22\/wp-content\/uploads\/2022\/10\/Portadas-NAturales-Ingles-4_255x330-255x330.jpg\" alt=\"\" class=\"wp-image-804 size-full\"\/><\/figure><div class=\"wp-block-media-text__content\">\n<p style=\"font-size:25px\">Libro de Science, 4th grade.<\/p>\n\n\n\n<ul class=\"wp-block-list\">\n<li>Idioma: Ingl\u00e9s<\/li>\n<\/ul>\n\n\n\n<ul class=\"wp-block-list\">\n<li>Nivel: B\u00e1sico<\/li>\n<\/ul>\n\n\n\n<p>  <img decoding=\"async\" width=\"30\" height=\"30\" class=\"wp-image-113\" style=\"width: 30px;\" src=\"https:\/\/catalogo.spaciograficohn.com\/cat21_22\/wp-content\/uploads\/2021\/08\/icono_visualizacion-e1628733297257.png\" alt=\"\">   <a href=\"https:\/\/catalogo2020.spaciograficohn.com\/cat2020\/2basica\/12Science\/04\/mobile\/index.html#p=1\">Vista previa del Libro<\/a><\/p>\n<\/div><\/div>\n\n\n\n<div style=\"height:20px\" aria-hidden=\"true\" class=\"wp-block-spacer\"><\/div>\n\n\n\n<hr class=\"wp-block-separator has-css-opacity\"\/>\n\n\n\n<div class=\"wp-block-media-text alignwide is-stacked-on-mobile\" style=\"grid-template-columns:20% auto\"><figure class=\"wp-block-media-text__media\"><img loading=\"lazy\" decoding=\"async\" width=\"255\" height=\"330\" src=\"https:\/\/catalogo.spaciograficohn.com\/cat21_22\/wp-content\/uploads\/2022\/10\/Portadas-NAturales-Ingles-5_255x330-255x330.jpg\" alt=\"\" class=\"wp-image-805 size-full\"\/><\/figure><div class=\"wp-block-media-text__content\">\n<p style=\"font-size:25px\">Libro de Science, 5th grade. <\/p>\n\n\n\n<ul class=\"wp-block-list\">\n<li>Idioma: Espa\u00f1ol<\/li>\n<\/ul>\n\n\n\n<ul class=\"wp-block-list\">\n<li>Nivel: B\u00e1sico<\/li>\n<\/ul>\n\n\n\n<p>  <img decoding=\"async\" width=\"30\" height=\"30\" class=\"wp-image-113\" style=\"width: 30px;\" src=\"https:\/\/catalogo.spaciograficohn.com\/cat21_22\/wp-content\/uploads\/2021\/08\/icono_visualizacion-e1628733297257.png\" alt=\"\">   <a href=\"https:\/\/catalogo2020.spaciograficohn.com\/cat2020\/2basica\/12Science\/05\/mobile\/index.html#p=1\">Vista previa del Libro<\/a><\/p>\n<\/div><\/div>\n\n\n\n<div style=\"height:20px\" aria-hidden=\"true\" class=\"wp-block-spacer\"><\/div>\n\n\n\n<hr class=\"wp-block-separator has-css-opacity\"\/>\n\n\n\n<div class=\"wp-block-media-text alignwide is-stacked-on-mobile\" style=\"grid-template-columns:20% auto\"><figure class=\"wp-block-media-text__media\"><img loading=\"lazy\" decoding=\"async\" width=\"255\" height=\"330\" src=\"https:\/\/catalogo.spaciograficohn.com\/cat21_22\/wp-content\/uploads\/2022\/10\/Portadas-NAturales-Ingles-6_255x330-255x330.jpg\" alt=\"\" class=\"wp-image-806 size-full\"\/><\/figure><div class=\"wp-block-media-text__content\">\n<p style=\"font-size:25px\">Libro de Science, 6th grade. <\/p>\n\n\n\n<ul class=\"wp-block-list\">\n<li>Idioma: Ingl\u00e9s<\/li>\n<\/ul>\n\n\n\n<ul class=\"wp-block-list\">\n<li>Nivel: B\u00e1sico<\/li>\n<\/ul>\n\n\n\n<p>  <img decoding=\"async\" width=\"30\" height=\"30\" class=\"wp-image-113\" style=\"width: 30px;\" src=\"https:\/\/catalogo.spaciograficohn.com\/cat21_22\/wp-content\/uploads\/2021\/08\/icono_visualizacion-e1628733297257.png\" alt=\"\">   <a href=\"https:\/\/catalogo2020.spaciograficohn.com\/cat2020\/2basica\/12Science\/06\/mobile\/index.html#p=1\">Vista previa del Libro<\/a><\/p>\n<\/div><\/div>\n\n\n\n<div style=\"height:20px\" aria-hidden=\"true\" class=\"wp-block-spacer\"><\/div>\n\n\n\n<hr class=\"wp-block-separator has-css-opacity\"\/>\n\n\n\n<div class=\"wp-block-media-text alignwide is-stacked-on-mobile\" style=\"grid-template-columns:20% auto\"><figure class=\"wp-block-media-text__media\"><img loading=\"lazy\" decoding=\"async\" width=\"255\" height=\"330\" src=\"https:\/\/catalogo.spaciograficohn.com\/cat21_22\/wp-content\/uploads\/2022\/10\/Portadas-NAturales-Ingles-7_255x330-255x330.jpg\" alt=\"\" class=\"wp-image-807 size-full\"\/><\/figure><div class=\"wp-block-media-text__content\">\n<p style=\"font-size:25px\">Libro de Science, 7th grade. <\/p>\n\n\n\n<ul class=\"wp-block-list\">\n<li>Idioma: Ingl\u00e9s<\/li>\n<\/ul>\n\n\n\n<ul class=\"wp-block-list\">\n<li>Nivel: B\u00e1sico<\/li>\n<\/ul>\n\n\n\n<p>  <img decoding=\"async\" width=\"30\" height=\"30\" class=\"wp-image-113\" style=\"width: 30px;\" src=\"https:\/\/catalogo.spaciograficohn.com\/cat21_22\/wp-content\/uploads\/2021\/08\/icono_visualizacion-e1628733297257.png\" alt=\"\">   <a href=\"https:\/\/catalogo2020.spaciograficohn.com\/cat2020\/2basica\/12Science\/07\/mobile\/index.html#p=1\">Vista previa del Libro<\/a><\/p>\n<\/div><\/div>\n\n\n\n<div style=\"height:20px\" aria-hidden=\"true\" class=\"wp-block-spacer\"><\/div>\n\n\n\n<hr class=\"wp-block-separator has-css-opacity\"\/>\n\n\n\n<div class=\"wp-block-media-text alignwide is-stacked-on-mobile\" style=\"grid-template-columns:20% auto\"><figure class=\"wp-block-media-text__media\"><img loading=\"lazy\" decoding=\"async\" width=\"255\" height=\"330\" src=\"https:\/\/catalogo.spaciograficohn.com\/cat21_22\/wp-content\/uploads\/2022\/10\/Portadas-NAturales-Ingles-8_255x330-255x330.jpg\" alt=\"\" class=\"wp-image-808 size-full\"\/><\/figure><div class=\"wp-block-media-text__content\">\n<p style=\"font-size:25px\">Libro de Science, 8th grade. <\/p>\n\n\n\n<ul class=\"wp-block-list\">\n<li>Idioma: Ingl\u00e9s<\/li>\n<\/ul>\n\n\n\n<ul class=\"wp-block-list\">\n<li>Nivel: B\u00e1sico<\/li>\n<\/ul>\n\n\n\n<p>  <img decoding=\"async\" width=\"30\" height=\"30\" class=\"wp-image-113\" style=\"width: 30px;\" src=\"https:\/\/catalogo.spaciograficohn.com\/cat21_22\/wp-content\/uploads\/2021\/08\/icono_visualizacion-e1628733297257.png\" alt=\"\">   <a href=\"https:\/\/catalogo2020.spaciograficohn.com\/cat2020\/2basica\/12Science\/08\/mobile\/index.html#p=1\">Vista previa del Libro<\/a><\/p>\n<\/div><\/div>\n\n\n\n<div style=\"height:20px\" aria-hidden=\"true\" class=\"wp-block-spacer\"><\/div>\n\n\n\n<hr class=\"wp-block-separator has-css-opacity\"\/>\n\n\n\n<div class=\"wp-block-media-text alignwide is-stacked-on-mobile\" style=\"grid-template-columns:20% auto\"><figure class=\"wp-block-media-text__media\"><img loading=\"lazy\" decoding=\"async\" width=\"255\" height=\"330\" src=\"https:\/\/catalogo.spaciograficohn.com\/cat21_22\/wp-content\/uploads\/2022\/10\/Portadas-NAturales-Ingles-9_255x330-255x330.jpg\" alt=\"\" class=\"wp-image-809 size-full\"\/><\/figure><div class=\"wp-block-media-text__content\">\n<p style=\"font-size:25px\">Libro de Science, 9th grade. <\/p>\n\n\n\n<ul class=\"wp-block-list\">\n<li>Idioma: Espa\u00f1ol<\/li>\n<\/ul>\n\n\n\n<ul class=\"wp-block-list\">\n<li>Nivel: B\u00e1sico<\/li>\n<\/ul>\n\n\n\n<p>  <img decoding=\"async\" width=\"30\" height=\"30\" class=\"wp-image-113\" style=\"width: 30px;\" src=\"https:\/\/catalogo.spaciograficohn.com\/cat21_22\/wp-content\/uploads\/2021\/08\/icono_visualizacion-e1628733297257.png\" alt=\"\">   <a href=\"https:\/\/catalogo2020.spaciograficohn.com\/cat2020\/2basica\/12Science\/09\/mobile\/index.html#p=1\">Vista previa del Libro<\/a><\/p>\n<\/div><\/div>\n\n\n\n<div style=\"height:25px\" aria-hidden=\"true\" class=\"wp-block-spacer\"><\/div>\n\n\n\n<blockquote class=\"wp-block-quote is-layout-flow wp-block-quote-is-layout-flow\">\n<p class=\"has-background\" style=\"background-color:#cdcdcd\"><img loading=\"lazy\" decoding=\"async\" width=\"30\" height=\"30\" class=\"wp-image-516\" style=\"width: 30px;\" src=\"https:\/\/catalogo.spaciograficohn.com\/cat21_22\/wp-content\/uploads\/2021\/08\/recursoeducativosok.jpg_48x48.jpg\" alt=\"\"> Todos nuestros libros incluyen la&nbsp;<strong>GU\u00cdA DEL DOCENTE en forma digital<\/strong>, la cual puedes acceder desde el <strong>c\u00f3digo QR<\/strong> que aparece en su libro de texto, adem\u00e1s puede contar con la versi\u00f3n digital de los libros en nuestra Plataforma de Acompa\u00f1amiento.<\/p>\n<\/blockquote>\n\n\n\n<p><\/p>\n","protected":false},"excerpt":{"rendered":"<p>La ense\u00f1anza de las ciencias en el nuevo milenio tiene el deber absoluto de preparar al hombre para la vida y esto se logra no solo brindando conocimientos, sino tambi\u00e9n desarrollando m\u00e9todos y estrategias de aprendizaje que permitan la b\u00fasqueda del conocimiento a partir de situaciones problem\u00e1ticas tomadas del entorno, donde se pueden apreciar las amplias posibilidades de aplicaci\u00f3n de la ciencia en la vida diaria. Nuestros libros se basan en el Curr\u00edculo Nacional de Educaci\u00f3n B\u00e1sica de Honduras, en las programaciones y est\u00e1ndares Educativos buscamos en todo momento resaltar las riquezas naturales de nuestro pa\u00eds HONDURAS. Science teaching in the new millennium has the absolute duty to prepare man for life and this is achieved not only by providing knowledge, but also by developing learning methods and strategies that allow the search for knowledge from problematic situations taken from the environment, where you can appreciate the wide possibilities of&hellip;<\/p>\n<p> <a class=\"more-link\" href=\"https:\/\/catalogo.spaciograficohn.com\/cat21_22\/science\/\">Leer m\u00e1s<\/a><\/p>\n","protected":false},"author":1,"featured_media":0,"parent":0,"menu_order":0,"comment_status":"closed","ping_status":"closed","template":"","meta":{"footnotes":""},"class_list":["post-789","page","type-page","status-publish"],"_links":{"self":[{"href":"https:\/\/catalogo.spaciograficohn.com\/cat21_22\/wp-json\/wp\/v2\/pages\/789","targetHints":{"allow":["GET"]}}],"collection":[{"href":"https:\/\/catalogo.spaciograficohn.com\/cat21_22\/wp-json\/wp\/v2\/pages"}],"about":[{"href":"https:\/\/catalogo.spaciograficohn.com\/cat21_22\/wp-json\/wp\/v2\/types\/page"}],"author":[{"embeddable":true,"href":"https:\/\/catalogo.spaciograficohn.com\/cat21_22\/wp-json\/wp\/v2\/users\/1"}],"replies":[{"embeddable":true,"href":"https:\/\/catalogo.spaciograficohn.com\/cat21_22\/wp-json\/wp\/v2\/comments?post=789"}],"version-history":[{"count":9,"href":"https:\/\/catalogo.spaciograficohn.com\/cat21_22\/wp-json\/wp\/v2\/pages\/789\/revisions"}],"predecessor-version":[{"id":1195,"href":"https:\/\/catalogo.spaciograficohn.com\/cat21_22\/wp-json\/wp\/v2\/pages\/789\/revisions\/1195"}],"wp:attachment":[{"href":"https:\/\/catalogo.spaciograficohn.com\/cat21_22\/wp-json\/wp\/v2\/media?parent=789"}],"curies":[{"name":"wp","href":"https:\/\/api.w.org\/{rel}","templated":true}]}}