{"id":616,"date":"2021-08-14T18:02:27","date_gmt":"2021-08-14T18:02:27","guid":{"rendered":"https:\/\/catalogo.spaciograficohn.com\/cat21_22\/?page_id=616"},"modified":"2021-11-25T03:27:29","modified_gmt":"2021-11-25T03:27:29","slug":"distribuidores","status":"publish","type":"page","link":"https:\/\/catalogo.spaciograficohn.com\/cat21_22\/distribuidores\/","title":{"rendered":"Distribuidores"},"content":{"rendered":"\n<p>Ediciones e Impresiones Spacio Gr\u00e1fico, cuenta con una amplia red de Colaboradores comerciales que ofrecen nuestro material educativo a lo largo y ancho del territorio nacional.<\/p>\n\n\n\n<div class=\"wp-block-image size-full\"><figure class=\"aligncenter is-resized\"><img fetchpriority=\"high\" decoding=\"async\" src=\"https:\/\/catalogo.spaciograficohn.com\/cat21_22\/wp-content\/uploads\/2021\/08\/m_hon_distribuidores.png\" alt=\"\" class=\"wp-image-725\" width=\"514\" height=\"299\" srcset=\"https:\/\/catalogo.spaciograficohn.com\/cat21_22\/wp-content\/uploads\/2021\/08\/m_hon_distribuidores.png 917w, https:\/\/catalogo.spaciograficohn.com\/cat21_22\/wp-content\/uploads\/2021\/08\/m_hon_distribuidores-768x446.png 768w\" sizes=\"(max-width: 514px) 100vw, 514px\" \/><\/figure><\/div>\n\n\n\n<div class=\"wp-block-media-text alignwide has-media-on-the-right is-stacked-on-mobile is-vertically-aligned-center\" style=\"grid-template-columns:auto 33%\"><figure class=\"wp-block-media-text__media\"><img decoding=\"async\" width=\"337\" height=\"133\" src=\"https:\/\/catalogo.spaciograficohn.com\/cat21_22\/wp-content\/uploads\/2021\/08\/dis1-337x133.png\" alt=\"\" class=\"wp-image-621 size-full\"\/><\/figure><div class=\"wp-block-media-text__content\">\n<p class=\"has-large-font-size\">Librer\u00eda LISER<\/p>\n\n\n\n<ul class=\"wp-block-list\"><li><strong>TIENDA PRINCIPAL:<\/strong> Barrio Guamilito, 2 Calle, 10 Avenida N.O. Plaza Cristal. San Pedro Sula. <a href=\"tel:25523675\">Tel. 2552-3675<\/a><\/li><li>Tienda Plaza Villa Rosa, Col. Country, Blvd Peraza, frente a Brasa Viva. SPS. <a href=\"tel:25660593\">Tel. 2566-0593<\/a><\/li><li>Tienda Choloma, Bo. El Banco, 1ra calle, 5ta avenida. Cortes. <a href=\"tel:94368393\">Tel. 9436-8393<\/a><\/li><li>Tienda La Ceiba, Mall Multiplaza, II Nivel. Atl\u00e1ntida. <a href=\"tel:94356962\">Tel. 9435-6962<\/a><\/li><li>Tienda Santa Rosa de Cop\u00e1n, Bo. Mercedes, frente a Foto Menjivar. Cop\u00e1n. <a href=\"tel:94524445\">Tel. 9452-4445<\/a><\/li><\/ul>\n<\/div><\/div>\n\n\n\n<div style=\"height:20px\" aria-hidden=\"true\" class=\"wp-block-spacer\"><\/div>\n\n\n\n<div class=\"wp-block-media-text alignwide is-stacked-on-mobile\" style=\"grid-template-columns:30% auto\"><figure class=\"wp-block-media-text__media\"><img decoding=\"async\" width=\"508\" height=\"225\" src=\"https:\/\/catalogo.spaciograficohn.com\/cat21_22\/wp-content\/uploads\/2021\/08\/dis2-508x225.jpg\" alt=\"\" class=\"wp-image-625 size-full\"\/><\/figure><div class=\"wp-block-media-text__content\">\n<p class=\"has-text-align-right has-large-font-size\">Almac\u00e9n El Ahorro<\/p>\n\n\n\n<ul class=\"wp-block-list\"><li><strong>TIENDA PRINCIPAL:<\/strong> Bo. El Centro, 6 y 7 calle, 3 Avenida S.O. San Pedro Sula. Cortes.<\/li><li><a href=\"tel:94974346\">Tel. 94974346<\/a> \/ <a href=\"tel:94452359\">94452359<\/a><\/li><\/ul>\n<\/div><\/div>\n\n\n\n<div style=\"height:20px\" aria-hidden=\"true\" class=\"wp-block-spacer\"><\/div>\n\n\n\n<div class=\"wp-block-media-text alignwide has-media-on-the-right is-stacked-on-mobile\" style=\"grid-template-columns:auto 42%\"><figure class=\"wp-block-media-text__media\"><img loading=\"lazy\" decoding=\"async\" width=\"882\" height=\"287\" src=\"https:\/\/catalogo.spaciograficohn.com\/cat21_22\/wp-content\/uploads\/2021\/08\/dis3-882x287.png\" alt=\"\" class=\"wp-image-629 size-full\" srcset=\"https:\/\/catalogo.spaciograficohn.com\/cat21_22\/wp-content\/uploads\/2021\/08\/dis3.png 882w, https:\/\/catalogo.spaciograficohn.com\/cat21_22\/wp-content\/uploads\/2021\/08\/dis3-768x249.png 768w\" sizes=\"(max-width: 882px) 100vw, 882px\" \/><\/figure><div class=\"wp-block-media-text__content\">\n<p class=\"has-large-font-size\">Almac\u00e9n El Estudiante<\/p>\n\n\n\n<ul class=\"wp-block-list\"><li><strong>TIENDA PRINCIPAL:<\/strong> Bo. El Centro, 7 y 8 calle, 3 Avenida S.O. San Pedro Sula. Cortes.<\/li><li><a href=\"tel:25571955\">Tel. 2557-1955<\/a><\/li><\/ul>\n<\/div><\/div>\n\n\n\n<div style=\"height:20px\" aria-hidden=\"true\" class=\"wp-block-spacer\"><\/div>\n\n\n\n<div class=\"wp-block-media-text alignwide is-stacked-on-mobile\" style=\"grid-template-columns:40% auto\"><figure class=\"wp-block-media-text__media\"><img loading=\"lazy\" decoding=\"async\" width=\"300\" height=\"188\" src=\"https:\/\/catalogo.spaciograficohn.com\/cat21_22\/wp-content\/uploads\/2021\/08\/dis4_2_300x188-300x188.png\" alt=\"\" class=\"wp-image-668 size-full\"\/><\/figure><div class=\"wp-block-media-text__content\">\n<p class=\"has-text-align-right has-large-font-size\">Librer\u00eda Fernando<\/p>\n\n\n\n<ul class=\"wp-block-list\"><li><strong>TIENDA PRINCIPAL: <\/strong>Barrio El Centro, 1\/2 cuadra al sur de la Catedral. Juticalpa. Olancho.<\/li><li><a href=\"tel:27852443\">Tel. 2785-2443<\/a> \/ <a href=\"tel:27852114\">2785-2114<\/a> \/ <a href=\"tel:27851253\">2785-1253<\/a><\/li><li>Mall Premier N\u00b05. <a href=\"tel:27853333\">Tel. 2785-3333<\/a><\/li><\/ul>\n<\/div><\/div>\n\n\n\n<div style=\"height:20px\" aria-hidden=\"true\" class=\"wp-block-spacer\"><\/div>\n\n\n\n<div class=\"wp-block-media-text alignwide has-media-on-the-right is-stacked-on-mobile\" style=\"grid-template-columns:auto 44%\"><figure class=\"wp-block-media-text__media\"><img loading=\"lazy\" decoding=\"async\" width=\"302\" height=\"120\" src=\"https:\/\/catalogo.spaciograficohn.com\/cat21_22\/wp-content\/uploads\/2021\/08\/dis5_302x120-302x120.png\" alt=\"\" class=\"wp-image-646 size-full\"\/><\/figure><div class=\"wp-block-media-text__content\">\n<p class=\"has-large-font-size\">Papeler\u00eda San Diego<\/p>\n\n\n\n<ul class=\"wp-block-list\"><li><strong>TIENDA PRINCIPAL: <\/strong>Barrio El Centro, contiguo a CADELGA. Choluteca.<\/li><li><a href=\"tel:94997522\">Tel. 9499-7522<\/a><\/li><\/ul>\n<\/div><\/div>\n\n\n\n<div style=\"height:20px\" aria-hidden=\"true\" class=\"wp-block-spacer\"><\/div>\n\n\n\n<div class=\"wp-block-media-text alignwide is-stacked-on-mobile\" style=\"grid-template-columns:40% auto\"><figure class=\"wp-block-media-text__media\"><img loading=\"lazy\" decoding=\"async\" width=\"301\" height=\"199\" src=\"https:\/\/catalogo.spaciograficohn.com\/cat21_22\/wp-content\/uploads\/2021\/08\/dis6_2_301x199-301x199.png\" alt=\"\" class=\"wp-image-652 size-full\"\/><\/figure><div class=\"wp-block-media-text__content\">\n<p class=\"has-text-align-right has-large-font-size\">Librer\u00eda Don Quijote<\/p>\n\n\n\n<ul class=\"wp-block-list\"><li><strong>TIENDA PRINCIPAL:<\/strong> 1 calle del Canal, frente al Parque Central, 1\/2 cuadra al Este de plaza San Sebasti\u00e1n. Danl\u00ed. El Para\u00edso.<\/li><li><a href=\"tel:96698466\">Tel. 9669-8466<\/a><\/li><\/ul>\n<\/div><\/div>\n\n\n\n<div style=\"height:20px\" aria-hidden=\"true\" class=\"wp-block-spacer\"><\/div>\n\n\n\n<div class=\"wp-block-media-text alignwide has-media-on-the-right is-stacked-on-mobile\" style=\"grid-template-columns:auto 42%\"><figure class=\"wp-block-media-text__media\"><img loading=\"lazy\" decoding=\"async\" width=\"302\" height=\"159\" src=\"https:\/\/catalogo.spaciograficohn.com\/cat21_22\/wp-content\/uploads\/2021\/08\/dis7_2_302x159-302x159.png\" alt=\"\" class=\"wp-image-655 size-full\"\/><\/figure><div class=\"wp-block-media-text__content\">\n<p class=\"has-large-font-size\">Librer\u00eda El Pasaje<\/p>\n\n\n\n<ul class=\"wp-block-list\"><li><strong>TIENDA PRINCIPAL:<\/strong> Pasaje Andara Flores, Comayagua.<\/li><li><a href=\"tel:27720510\">Tel. 2772-0510<\/a> \/ <a href=\"tel:31760123\">3176-0123<\/a><\/li><\/ul>\n<\/div><\/div>\n\n\n\n<div style=\"height:20px\" aria-hidden=\"true\" class=\"wp-block-spacer\"><\/div>\n\n\n\n<div class=\"wp-block-media-text alignwide is-stacked-on-mobile\" style=\"grid-template-columns:36% auto\"><figure class=\"wp-block-media-text__media\"><img loading=\"lazy\" decoding=\"async\" width=\"299\" height=\"178\" src=\"https:\/\/catalogo.spaciograficohn.com\/cat21_22\/wp-content\/uploads\/2021\/08\/dis8_2_299x178-299x178.png\" alt=\"\" class=\"wp-image-658 size-full\"\/><\/figure><div class=\"wp-block-media-text__content\">\n<p class=\"has-text-align-right has-large-font-size\">ABC School Supply<\/p>\n\n\n\n<ul class=\"wp-block-list\"><li><strong>TIENDA PRINCIPAL:<\/strong> Barrio Suyapa, 15 Avenida, 6 y 7 Calle S.O. San Pedro Sula. Cortes.<\/li><li><a href=\"tel:25161042\">Tel. 2516-1042<\/a><\/li><\/ul>\n<\/div><\/div>\n\n\n\n<div class=\"wp-block-media-text alignwide has-media-on-the-right is-stacked-on-mobile\" style=\"grid-template-columns:auto 36%\"><figure class=\"wp-block-media-text__media\"><img loading=\"lazy\" decoding=\"async\" width=\"1024\" height=\"1024\" src=\"https:\/\/catalogo.spaciograficohn.com\/cat21_22\/wp-content\/uploads\/2021\/11\/cultura-1-1024x1024.jpg\" alt=\"\" class=\"wp-image-738 size-full\" srcset=\"https:\/\/catalogo.spaciograficohn.com\/cat21_22\/wp-content\/uploads\/2021\/11\/cultura-1-1024x1024.jpg 1024w, https:\/\/catalogo.spaciograficohn.com\/cat21_22\/wp-content\/uploads\/2021\/11\/cultura-1-300x300.jpg 300w, https:\/\/catalogo.spaciograficohn.com\/cat21_22\/wp-content\/uploads\/2021\/11\/cultura-1-150x150.jpg 150w\" sizes=\"(max-width: 1024px) 100vw, 1024px\" \/><\/figure><div class=\"wp-block-media-text__content\">\n<p class=\"has-text-align-left has-large-font-size\">Librer\u00eda Cultura<\/p>\n\n\n\n<ul class=\"wp-block-list\"><li><strong>TIENDA PRINCIPAL:<\/strong> Barrio Guamilito 8 Avenida entre 1 y 2 calle N.O Contiguo a Optica Boyell 21102.<\/li><li><a href=\"tel:25161042\">Tel. <\/a><a href=\"tel: 504 2550-5750\" data-type=\"tel\" data-id=\"tel: 504 2550-5750\">2516-1042<\/a><\/li><\/ul>\n<\/div><\/div>\n\n\n\n<div class=\"wp-block-columns is-layout-flex wp-container-core-columns-is-layout-9d6595d7 wp-block-columns-is-layout-flex\">\n<div class=\"wp-block-column is-layout-flow wp-block-column-is-layout-flow\" style=\"flex-basis:66.66%\"><\/div>\n\n\n\n<div class=\"wp-block-column is-layout-flow wp-block-column-is-layout-flow\" style=\"flex-basis:33.33%\"><\/div>\n<\/div>\n\n\n\n<p><\/p>\n","protected":false},"excerpt":{"rendered":"<p>Ediciones e Impresiones Spacio Gr\u00e1fico, cuenta con una amplia red de Colaboradores comerciales que ofrecen nuestro material educativo a lo largo y ancho del territorio nacional. Librer\u00eda LISER TIENDA PRINCIPAL: Barrio Guamilito, 2 Calle, 10 Avenida N.O. Plaza Cristal. San Pedro Sula. Tel. 2552-3675 Tienda Plaza Villa Rosa, Col. Country, Blvd Peraza, frente a Brasa Viva. SPS. Tel. 2566-0593 Tienda Choloma, Bo. El Banco, 1ra calle, 5ta avenida. Cortes. Tel. 9436-8393 Tienda La Ceiba, Mall Multiplaza, II Nivel. Atl\u00e1ntida. Tel. 9435-6962 Tienda Santa Rosa de Cop\u00e1n, Bo. Mercedes, frente a Foto Menjivar. Cop\u00e1n. Tel. 9452-4445 Almac\u00e9n El Ahorro TIENDA PRINCIPAL: Bo. El Centro, 6 y 7 calle, 3 Avenida S.O. San Pedro Sula. Cortes. Tel. 94974346 \/ 94452359 Almac\u00e9n El Estudiante TIENDA PRINCIPAL: Bo. El Centro, 7 y 8 calle, 3 Avenida S.O. San Pedro Sula. Cortes. Tel. 2557-1955 Librer\u00eda Fernando TIENDA PRINCIPAL: Barrio El Centro, 1\/2 cuadra al sur&hellip;<\/p>\n<p> <a class=\"more-link\" href=\"https:\/\/catalogo.spaciograficohn.com\/cat21_22\/distribuidores\/\">Leer m\u00e1s<\/a><\/p>\n","protected":false},"author":1,"featured_media":0,"parent":0,"menu_order":0,"comment_status":"closed","ping_status":"closed","template":"","meta":{"footnotes":""},"class_list":["post-616","page","type-page","status-publish"],"_links":{"self":[{"href":"https:\/\/catalogo.spaciograficohn.com\/cat21_22\/wp-json\/wp\/v2\/pages\/616","targetHints":{"allow":["GET"]}}],"collection":[{"href":"https:\/\/catalogo.spaciograficohn.com\/cat21_22\/wp-json\/wp\/v2\/pages"}],"about":[{"href":"https:\/\/catalogo.spaciograficohn.com\/cat21_22\/wp-json\/wp\/v2\/types\/page"}],"author":[{"embeddable":true,"href":"https:\/\/catalogo.spaciograficohn.com\/cat21_22\/wp-json\/wp\/v2\/users\/1"}],"replies":[{"embeddable":true,"href":"https:\/\/catalogo.spaciograficohn.com\/cat21_22\/wp-json\/wp\/v2\/comments?post=616"}],"version-history":[{"count":36,"href":"https:\/\/catalogo.spaciograficohn.com\/cat21_22\/wp-json\/wp\/v2\/pages\/616\/revisions"}],"predecessor-version":[{"id":740,"href":"https:\/\/catalogo.spaciograficohn.com\/cat21_22\/wp-json\/wp\/v2\/pages\/616\/revisions\/740"}],"wp:attachment":[{"href":"https:\/\/catalogo.spaciograficohn.com\/cat21_22\/wp-json\/wp\/v2\/media?parent=616"}],"curies":[{"name":"wp","href":"https:\/\/api.w.org\/{rel}","templated":true}]}}