{"id":59,"date":"2021-08-11T19:42:35","date_gmt":"2021-08-11T19:42:35","guid":{"rendered":"https:\/\/catalogo.spaciograficohn.com\/cat21_22\/?page_id=59"},"modified":"2024-10-11T21:36:51","modified_gmt":"2024-10-12T03:36:51","slug":"bienvenidos-al-catalogo-21-22","status":"publish","type":"page","link":"https:\/\/catalogo.spaciograficohn.com\/cat21_22\/","title":{"rendered":"Spacio Gr\u00e1fico, Tu aliado en la Educaci\u00f3n"},"content":{"rendered":"\n<p>Somos la editorial l\u00edder en Honduras, ofreciendo libros de texto de alta calidad para todos los niveles educativos: preb\u00e1sica, b\u00e1sica y media.<\/p>\n\n\n\n<p>Como creadores de materiales educativos, nos enorgullecemos de ofrecer libros que van m\u00e1s all\u00e1 de lo tradicional. Nuestras nuevas publicaciones para el nivel de media incorporan las \u00faltimas tendencias pedag\u00f3gicas y tecnol\u00f3gicas, brindando a los estudiantes las herramientas necesarias para enfrentar los desaf\u00edos del futuro.<\/p>\n\n\n\n<p>Con Spacio Gr\u00e1fico, tienes acceso a un cat\u00e1logo completo de libros dise\u00f1ados para estimular la curiosidad y el pensamiento cr\u00edtico. Nuestras nuevas versiones para media ofrecen no solo los contenidos oficiales que la Secretar\u00eda de Educaci\u00f3n de la Rep\u00fablica de Honduras exige, sino que incorpora las nuevas tendencias pedag\u00f3gicas y tecnol\u00f3gicas, brindando a los estudiantes de nuestro pa\u00eds las herramientas necesarias para enfrentar los desaf\u00edos del futuro.<\/p>\n\n\n\n<p>Nuestro cat\u00e1logo est\u00e1 estructurado seg\u00fan los diferentes Niveles y \u00c1reas curriculares para una f\u00e1cil navegaci\u00f3n de los contenidos a ver.<\/p>\n\n\n\n<div class=\"wp-block-columns is-layout-flex wp-container-core-columns-is-layout-9d6595d7 wp-block-columns-is-layout-flex\">\n<div class=\"wp-block-column is-layout-flow wp-block-column-is-layout-flow\" style=\"flex-basis:33.33%\">\n<figure class=\"wp-block-gallery has-nested-images columns-default is-cropped wp-block-gallery-1 is-layout-flex wp-block-gallery-is-layout-flex\">\n<figure class=\"wp-block-image size-large\"><img fetchpriority=\"high\" decoding=\"async\" width=\"2749\" height=\"1579\" data-id=\"819\" src=\"https:\/\/catalogo.spaciograficohn.com\/cat21_22\/wp-content\/uploads\/2022\/10\/Logo_Lema2022.png\" alt=\"\" class=\"wp-image-819\" srcset=\"https:\/\/catalogo.spaciograficohn.com\/cat21_22\/wp-content\/uploads\/2022\/10\/Logo_Lema2022.png 2749w, https:\/\/catalogo.spaciograficohn.com\/cat21_22\/wp-content\/uploads\/2022\/10\/Logo_Lema2022-300x172.png 300w, https:\/\/catalogo.spaciograficohn.com\/cat21_22\/wp-content\/uploads\/2022\/10\/Logo_Lema2022-1024x588.png 1024w, https:\/\/catalogo.spaciograficohn.com\/cat21_22\/wp-content\/uploads\/2022\/10\/Logo_Lema2022-768x441.png 768w, https:\/\/catalogo.spaciograficohn.com\/cat21_22\/wp-content\/uploads\/2022\/10\/Logo_Lema2022-1536x882.png 1536w, https:\/\/catalogo.spaciograficohn.com\/cat21_22\/wp-content\/uploads\/2022\/10\/Logo_Lema2022-2048x1176.png 2048w\" sizes=\"(max-width: 2749px) 100vw, 2749px\" \/><\/figure>\n<\/figure>\n<\/div>\n\n\n\n<div class=\"wp-block-column is-layout-flow wp-block-column-is-layout-flow\" style=\"flex-basis:66.66%\">\n<p>Nuestro lema: \u00ab<strong>DE LA MANO CON HONDURAS POR UNA EDUCACI\u00d3N DE CALIDAD<\/strong>\u00ab, es un hecho demostrado a lo largo de los ajustes y adaptaciones de nuestros productos y servicios en todos estos a\u00f1os.<\/p>\n<\/div>\n<\/div>\n\n\n\n<p class=\"has-text-align-center\" style=\"font-size:23px;text-transform:uppercase\"><strong>\u00a1Explora nuestro cat\u00e1logo y descubre por qu\u00e9 somos la elecci\u00f3n preferida de miles de educadores en Honduras!<\/strong><\/p>\n\n\n\n<h2 class=\"wp-block-heading\"><img decoding=\"async\" width=\"100\" height=\"52\" class=\"wp-image-597\" style=\"width: 100px;\" src=\"https:\/\/catalogo.spaciograficohn.com\/cat21_22\/wp-content\/uploads\/2021\/08\/pluma_168x88.png\" alt=\"\">La Gerencia<\/h2>\n\n\n\n<p><\/p>\n","protected":false},"excerpt":{"rendered":"<p>Somos la editorial l\u00edder en Honduras, ofreciendo libros de texto de alta calidad para todos los niveles educativos: preb\u00e1sica, b\u00e1sica y media. Como creadores de materiales educativos, nos enorgullecemos de ofrecer libros que van m\u00e1s all\u00e1 de lo tradicional. Nuestras nuevas publicaciones para el nivel de media incorporan las \u00faltimas tendencias pedag\u00f3gicas y tecnol\u00f3gicas, brindando a los estudiantes las herramientas necesarias para enfrentar los desaf\u00edos del futuro. Con Spacio Gr\u00e1fico, tienes acceso a un cat\u00e1logo completo de libros dise\u00f1ados para estimular la curiosidad y el pensamiento cr\u00edtico. Nuestras nuevas versiones para media ofrecen no solo los contenidos oficiales que la Secretar\u00eda de Educaci\u00f3n de la Rep\u00fablica de Honduras exige, sino que incorpora las nuevas tendencias pedag\u00f3gicas y tecnol\u00f3gicas, brindando a los estudiantes de nuestro pa\u00eds las herramientas necesarias para enfrentar los desaf\u00edos del futuro. Nuestro cat\u00e1logo est\u00e1 estructurado seg\u00fan los diferentes Niveles y \u00c1reas curriculares para una f\u00e1cil navegaci\u00f3n de&hellip;<\/p>\n<p> <a class=\"more-link\" href=\"https:\/\/catalogo.spaciograficohn.com\/cat21_22\/\">Leer m\u00e1s<\/a><\/p>\n","protected":false},"author":1,"featured_media":0,"parent":0,"menu_order":0,"comment_status":"closed","ping_status":"closed","template":"","meta":{"footnotes":""},"class_list":["post-59","page","type-page","status-publish"],"_links":{"self":[{"href":"https:\/\/catalogo.spaciograficohn.com\/cat21_22\/wp-json\/wp\/v2\/pages\/59","targetHints":{"allow":["GET"]}}],"collection":[{"href":"https:\/\/catalogo.spaciograficohn.com\/cat21_22\/wp-json\/wp\/v2\/pages"}],"about":[{"href":"https:\/\/catalogo.spaciograficohn.com\/cat21_22\/wp-json\/wp\/v2\/types\/page"}],"author":[{"embeddable":true,"href":"https:\/\/catalogo.spaciograficohn.com\/cat21_22\/wp-json\/wp\/v2\/users\/1"}],"replies":[{"embeddable":true,"href":"https:\/\/catalogo.spaciograficohn.com\/cat21_22\/wp-json\/wp\/v2\/comments?post=59"}],"version-history":[{"count":20,"href":"https:\/\/catalogo.spaciograficohn.com\/cat21_22\/wp-json\/wp\/v2\/pages\/59\/revisions"}],"predecessor-version":[{"id":1218,"href":"https:\/\/catalogo.spaciograficohn.com\/cat21_22\/wp-json\/wp\/v2\/pages\/59\/revisions\/1218"}],"wp:attachment":[{"href":"https:\/\/catalogo.spaciograficohn.com\/cat21_22\/wp-json\/wp\/v2\/media?parent=59"}],"curies":[{"name":"wp","href":"https:\/\/api.w.org\/{rel}","templated":true}]}}