{"id":542,"date":"2021-08-13T14:13:56","date_gmt":"2021-08-13T14:13:56","guid":{"rendered":"https:\/\/catalogo.spaciograficohn.com\/cat21_22\/?page_id=542"},"modified":"2024-10-11T19:40:35","modified_gmt":"2024-10-12T01:40:35","slug":"literatura","status":"publish","type":"page","link":"https:\/\/catalogo.spaciograficohn.com\/cat21_22\/literatura\/","title":{"rendered":"Literatura"},"content":{"rendered":"\n<p class=\"has-text-align-left has-normal-font-size\">Nuestra editorial con el fin de inculcar el sano h\u00e1bito de la buena lectura a nuestros educandos, contamos con una serie de libros, que en su mayor\u00eda son de autores hondure\u00f1os.<\/p>\n\n\n<div class=\"n2-section-smartslider fitvidsignore  n2_clear\" data-ssid=\"8\"><div id=\"n2-ss-8-align\" class=\"n2-ss-align\"><div class=\"n2-padding\"><div id=\"n2-ss-8\" data-creator=\"Smart Slider 3\" data-responsive=\"auto\" class=\"n2-ss-slider n2-ow n2-has-hover n2notransition  \"><div class=\"n2-ss-slider-wrapper-outside\" style=\"grid-template-rows:1fr auto\">\n        <div class=\"n2-ss-slider-1 n2-ow\">\n            <div class=\"n2-ss-slider-2 n2-ow\">\n                <div class=\"n2-ss-slide-backgrounds n2-ow-all\"><div class=\"n2-ss-slide-background\" data-public-id=\"1\" data-mode=\"fit\"><div class=\"n2-ss-slide-background-image\" data-blur=\"0\" data-opacity=\"100\" data-x=\"50\" data-y=\"50\" data-alt=\"\" data-title=\"\"><picture class=\"skip-lazy\" data-skip-lazy=\"1\"><img decoding=\"async\" src=\"\/\/catalogo.spaciograficohn.com\/cat21_22\/wp-content\/uploads\/2022\/11\/imagen_2022-11-08_222424829.png\" alt=\"\" title=\"\" loading=\"lazy\" class=\"skip-lazy\" data-skip-lazy=\"1\"><\/picture><\/div><div data-color=\"RGBA(255,255,255,0)\" style=\"background-color: RGBA(255,255,255,0);\" class=\"n2-ss-slide-background-color\"><\/div><\/div><\/div>                <div class=\"n2-ss-slider-3 n2-ow\">\n                    <svg xmlns=\"http:\/\/www.w3.org\/2000\/svg\" viewBox=\"0 0 1200 600\" data-related-device=\"desktopPortrait\" class=\"n2-ow n2-ss-preserve-size n2-ss-preserve-size--slider n2-ss-slide-limiter\"><\/svg><div data-first=\"1\" data-slide-duration=\"0\" data-id=\"48\" data-slide-public-id=\"1\" data-title=\"imagen_2022-11-08_222424829\" class=\"n2-ss-slide n2-ow  n2-ss-slide-48\"><div role=\"note\" class=\"n2-ss-slide--focus\" tabindex=\"-1\">imagen_2022-11-08_222424829<\/div><div class=\"n2-ss-layers-container n2-ss-slide-limiter n2-ow\"><div class=\"n2-ss-layer n2-ow n-uc-TsChXckwUbZ7\" data-sstype=\"slide\" data-pm=\"default\"><\/div><\/div><\/div>                <\/div>\n                            <\/div>\n        <\/div>\n        <div class=\"n2-ss-slider-controls n2-ss-slider-controls-below\"><div class=\"n2-ss-widget nextend-shadow n2-ow-all\" data-hide-mobileportrait=\"1\"><img loading=\"lazy\" decoding=\"async\" width=\"1120\" height=\"50\" style=\"display: block; width:100%;max-width:none;\" class=\"nextend-shadow-image skip-lazy\" loading=\"lazy\" data-skip-lazy=\"1\" src=\"https:\/\/catalogo.spaciograficohn.com\/cat21_22\/wp-content\/plugins\/smart-slider-3\/Public\/SmartSlider3\/Widget\/Shadow\/ShadowImage\/Assets\/shadow\/dark.png\" alt=\"Shadow\"><\/div><\/div><\/div><\/div><ss3-loader><\/ss3-loader><\/div><\/div><div class=\"n2_clear\"><\/div><\/div>\n\n\n<p class=\"has-normal-font-size\">Nuestros libros son:<\/p>\n\n\n\n<div class=\"wp-block-media-text alignwide is-stacked-on-mobile\" style=\"grid-template-columns:20% auto\"><figure class=\"wp-block-media-text__media\"><img fetchpriority=\"high\" decoding=\"async\" width=\"231\" height=\"353\" src=\"https:\/\/catalogo.spaciograficohn.com\/cat21_22\/wp-content\/uploads\/2021\/08\/solo_un_nino_1_231x353-231x353.jpg\" alt=\"\" class=\"wp-image-557 size-full\"\/><\/figure><div class=\"wp-block-media-text__content\">\n<p style=\"font-size:25px\">S\u00f3lo soy un Ni\u00f1o<\/p>\n\n\n\n<ul class=\"wp-block-list\">\n<li>Autor: Blanca Ondina Gamero<\/li>\n<\/ul>\n\n\n\n<ul class=\"wp-block-list\">\n<li>Idioma: Espa\u00f1ol<\/li>\n<\/ul>\n\n\n\n<blockquote class=\"wp-block-quote is-layout-flow wp-block-quote-is-layout-flow\">\n<p>Una historia donde se conjugan el dolor y la desesperaci\u00f3n. El drama de una madre y su peque\u00f1o hijo, qui\u00e9n sufre las consecuencias de sus malas decisiones. Sin embargo, al final se impondr\u00e1 la justicia divina donde prevalecer\u00e1 el amor.<\/p>\n<\/blockquote>\n<\/div><\/div>\n\n\n\n<div style=\"height:20px\" aria-hidden=\"true\" class=\"wp-block-spacer\"><\/div>\n\n\n\n<hr class=\"wp-block-separator has-css-opacity\"\/>\n\n\n\n<div class=\"wp-block-media-text alignwide is-stacked-on-mobile\" style=\"grid-template-columns:20% auto\"><figure class=\"wp-block-media-text__media\"><img decoding=\"async\" width=\"228\" height=\"356\" src=\"https:\/\/catalogo.spaciograficohn.com\/cat21_22\/wp-content\/uploads\/2021\/08\/ericonda_1_228x356-228x356.jpg\" alt=\"\" class=\"wp-image-561 size-full\"\/><\/figure><div class=\"wp-block-media-text__content\">\n<p style=\"font-size:25px\">Persiguiendo el sue\u00f1o de Erickonda<\/p>\n\n\n\n<ul class=\"wp-block-list\">\n<li>Autor: Blanca Ondina Gamero<\/li>\n<\/ul>\n\n\n\n<ul class=\"wp-block-list\">\n<li>Idioma: Espa\u00f1ol<\/li>\n<\/ul>\n\n\n\n<blockquote class=\"wp-block-quote is-layout-flow wp-block-quote-is-layout-flow\">\n<p>Una historia con un mensaje claro, donde un sue\u00f1o y la vida real se anteponen, pero si hay voluntad, las utop\u00edas se pueden realizar.<\/p>\n<\/blockquote>\n<\/div><\/div>\n\n\n\n<div style=\"height:20px\" aria-hidden=\"true\" class=\"wp-block-spacer\"><\/div>\n\n\n\n<hr class=\"wp-block-separator has-css-opacity\"\/>\n\n\n\n<div class=\"wp-block-media-text alignwide is-stacked-on-mobile\" style=\"grid-template-columns:20% auto\"><figure class=\"wp-block-media-text__media\"><img decoding=\"async\" width=\"189\" height=\"316\" src=\"https:\/\/catalogo.spaciograficohn.com\/cat21_22\/wp-content\/uploads\/2021\/08\/principito_1_189x316-189x316.jpg\" alt=\"\" class=\"wp-image-567 size-full\"\/><\/figure><div class=\"wp-block-media-text__content\">\n<p style=\"font-size:25px\">El Principito<\/p>\n\n\n\n<ul class=\"wp-block-list\">\n<li>Autor: Antonio de Saint-Exup\u00e9ry<\/li>\n<\/ul>\n\n\n\n<ul class=\"wp-block-list\">\n<li>Idioma: Espa\u00f1ol<\/li>\n<\/ul>\n\n\n\n<blockquote class=\"wp-block-quote is-layout-flow wp-block-quote-is-layout-flow\">\n<p>Es una narraci\u00f3n corta del escritor franc\u00e9s&nbsp;<strong>Antoine de Saint-Exup\u00e9ry<\/strong>, que trata de la historia de un peque\u00f1o pr\u00edncipe que parte de su asteroide a una traves\u00eda por el universo, en la cual descubre la extra\u00f1a forma en que los adultos ven la vida y comprende el valor del amor y la amistad.<\/p>\n<\/blockquote>\n<\/div><\/div>\n\n\n\n<div style=\"height:20px\" aria-hidden=\"true\" class=\"wp-block-spacer\"><\/div>\n\n\n\n<hr class=\"wp-block-separator has-css-opacity\"\/>\n\n\n\n<div class=\"wp-block-media-text alignwide is-stacked-on-mobile\" style=\"grid-template-columns:20% auto\"><figure class=\"wp-block-media-text__media\"><img loading=\"lazy\" decoding=\"async\" width=\"242\" height=\"371\" src=\"https:\/\/catalogo.spaciograficohn.com\/cat21_22\/wp-content\/uploads\/2021\/08\/tom_sawyer_1_242x371-242x371.jpg\" alt=\"\" class=\"wp-image-575 size-full\"\/><\/figure><div class=\"wp-block-media-text__content\">\n<p style=\"font-size:25px\">Las aventuras de Tom Sawyer<\/p>\n\n\n\n<ul class=\"wp-block-list\">\n<li>Autor: Mark Twain<\/li>\n<\/ul>\n\n\n\n<ul class=\"wp-block-list\">\n<li>Idioma: Espa\u00f1ol<\/li>\n<\/ul>\n\n\n\n<blockquote class=\"wp-block-quote is-layout-flow wp-block-quote-is-layout-flow\">\n<p>Con gran estilo, el autor entreteje diferentes episodios para convertirlos en un todo: Tom hace que los ni\u00f1os pinten la cerca que le asignaron pintar a \u00e9l, visita su propia tumba, con su amiga Becky investiga una misteriosa cueva y con Huckleberry corren varias veces el riesgo de morir: estas son las aventuras m\u00e1s conocidas del joven h\u00e9roe.<\/p>\n<\/blockquote>\n<\/div><\/div>\n\n\n\n<div style=\"height:20px\" aria-hidden=\"true\" class=\"wp-block-spacer\"><\/div>\n\n\n\n<hr class=\"wp-block-separator has-css-opacity\"\/>\n\n\n\n<div class=\"wp-block-media-text alignwide is-stacked-on-mobile\" style=\"grid-template-columns:20% auto\"><figure class=\"wp-block-media-text__media\"><img loading=\"lazy\" decoding=\"async\" width=\"231\" height=\"359\" src=\"https:\/\/catalogo.spaciograficohn.com\/cat21_22\/wp-content\/uploads\/2021\/08\/tras_la_huella_del_estudiante_1_231x359-231x359.jpg\" alt=\"\" class=\"wp-image-578 size-full\"\/><\/figure><div class=\"wp-block-media-text__content\">\n<p style=\"font-size:25px\">Tras las huellas del Estudiante<\/p>\n\n\n\n<ul class=\"wp-block-list\">\n<li>Autor: Blanca Ondina Gamero<\/li>\n<\/ul>\n\n\n\n<ul class=\"wp-block-list\">\n<li>Idioma: Espa\u00f1ol<\/li>\n<\/ul>\n\n\n\n<blockquote class=\"wp-block-quote is-layout-flow wp-block-quote-is-layout-flow\">\n<p>En esta obra, la autora transmite una serie de principios y valores que ser\u00e1n de mucho beneficio a los padres, en la formaci\u00f3n del car\u00e1cter de sus hijos.<\/p>\n<\/blockquote>\n<\/div><\/div>\n\n\n\n<hr class=\"wp-block-separator has-css-opacity\"\/>\n\n\n\n<div style=\"height:20px\" aria-hidden=\"true\" class=\"wp-block-spacer\"><\/div>\n","protected":false},"excerpt":{"rendered":"<p>Nuestra editorial con el fin de inculcar el sano h\u00e1bito de la buena lectura a nuestros educandos, contamos con una serie de libros, que en su mayor\u00eda son de autores hondure\u00f1os. Nuestros libros son:<\/p>\n","protected":false},"author":1,"featured_media":0,"parent":0,"menu_order":0,"comment_status":"closed","ping_status":"closed","template":"","meta":{"footnotes":""},"class_list":["post-542","page","type-page","status-publish"],"_links":{"self":[{"href":"https:\/\/catalogo.spaciograficohn.com\/cat21_22\/wp-json\/wp\/v2\/pages\/542","targetHints":{"allow":["GET"]}}],"collection":[{"href":"https:\/\/catalogo.spaciograficohn.com\/cat21_22\/wp-json\/wp\/v2\/pages"}],"about":[{"href":"https:\/\/catalogo.spaciograficohn.com\/cat21_22\/wp-json\/wp\/v2\/types\/page"}],"author":[{"embeddable":true,"href":"https:\/\/catalogo.spaciograficohn.com\/cat21_22\/wp-json\/wp\/v2\/users\/1"}],"replies":[{"embeddable":true,"href":"https:\/\/catalogo.spaciograficohn.com\/cat21_22\/wp-json\/wp\/v2\/comments?post=542"}],"version-history":[{"count":14,"href":"https:\/\/catalogo.spaciograficohn.com\/cat21_22\/wp-json\/wp\/v2\/pages\/542\/revisions"}],"predecessor-version":[{"id":1177,"href":"https:\/\/catalogo.spaciograficohn.com\/cat21_22\/wp-json\/wp\/v2\/pages\/542\/revisions\/1177"}],"wp:attachment":[{"href":"https:\/\/catalogo.spaciograficohn.com\/cat21_22\/wp-json\/wp\/v2\/media?parent=542"}],"curies":[{"name":"wp","href":"https:\/\/api.w.org\/{rel}","templated":true}]}}