{"id":485,"date":"2021-08-13T05:56:29","date_gmt":"2021-08-13T05:56:29","guid":{"rendered":"https:\/\/catalogo.spaciograficohn.com\/cat21_22\/?page_id=485"},"modified":"2024-10-11T20:35:44","modified_gmt":"2024-10-12T02:35:44","slug":"media-area-de-orientacion","status":"publish","type":"page","link":"https:\/\/catalogo.spaciograficohn.com\/cat21_22\/media-area-de-orientacion\/","title":{"rendered":"Media &#8211; \u00c1rea de Orientaci\u00f3n"},"content":{"rendered":"\n<p class=\"has-text-align-left has-normal-font-size\">Nuestros libros del <strong>\u00c1rea de Orientaci\u00f3n en el Nivel Medio<\/strong>, procuramos de poner en conocimiento de los educandos de las exigencias acad\u00e9micas de los distintos campos cient\u00edficos y ocupacionales que existen en Honduras a fin que ellos puedan seleccionar el \u00e1rea de su inter\u00e9s para la continuaci\u00f3n de estudios en el nivel de la educaci\u00f3n superior.<\/p>\n\n\n\n<p>Todo lo contenido en los libros de texto, son fortalecidos en el \u00e1mbito digital por medio de nuestra plataforma de acompa\u00f1amiento, por medio del cual se obtiene acceso al libro en formato digital.<\/p>\n\n\n\n<p class=\"has-normal-font-size\">Para el \u00e1rea de Tecnolog\u00eda de Media nuestra editorial ofrece los siguientes libros de texto.<\/p>\n\n\n\n<div class=\"wp-block-media-text alignwide is-stacked-on-mobile\" style=\"grid-template-columns:20% auto\"><figure class=\"wp-block-media-text__media\"><img decoding=\"async\" src=\"https:\/\/catalogo.spaciograficohn.com\/cat21_22\/wp-content\/uploads\/2024\/10\/Fundamentos-de-Psicologia-746x971.jpg\" alt=\"\" class=\"wp-image-1115 size-full\"\/><\/figure><div class=\"wp-block-media-text__content\">\n<p style=\"font-size:25px\">Libro de Fundamentos de Psicolog\u00eda 10mo<\/p>\n\n\n\n<ul class=\"wp-block-list\">\n<li>Materia: Psicolog\u00eda<\/li>\n\n\n\n<li>Nivel: Medio<\/li>\n\n\n\n<li>Modalidad: BCH \/ BTP<\/li>\n\n\n\n<li>Idioma: Espa\u00f1ol<\/li>\n<\/ul>\n\n\n\n<p><img decoding=\"async\" width=\"30\" height=\"30\" class=\"wp-image-113\" style=\"width: 30px;\" src=\"https:\/\/catalogo.spaciograficohn.com\/cat21_22\/wp-content\/uploads\/2021\/08\/icono_visualizacion-e1628733297257.png\" alt=\"\"> <a href=\"https:\/\/www.catalogo2020.spaciograficohn.com\/cat2020\/books_2024\/FundaPsicologia\/mobile\/index.html#p=1\" target=\"_blank\" rel=\"noreferrer noopener\">Vista previa del Libro<\/a> <\/p>\n<\/div><\/div>\n\n\n\n<div style=\"height:20px\" aria-hidden=\"true\" class=\"wp-block-spacer\"><\/div>\n\n\n\n<hr class=\"wp-block-separator has-css-opacity\"\/>\n\n\n\n<div class=\"wp-block-media-text alignwide is-stacked-on-mobile\" style=\"grid-template-columns:20% auto\"><figure class=\"wp-block-media-text__media\"><img fetchpriority=\"high\" decoding=\"async\" width=\"284\" height=\"380\" src=\"https:\/\/catalogo.spaciograficohn.com\/cat21_22\/wp-content\/uploads\/2021\/08\/2-OrientacionProfesional_11mo_1_284x380-284x380.jpg\" alt=\"\" class=\"wp-image-488 size-full\"\/><\/figure><div class=\"wp-block-media-text__content\">\n<p style=\"font-size:25px\"> Libro de Orientaci\u00f3n Profesional 11mo <\/p>\n\n\n\n<ul class=\"wp-block-list\">\n<li>Materia:\n<ul class=\"wp-block-list\">\n<li>Orientaci\u00f3n Profesional<\/li>\n\n\n\n<li>\u00c9tica Profesional<\/li>\n<\/ul>\n<\/li>\n\n\n\n<li>Nivel: Medio<\/li>\n\n\n\n<li>Modalidad: BCH<\/li>\n\n\n\n<li>Idioma: Espa\u00f1ol<\/li>\n<\/ul>\n\n\n\n<p>  <img decoding=\"async\" width=\"30\" height=\"30\" class=\"wp-image-113\" style=\"width: 30px;\" src=\"https:\/\/catalogo.spaciograficohn.com\/cat21_22\/wp-content\/uploads\/2021\/08\/icono_visualizacion-e1628733297257.png\" alt=\"\">   <a rel=\"noreferrer noopener\" href=\"https:\/\/www.catalogo2020.spaciograficohn.com\/cat2020\/3media\/4orien\/11%20Orientacion%20Profesional\/mobile\/index.html#p=1\" target=\"_blank\">Vista previa del Libro<\/a> (Orientaci\u00f3n Profesional)<\/p>\n\n\n\n<p>  <img decoding=\"async\" width=\"30\" height=\"30\" class=\"wp-image-113\" style=\"width: 30px;\" src=\"https:\/\/catalogo.spaciograficohn.com\/cat21_22\/wp-content\/uploads\/2021\/08\/icono_visualizacion-e1628733297257.png\" alt=\"\">   <a rel=\"noreferrer noopener\" href=\"https:\/\/www.catalogo2020.spaciograficohn.com\/cat2020\/3media\/4orien\/11%20Etica%20Profesional\/mobile\/index.html#p=1\" target=\"_blank\">Vista previa del Libro<\/a> (\u00c9tica Profesional)<\/p>\n<\/div><\/div>\n\n\n\n<div style=\"height:20px\" aria-hidden=\"true\" class=\"wp-block-spacer\"><\/div>\n\n\n\n<hr class=\"wp-block-separator has-css-opacity\"\/>\n\n\n\n<div class=\"wp-block-media-text alignwide is-stacked-on-mobile\" style=\"grid-template-columns:20% auto\"><figure class=\"wp-block-media-text__media\"><img decoding=\"async\" width=\"291\" height=\"371\" src=\"https:\/\/catalogo.spaciograficohn.com\/cat21_22\/wp-content\/uploads\/2021\/08\/3-Organizacion-del-Trabajo_291x371-291x371.jpeg\" alt=\"\" class=\"wp-image-491 size-full\"\/><\/figure><div class=\"wp-block-media-text__content\">\n<p style=\"font-size:25px\"> Libro de Organizaci\u00f3n del Trabajo <\/p>\n\n\n\n<ul class=\"wp-block-list\">\n<li>Grado: Und\u00e9cimo<\/li>\n\n\n\n<li>Nivel: Medio<\/li>\n\n\n\n<li>Modalidad: BTP<\/li>\n\n\n\n<li>Idioma: Espa\u00f1ol<\/li>\n<\/ul>\n\n\n\n<p>  <img decoding=\"async\" width=\"30\" height=\"30\" class=\"wp-image-113\" style=\"width: 30px;\" src=\"https:\/\/catalogo.spaciograficohn.com\/cat21_22\/wp-content\/uploads\/2021\/08\/icono_visualizacion-e1628733297257.png\" alt=\"\">   <a href=\"https:\/\/www.catalogo2020.spaciograficohn.com\/cat2020\/3media\/4orien\/3organiza11mo\/mobile\/index.html#p=1\" target=\"_blank\" rel=\"noreferrer noopener\">Vista previa del Libro<\/a><\/p>\n<\/div><\/div>\n\n\n\n<div style=\"height:20px\" aria-hidden=\"true\" class=\"wp-block-spacer\"><\/div>\n\n\n\n<hr class=\"wp-block-separator has-css-opacity\"\/>\n\n\n\n<div class=\"wp-block-media-text alignwide is-stacked-on-mobile\" style=\"grid-template-columns:20% auto\"><figure class=\"wp-block-media-text__media\"><img loading=\"lazy\" decoding=\"async\" width=\"291\" height=\"371\" src=\"https:\/\/catalogo.spaciograficohn.com\/cat21_22\/wp-content\/uploads\/2021\/08\/4-Orientacion-Profesional_291x371-291x371.jpeg\" alt=\"\" class=\"wp-image-494 size-full\"\/><\/figure><div class=\"wp-block-media-text__content\">\n<p style=\"font-size:25px\"> Libro de Orientaci\u00f3n Profesional (BTP)<\/p>\n\n\n\n<ul class=\"wp-block-list\">\n<li>Grado: Und\u00e9cimo<\/li>\n\n\n\n<li>Nivel: Medio<\/li>\n\n\n\n<li>Modalidad: BTP<\/li>\n\n\n\n<li>Idioma: Espa\u00f1ol<\/li>\n<\/ul>\n\n\n\n<p>  <img decoding=\"async\" width=\"30\" height=\"30\" class=\"wp-image-113\" style=\"width: 30px;\" src=\"https:\/\/catalogo.spaciograficohn.com\/cat21_22\/wp-content\/uploads\/2021\/08\/icono_visualizacion-e1628733297257.png\" alt=\"\">   <a href=\"https:\/\/www.catalogo2020.spaciograficohn.com\/cat2020\/3media\/4orien\/4orientaprof11mo\/mobile\/index.html#p=1\" target=\"_blank\" rel=\"noreferrer noopener\">Vista previa del Libro<\/a><\/p>\n<\/div><\/div>\n\n\n\n<div style=\"height:25px\" aria-hidden=\"true\" class=\"wp-block-spacer\"><\/div>\n\n\n\n<blockquote class=\"wp-block-quote is-layout-flow wp-block-quote-is-layout-flow\">\n<p class=\"has-background\" style=\"background-color:#cdcdcd\"><img loading=\"lazy\" decoding=\"async\" width=\"30\" height=\"30\" class=\"wp-image-516\" style=\"width: 30px;\" src=\"https:\/\/catalogo.spaciograficohn.com\/cat21_22\/wp-content\/uploads\/2021\/08\/recursoeducativosok.jpg_48x48.jpg\" alt=\"\"> Todos nuestros libros incluyen la&nbsp;<strong>GU\u00cdA DEL DOCENTE en forma digital<\/strong>, la cual puedes acceder desde el <strong>c\u00f3digo QR<\/strong> que aparece en su libro de texto, adem\u00e1s puede contar con la versi\u00f3n digital de los libros en nuestra Plataforma de Acompa\u00f1amiento.<\/p>\n<\/blockquote>\n","protected":false},"excerpt":{"rendered":"<p>Nuestros libros del \u00c1rea de Orientaci\u00f3n en el Nivel Medio, procuramos de poner en conocimiento de los educandos de las exigencias acad\u00e9micas de los distintos campos cient\u00edficos y ocupacionales que existen en Honduras a fin que ellos puedan seleccionar el \u00e1rea de su inter\u00e9s para la continuaci\u00f3n de estudios en el nivel de la educaci\u00f3n superior. Todo lo contenido en los libros de texto, son fortalecidos en el \u00e1mbito digital por medio de nuestra plataforma de acompa\u00f1amiento, por medio del cual se obtiene acceso al libro en formato digital. Para el \u00e1rea de Tecnolog\u00eda de Media nuestra editorial ofrece los siguientes libros de texto. Todos nuestros libros incluyen la&nbsp;GU\u00cdA DEL DOCENTE en forma digital, la cual puedes acceder desde el c\u00f3digo QR que aparece en su libro de texto, adem\u00e1s puede contar con la versi\u00f3n digital de los libros en nuestra Plataforma de Acompa\u00f1amiento.<\/p>\n","protected":false},"author":1,"featured_media":0,"parent":0,"menu_order":0,"comment_status":"closed","ping_status":"closed","template":"","meta":{"footnotes":""},"class_list":["post-485","page","type-page","status-publish"],"_links":{"self":[{"href":"https:\/\/catalogo.spaciograficohn.com\/cat21_22\/wp-json\/wp\/v2\/pages\/485","targetHints":{"allow":["GET"]}}],"collection":[{"href":"https:\/\/catalogo.spaciograficohn.com\/cat21_22\/wp-json\/wp\/v2\/pages"}],"about":[{"href":"https:\/\/catalogo.spaciograficohn.com\/cat21_22\/wp-json\/wp\/v2\/types\/page"}],"author":[{"embeddable":true,"href":"https:\/\/catalogo.spaciograficohn.com\/cat21_22\/wp-json\/wp\/v2\/users\/1"}],"replies":[{"embeddable":true,"href":"https:\/\/catalogo.spaciograficohn.com\/cat21_22\/wp-json\/wp\/v2\/comments?post=485"}],"version-history":[{"count":17,"href":"https:\/\/catalogo.spaciograficohn.com\/cat21_22\/wp-json\/wp\/v2\/pages\/485\/revisions"}],"predecessor-version":[{"id":1212,"href":"https:\/\/catalogo.spaciograficohn.com\/cat21_22\/wp-json\/wp\/v2\/pages\/485\/revisions\/1212"}],"wp:attachment":[{"href":"https:\/\/catalogo.spaciograficohn.com\/cat21_22\/wp-json\/wp\/v2\/media?parent=485"}],"curies":[{"name":"wp","href":"https:\/\/api.w.org\/{rel}","templated":true}]}}