{"id":445,"date":"2021-08-13T04:50:17","date_gmt":"2021-08-13T04:50:17","guid":{"rendered":"https:\/\/catalogo.spaciograficohn.com\/cat21_22\/?page_id=445"},"modified":"2024-10-11T20:30:45","modified_gmt":"2024-10-12T02:30:45","slug":"media-area-de-ciencias-naturales","status":"publish","type":"page","link":"https:\/\/catalogo.spaciograficohn.com\/cat21_22\/media-area-de-ciencias-naturales\/","title":{"rendered":"Media &#8211; \u00c1rea de Ciencias Naturales"},"content":{"rendered":"\n<p class=\"has-text-align-left has-normal-font-size\">Nuestros libros del <strong>\u00c1rea de Ciencias Naturales en el Nivel Medio<\/strong>, orienta los contenidos para la formaci\u00f3n de una concepci\u00f3n cient\u00edfica del universo revelando la existencia de la materia, su composici\u00f3n y movimiento, la belleza y coherencia de los fen\u00f3menos naturales y de las leyes que los rigen, la diversidad de formas de vida, las funciones y los procesos de interrelaci\u00f3n.<\/p>\n\n\n\n<p>Los libros de nuestra editorial prepara a los educandos para el an\u00e1lisis cr\u00edtico de los avances cient\u00edficos y tecnol\u00f3gicos, su aplicaci\u00f3n en la soluci\u00f3n de problemas de la vida diaria y su relaci\u00f3n con el desarrollo en materia de salud, seguridad alimentaria, reproducci\u00f3n de las especies y de manera especial, la amenaza y consecuencia del uso irracional de los recursos naturales.<\/p>\n\n\n\n<p>Todo lo contenido en los libros de texto, son fortalecidos en el \u00e1mbito digital por medio de nuestra plataforma de acompa\u00f1amiento, por medio del cual se obtiene acceso al libro en formato digital.<\/p>\n\n\n\n<p class=\"has-normal-font-size\">Para el \u00e1rea de Ciencias Naturales de Media nuestra editorial ofrece los siguientes libros de texto.<\/p>\n\n\n\n<div class=\"wp-block-media-text alignwide is-stacked-on-mobile\" style=\"grid-template-columns:20% auto\"><figure class=\"wp-block-media-text__media\"><img fetchpriority=\"high\" decoding=\"async\" width=\"288\" height=\"380\" src=\"https:\/\/catalogo.spaciograficohn.com\/cat21_22\/wp-content\/uploads\/2021\/08\/5-Fisica_10mo_1_288x380-288x380.jpg\" alt=\"\" class=\"wp-image-448 size-full\"\/><\/figure><div class=\"wp-block-media-text__content\">\n<p style=\"font-size:25px\">Libro de F\u00edsica I y II<\/p>\n\n\n\n<ul class=\"wp-block-list\">\n<li>Grado: D\u00e9cimo<\/li>\n\n\n\n<li>Nivel: Medio<\/li>\n\n\n\n<li>Modalidad: BCH \/ BTP<\/li>\n\n\n\n<li>Idioma: Espa\u00f1ol<\/li>\n<\/ul>\n\n\n\n<p><img decoding=\"async\" width=\"30\" height=\"30\" class=\"wp-image-113\" style=\"width: 30px;\" src=\"https:\/\/catalogo.spaciograficohn.com\/cat21_22\/wp-content\/uploads\/2021\/08\/icono_visualizacion-e1628733297257.png\" alt=\"\">  <a href=\"https:\/\/www.catalogo2020.spaciograficohn.com\/cat2020\/3media\/3cnatu\/6fisica10mo\/mobile\/index.html#p=1\" target=\"_blank\" rel=\"noreferrer noopener\">Vista previa del Libro<\/a><\/p>\n<\/div><\/div>\n\n\n\n<div style=\"height:20px\" aria-hidden=\"true\" class=\"wp-block-spacer\"><\/div>\n\n\n\n<hr class=\"wp-block-separator has-css-opacity\"\/>\n\n\n\n<div class=\"wp-block-media-text alignwide is-stacked-on-mobile\" style=\"grid-template-columns:20% auto\"><figure class=\"wp-block-media-text__media\"><img decoding=\"async\" width=\"285\" height=\"380\" src=\"https:\/\/catalogo.spaciograficohn.com\/cat21_22\/wp-content\/uploads\/2021\/08\/3-Quimica_10mo_1_285x380-285x380.jpg\" alt=\"\" class=\"wp-image-449 size-full\"\/><\/figure><div class=\"wp-block-media-text__content\">\n<p style=\"font-size:25px\"> Libro de Qu\u00edmica I y II<\/p>\n\n\n\n<ul class=\"wp-block-list\">\n<li>Grado: D\u00e9cimo<\/li>\n\n\n\n<li>Nivel: Medio<\/li>\n\n\n\n<li>Modalidad: BCH \/ BTP<\/li>\n\n\n\n<li>Idioma: Espa\u00f1ol<\/li>\n<\/ul>\n\n\n\n<p>  <img decoding=\"async\" width=\"30\" height=\"30\" class=\"wp-image-113\" style=\"width: 30px;\" src=\"https:\/\/catalogo.spaciograficohn.com\/cat21_22\/wp-content\/uploads\/2021\/08\/icono_visualizacion-e1628733297257.png\" alt=\"\">   <a href=\"https:\/\/www.catalogo2020.spaciograficohn.com\/cat2020\/3media\/3cnatu\/3quimica10mo\/mobile\/index.html#p=1\" target=\"_blank\" rel=\"noreferrer noopener\">Vista previa del Libro<\/a><\/p>\n<\/div><\/div>\n\n\n\n<div style=\"height:20px\" aria-hidden=\"true\" class=\"wp-block-spacer\"><\/div>\n\n\n\n<hr class=\"wp-block-separator has-css-opacity\"\/>\n\n\n\n<div class=\"wp-block-media-text alignwide is-stacked-on-mobile\" style=\"grid-template-columns:20% auto\"><figure class=\"wp-block-media-text__media\"><img decoding=\"async\" src=\"https:\/\/catalogo.spaciograficohn.com\/cat21_22\/wp-content\/uploads\/2024\/10\/Biolo_10mo-704x875.jpg\" alt=\"\" class=\"wp-image-1102 size-full\"\/><\/figure><div class=\"wp-block-media-text__content\">\n<p style=\"font-size:25px\">Libro de Biolog\u00eda de 10mo grado <\/p>\n\n\n\n<ul class=\"wp-block-list\">\n<li>Grado: D\u00e9cimo<\/li>\n\n\n\n<li>Materia: Biolog\u00eda<\/li>\n\n\n\n<li>Nivel: Medio<\/li>\n\n\n\n<li>Modalidad: BCH \/ BTP<\/li>\n\n\n\n<li>Idioma: Espa\u00f1ol<\/li>\n<\/ul>\n\n\n\n<p><img decoding=\"async\" width=\"30\" height=\"30\" class=\"wp-image-113\" style=\"width: 30px;\" src=\"https:\/\/catalogo.spaciograficohn.com\/cat21_22\/wp-content\/uploads\/2021\/08\/icono_visualizacion-e1628733297257.png\" alt=\"\"> <a href=\"https:\/\/www.catalogo2020.spaciograficohn.com\/cat2020\/books_2024\/biolo10\/mobile\/index.html#p=1\" target=\"_blank\" rel=\"noreferrer noopener\">Vista previa del Libro<\/a><\/p>\n<\/div><\/div>\n\n\n\n<div style=\"height:20px\" aria-hidden=\"true\" class=\"wp-block-spacer\"><\/div>\n\n\n\n<hr class=\"wp-block-separator has-css-opacity\"\/>\n\n\n\n<div class=\"wp-block-media-text alignwide is-stacked-on-mobile\" style=\"grid-template-columns:20% auto\"><figure class=\"wp-block-media-text__media\"><img loading=\"lazy\" decoding=\"async\" width=\"288\" height=\"380\" src=\"https:\/\/catalogo.spaciograficohn.com\/cat21_22\/wp-content\/uploads\/2021\/08\/6-Fisica_11mo_1_288x380-288x380.jpg\" alt=\"\" class=\"wp-image-452 size-full\"\/><\/figure><div class=\"wp-block-media-text__content\">\n<p style=\"font-size:25px\"> Libro de F\u00edsica III y IV <\/p>\n\n\n\n<ul class=\"wp-block-list\">\n<li><span style=\"color: initial;\">Grado: Und\u00e9cimo<\/span><\/li>\n\n\n\n<li>Nivel: Medio<\/li>\n\n\n\n<li>Modalidad: BCH<\/li>\n\n\n\n<li>Idioma: Espa\u00f1ol<\/li>\n<\/ul>\n\n\n\n<p>  <img decoding=\"async\" width=\"30\" height=\"30\" class=\"wp-image-113\" style=\"width: 30px;\" src=\"https:\/\/catalogo.spaciograficohn.com\/cat21_22\/wp-content\/uploads\/2021\/08\/icono_visualizacion-e1628733297257.png\" alt=\"\">   <a href=\"https:\/\/www.catalogo2020.spaciograficohn.com\/cat2020\/3media\/3cnatu\/5fisica11mo\/mobile\/index.html#p=1\" target=\"_blank\" rel=\"noreferrer noopener\">Vista previa del Libro<\/a><\/p>\n<\/div><\/div>\n\n\n\n<div style=\"height:20px\" aria-hidden=\"true\" class=\"wp-block-spacer\"><\/div>\n\n\n\n<hr class=\"wp-block-separator has-css-opacity\"\/>\n\n\n\n<div class=\"wp-block-media-text alignwide is-stacked-on-mobile\" style=\"grid-template-columns:20% auto\"><figure class=\"wp-block-media-text__media\"><img loading=\"lazy\" decoding=\"async\" width=\"285\" height=\"380\" src=\"https:\/\/catalogo.spaciograficohn.com\/cat21_22\/wp-content\/uploads\/2021\/08\/4-Quimica_11mo_1_285x380-285x380.jpg\" alt=\"\" class=\"wp-image-454 size-full\"\/><\/figure><div class=\"wp-block-media-text__content\">\n<p style=\"font-size:25px\"> Libro de Qu\u00edmica III <\/p>\n\n\n\n<ul class=\"wp-block-list\">\n<li>Grado: Und\u00e9cimo<\/li>\n\n\n\n<li>Nivel: Medio<\/li>\n\n\n\n<li>Modalidad: BCH \/ BTP<\/li>\n\n\n\n<li>Idioma: Espa\u00f1ol<\/li>\n<\/ul>\n\n\n\n<p>  <img decoding=\"async\" width=\"30\" height=\"30\" class=\"wp-image-113\" style=\"width: 30px;\" src=\"https:\/\/catalogo.spaciograficohn.com\/cat21_22\/wp-content\/uploads\/2021\/08\/icono_visualizacion-e1628733297257.png\" alt=\"\">   <a href=\"https:\/\/www.catalogo2020.spaciograficohn.com\/cat2020\/3media\/3cnatu\/4quimica11mo\/mobile\/index.html#p=1\" target=\"_blank\" rel=\"noreferrer noopener\">Vista previa del Libro<\/a><\/p>\n<\/div><\/div>\n\n\n\n<div style=\"height:20px\" aria-hidden=\"true\" class=\"wp-block-spacer\"><\/div>\n\n\n\n<hr class=\"wp-block-separator has-css-opacity\"\/>\n\n\n\n<div class=\"wp-block-media-text alignwide is-stacked-on-mobile\" style=\"grid-template-columns:20% auto\"><figure class=\"wp-block-media-text__media\"><img decoding=\"async\" src=\"https:\/\/catalogo.spaciograficohn.com\/cat21_22\/wp-content\/uploads\/2024\/10\/Biolo_11mo-666x876.jpg\" alt=\"\" class=\"wp-image-1103 size-full\"\/><\/figure><div class=\"wp-block-media-text__content\">\n<p style=\"font-size:25px\">Libro de Biolog\u00eda 11mo <\/p>\n\n\n\n<ul class=\"wp-block-list\">\n<li>Materia:\n\n\n\n\n\n\n\n\n\n\n\n\n<ul class=\"wp-block-list\">\n<li>Biolog\u00eda Humana<\/li>\n<\/ul>\n\n\n\n<ul class=\"wp-block-list\">\n<li>Dise\u00f1o de Proyectos Cient\u00edficos<\/li>\n\n\n\n<li>Educaci\u00f3n Ambiental<\/li>\n<\/ul>\n<\/li>\n\n\n\n<li>Modalidad: BCH<\/li>\n\n\n\n<li>Idioma: Espa\u00f1ol<\/li>\n<\/ul>\n\n\n\n<p><img decoding=\"async\" width=\"30\" height=\"30\" class=\"wp-image-113\" style=\"width: 30px;\" src=\"https:\/\/catalogo.spaciograficohn.com\/cat21_22\/wp-content\/uploads\/2021\/08\/icono_visualizacion-e1628733297257.png\" alt=\"\"> <a href=\"https:\/\/www.catalogo2020.spaciograficohn.com\/cat2020\/books_2024\/biolo11\/mobile\/index.html#p=1\" target=\"_blank\" rel=\"noreferrer noopener\">Vista previa del Libro<\/a><\/p>\n<\/div><\/div>\n\n\n\n<div style=\"height:25px\" aria-hidden=\"true\" class=\"wp-block-spacer\"><\/div>\n\n\n\n<blockquote class=\"wp-block-quote is-layout-flow wp-block-quote-is-layout-flow\">\n<p class=\"has-background\" style=\"background-color:#cdcdcd\"><img loading=\"lazy\" decoding=\"async\" width=\"30\" height=\"30\" class=\"wp-image-516\" style=\"width: 30px;\" src=\"https:\/\/catalogo.spaciograficohn.com\/cat21_22\/wp-content\/uploads\/2021\/08\/recursoeducativosok.jpg_48x48.jpg\" alt=\"\"> Todos nuestros libros incluyen la&nbsp;<strong>GU\u00cdA DEL DOCENTE en forma digital<\/strong>, la cual puedes acceder desde el <strong>c\u00f3digo QR<\/strong> que aparece en su libro de texto, adem\u00e1s puede contar con la versi\u00f3n digital de los libros en nuestra Plataforma de Acompa\u00f1amiento.<\/p>\n<\/blockquote>\n\n\n\n<p><\/p>\n","protected":false},"excerpt":{"rendered":"<p>Nuestros libros del \u00c1rea de Ciencias Naturales en el Nivel Medio, orienta los contenidos para la formaci\u00f3n de una concepci\u00f3n cient\u00edfica del universo revelando la existencia de la materia, su composici\u00f3n y movimiento, la belleza y coherencia de los fen\u00f3menos naturales y de las leyes que los rigen, la diversidad de formas de vida, las funciones y los procesos de interrelaci\u00f3n. Los libros de nuestra editorial prepara a los educandos para el an\u00e1lisis cr\u00edtico de los avances cient\u00edficos y tecnol\u00f3gicos, su aplicaci\u00f3n en la soluci\u00f3n de problemas de la vida diaria y su relaci\u00f3n con el desarrollo en materia de salud, seguridad alimentaria, reproducci\u00f3n de las especies y de manera especial, la amenaza y consecuencia del uso irracional de los recursos naturales. Todo lo contenido en los libros de texto, son fortalecidos en el \u00e1mbito digital por medio de nuestra plataforma de acompa\u00f1amiento, por medio del cual se obtiene acceso&hellip;<\/p>\n<p> <a class=\"more-link\" href=\"https:\/\/catalogo.spaciograficohn.com\/cat21_22\/media-area-de-ciencias-naturales\/\">Leer m\u00e1s<\/a><\/p>\n","protected":false},"author":1,"featured_media":0,"parent":0,"menu_order":0,"comment_status":"closed","ping_status":"closed","template":"","meta":{"footnotes":""},"class_list":["post-445","page","type-page","status-publish"],"_links":{"self":[{"href":"https:\/\/catalogo.spaciograficohn.com\/cat21_22\/wp-json\/wp\/v2\/pages\/445","targetHints":{"allow":["GET"]}}],"collection":[{"href":"https:\/\/catalogo.spaciograficohn.com\/cat21_22\/wp-json\/wp\/v2\/pages"}],"about":[{"href":"https:\/\/catalogo.spaciograficohn.com\/cat21_22\/wp-json\/wp\/v2\/types\/page"}],"author":[{"embeddable":true,"href":"https:\/\/catalogo.spaciograficohn.com\/cat21_22\/wp-json\/wp\/v2\/users\/1"}],"replies":[{"embeddable":true,"href":"https:\/\/catalogo.spaciograficohn.com\/cat21_22\/wp-json\/wp\/v2\/comments?post=445"}],"version-history":[{"count":19,"href":"https:\/\/catalogo.spaciograficohn.com\/cat21_22\/wp-json\/wp\/v2\/pages\/445\/revisions"}],"predecessor-version":[{"id":1209,"href":"https:\/\/catalogo.spaciograficohn.com\/cat21_22\/wp-json\/wp\/v2\/pages\/445\/revisions\/1209"}],"wp:attachment":[{"href":"https:\/\/catalogo.spaciograficohn.com\/cat21_22\/wp-json\/wp\/v2\/media?parent=445"}],"curies":[{"name":"wp","href":"https:\/\/api.w.org\/{rel}","templated":true}]}}