{"id":428,"date":"2021-08-13T04:15:50","date_gmt":"2021-08-13T04:15:50","guid":{"rendered":"https:\/\/catalogo.spaciograficohn.com\/cat21_22\/?page_id=428"},"modified":"2024-10-11T20:31:46","modified_gmt":"2024-10-12T02:31:46","slug":"media-area-de-comunicacion","status":"publish","type":"page","link":"https:\/\/catalogo.spaciograficohn.com\/cat21_22\/media-area-de-comunicacion\/","title":{"rendered":"Media &#8211; \u00c1rea de Comunicaci\u00f3n"},"content":{"rendered":"\n<p class=\"has-text-align-left has-normal-font-size\">Nuestros libros del <strong>\u00c1rea de Comunicaci\u00f3n en el Nivel Medio<\/strong>, procuran el desarrollo de las capacidades de comprensi\u00f3n y expresi\u00f3n de todos los mensajes que hacen posible el intercambio comunicativo entre las personas de nuestra sociedad.<\/p>\n\n\n\n<p>Los libros de Ingl\u00e9s de nuestra editorial se insertan en la necesidad que los educandos tienen de apropiar los conocimientos b\u00e1sicos de una lengua extranjera, permitiendo empoderarse de los conocimientos, habilidades y destrezas para comunicarse, medianamente, en el ingl\u00e9s como lengua extranjera.<\/p>\n\n\n\n<p>Todo lo contenido en los libros de texto, son fortalecidos en el \u00e1mbito digital por medio de nuestra plataforma de acompa\u00f1amiento, por medio del cual se obtiene acceso al libro en formato digital.<\/p>\n\n\n\n<p class=\"has-normal-font-size\">Para el \u00e1rea de Ciencias Sociales de Media nuestra editorial ofrece los siguientes libros de texto.<\/p>\n\n\n\n<div class=\"wp-block-media-text alignwide is-stacked-on-mobile\" style=\"grid-template-columns:20% auto\"><figure class=\"wp-block-media-text__media\"><img fetchpriority=\"high\" decoding=\"async\" width=\"285\" height=\"380\" src=\"https:\/\/catalogo.spaciograficohn.com\/cat21_22\/wp-content\/uploads\/2021\/08\/1-Espanol_10mo_1_285x380-285x380.jpg\" alt=\"\" class=\"wp-image-429 size-full\"\/><\/figure><div class=\"wp-block-media-text__content\">\n<p style=\"font-size:25px\">Libro de Espa\u00f1ol<\/p>\n\n\n\n<ul class=\"wp-block-list\">\n<li>Grado: D\u00e9cimo<\/li>\n\n\n\n<li>Nivel: Medio<\/li>\n\n\n\n<li>Modalidad: BCH \/ BTP<\/li>\n\n\n\n<li>Idioma: Espa\u00f1ol<\/li>\n<\/ul>\n\n\n\n<p><img decoding=\"async\" width=\"30\" height=\"30\" class=\"wp-image-113\" style=\"width: 30px;\" src=\"https:\/\/catalogo.spaciograficohn.com\/cat21_22\/wp-content\/uploads\/2021\/08\/icono_visualizacion-e1628733297257.png\" alt=\"\">  <a href=\"https:\/\/www.catalogo2020.spaciograficohn.com\/cat2020\/3media\/1comu\/1espanol10mo\/mobile\/index.html#p=1\" target=\"_blank\" rel=\"noreferrer noopener\">Vista previa del Libro<\/a><\/p>\n<\/div><\/div>\n\n\n\n<div style=\"height:20px\" aria-hidden=\"true\" class=\"wp-block-spacer\"><\/div>\n\n\n\n<hr class=\"wp-block-separator has-css-opacity\"\/>\n\n\n\n<div class=\"wp-block-media-text alignwide is-stacked-on-mobile\" style=\"grid-template-columns:20% auto\"><figure class=\"wp-block-media-text__media\"><img decoding=\"async\" width=\"284\" height=\"362\" src=\"https:\/\/catalogo.spaciograficohn.com\/cat21_22\/wp-content\/uploads\/2021\/08\/Portada-INGLES-10mo.-GRADO_284x362-284x362.jpg\" alt=\"\" class=\"wp-image-430 size-full\"\/><\/figure><div class=\"wp-block-media-text__content\">\n<p style=\"font-size:25px\"> Libro de  Ingl\u00e9s <\/p>\n\n\n\n<ul class=\"wp-block-list\">\n<li>Grado: D\u00e9cimo<\/li>\n\n\n\n<li>Nivel: Medio<\/li>\n\n\n\n<li>Modalidad: BCH \/ BTP<\/li>\n\n\n\n<li>Idioma: Ingl\u00e9s<\/li>\n<\/ul>\n\n\n\n<p>  <img decoding=\"async\" width=\"30\" height=\"30\" class=\"wp-image-113\" style=\"width: 30px;\" src=\"https:\/\/catalogo.spaciograficohn.com\/cat21_22\/wp-content\/uploads\/2021\/08\/icono_visualizacion-e1628733297257.png\" alt=\"\">   <a href=\"https:\/\/catalogo2020.spaciograficohn.com\/cat2020\/3media\/1comu\/Ingles10\/mobile\/index.html#p=1\" target=\"_blank\" rel=\"noreferrer noopener\">Vista previa del Libro<\/a><\/p>\n<\/div><\/div>\n\n\n\n<div style=\"height:20px\" aria-hidden=\"true\" class=\"wp-block-spacer\"><\/div>\n\n\n\n<hr class=\"wp-block-separator has-css-opacity\"\/>\n\n\n\n<div class=\"wp-block-media-text alignwide is-stacked-on-mobile\" style=\"grid-template-columns:20% auto\"><figure class=\"wp-block-media-text__media\"><img loading=\"lazy\" decoding=\"async\" width=\"285\" height=\"380\" src=\"https:\/\/catalogo.spaciograficohn.com\/cat21_22\/wp-content\/uploads\/2021\/08\/4-LenguajeArtistico_10mo_1_285x380-285x380.jpg\" alt=\"\" class=\"wp-image-431 size-full\"\/><\/figure><div class=\"wp-block-media-text__content\">\n<p style=\"font-size:25px\"> Libro de Lenguaje Art\u00edstico <\/p>\n\n\n\n<ul class=\"wp-block-list\">\n<li>Grado: D\u00e9cimo<\/li>\n\n\n\n<li>Nivel: Medio<\/li>\n\n\n\n<li>Modalidad: BCH \/ BTP<\/li>\n\n\n\n<li>Idioma: Espa\u00f1ol<\/li>\n<\/ul>\n\n\n\n<p>  <img decoding=\"async\" width=\"30\" height=\"30\" class=\"wp-image-113\" style=\"width: 30px;\" src=\"https:\/\/catalogo.spaciograficohn.com\/cat21_22\/wp-content\/uploads\/2021\/08\/icono_visualizacion-e1628733297257.png\" alt=\"\">   <a href=\"https:\/\/www.catalogo2020.spaciograficohn.com\/cat2020\/3media\/1comu\/4legua10mo\/mobile\/index.html#p=1\" target=\"_blank\" rel=\"noreferrer noopener\">Vista previa del Libro<\/a><\/p>\n<\/div><\/div>\n\n\n\n<div style=\"height:20px\" aria-hidden=\"true\" class=\"wp-block-spacer\"><\/div>\n\n\n\n<hr class=\"wp-block-separator has-css-opacity\"\/>\n\n\n\n<div class=\"wp-block-media-text alignwide is-stacked-on-mobile\" style=\"grid-template-columns:20% auto\"><figure class=\"wp-block-media-text__media\"><img loading=\"lazy\" decoding=\"async\" width=\"284\" height=\"380\" src=\"https:\/\/catalogo.spaciograficohn.com\/cat21_22\/wp-content\/uploads\/2021\/08\/2-Espanol_11mo_1_284x380-284x380.jpg\" alt=\"\" class=\"wp-image-432 size-full\"\/><\/figure><div class=\"wp-block-media-text__content\">\n<p style=\"font-size:25px\"> Libro de Espa\u00f1ol 11mo <\/p>\n\n\n\n<ul class=\"wp-block-list\">\n<li>Temas: <strong>Lengua y Literatura<\/strong> \/ <strong>Lenguaje y pensamiento cr\u00edtico<\/strong><\/li>\n\n\n\n<li>Grado: Und\u00e9cimo<\/li>\n\n\n\n<li>Nivel: Medio<\/li>\n\n\n\n<li>Modalidad: BCH<\/li>\n\n\n\n<li>Idioma: Espa\u00f1ol<\/li>\n<\/ul>\n\n\n\n<p>  <img decoding=\"async\" width=\"30\" height=\"30\" class=\"wp-image-113\" style=\"width: 30px;\" src=\"https:\/\/catalogo.spaciograficohn.com\/cat21_22\/wp-content\/uploads\/2021\/08\/icono_visualizacion-e1628733297257.png\" alt=\"\">   <a rel=\"noreferrer noopener\" href=\"https:\/\/catalogo2020.spaciograficohn.com\/cat2020\/3media\/1comu\/Esp_11\/mobile\/index.html#p=1\" target=\"_blank\">Vista previa del Libro<\/a> (Lengua y Literatura)<\/p>\n\n\n\n<p>  <img decoding=\"async\" width=\"30\" height=\"30\" class=\"wp-image-113\" style=\"width: 30px;\" src=\"https:\/\/catalogo.spaciograficohn.com\/cat21_22\/wp-content\/uploads\/2021\/08\/icono_visualizacion-e1628733297257.png\" alt=\"\">   <a rel=\"noreferrer noopener\" href=\"https:\/\/catalogo2020.spaciograficohn.com\/cat2020\/3media\/1comu\/LenguaYPensaCritico%2011\/mobile\/index.html#p=1\" target=\"_blank\">Vista previa del Libro<\/a> (Lenguaje y Pensamiento Cr\u00edtico)<\/p>\n<\/div><\/div>\n\n\n\n<div style=\"height:20px\" aria-hidden=\"true\" class=\"wp-block-spacer\"><\/div>\n\n\n\n<hr class=\"wp-block-separator has-css-opacity\"\/>\n\n\n\n<div class=\"wp-block-media-text alignwide is-stacked-on-mobile\" style=\"grid-template-columns:20% auto\"><figure class=\"wp-block-media-text__media\"><img loading=\"lazy\" decoding=\"async\" width=\"284\" height=\"362\" src=\"https:\/\/catalogo.spaciograficohn.com\/cat21_22\/wp-content\/uploads\/2021\/08\/Portada-INGLES-11mo.-GRADO_284x362-284x362.jpg\" alt=\"\" class=\"wp-image-434 size-full\"\/><\/figure><div class=\"wp-block-media-text__content\">\n<p style=\"font-size:25px\"> Libro de Ingl\u00e9s 11mo <\/p>\n\n\n\n<ul class=\"wp-block-list\">\n<li>Grado: Und\u00e9cimo<\/li>\n\n\n\n<li>Nivel: Medio<\/li>\n\n\n\n<li>Modalidad: BCH \/ BTP<\/li>\n\n\n\n<li>Idioma: Ingl\u00e9s<\/li>\n<\/ul>\n\n\n\n<p>  <img decoding=\"async\" width=\"30\" height=\"30\" class=\"wp-image-113\" style=\"width: 30px;\" src=\"https:\/\/catalogo.spaciograficohn.com\/cat21_22\/wp-content\/uploads\/2021\/08\/icono_visualizacion-e1628733297257.png\" alt=\"\">   <a href=\"https:\/\/catalogo2020.spaciograficohn.com\/cat2020\/3media\/1comu\/Ingles11\/mobile\/index.html#p=1\" target=\"_blank\" rel=\"noreferrer noopener\">Vista previa del Libro<\/a><\/p>\n<\/div><\/div>\n\n\n\n<div style=\"height:20px\" aria-hidden=\"true\" class=\"wp-block-spacer\"><\/div>\n\n\n\n<hr class=\"wp-block-separator has-css-opacity\"\/>\n\n\n\n<div class=\"wp-block-media-text alignwide is-stacked-on-mobile\" style=\"grid-template-columns:20% auto\"><figure class=\"wp-block-media-text__media\"><img decoding=\"async\" src=\"https:\/\/catalogo.spaciograficohn.com\/cat21_22\/wp-content\/uploads\/2024\/10\/Artistica_11mo-695x901.jpg\" alt=\"\" class=\"wp-image-1111 size-full\"\/><\/figure><div class=\"wp-block-media-text__content\">\n<p style=\"font-size:25px\"> Libro de Apreciaci\u00f3n Art\u00edstica <\/p>\n\n\n\n<ul class=\"wp-block-list\">\n<li>Grado: Und\u00e9cimo<\/li>\n\n\n\n<li>Nivel: Medio<\/li>\n\n\n\n<li>Modalidad: BCH<\/li>\n\n\n\n<li>Idioma: Espa\u00f1ol<\/li>\n<\/ul>\n\n\n\n<p><img decoding=\"async\" width=\"30\" height=\"30\" class=\"wp-image-113\" style=\"width: 30px;\" src=\"https:\/\/catalogo.spaciograficohn.com\/cat21_22\/wp-content\/uploads\/2021\/08\/icono_visualizacion-e1628733297257.png\" alt=\"\"> <a href=\"https:\/\/www.catalogo2020.spaciograficohn.com\/cat2020\/books_2024\/apre_artistica\/mobile\/index.html#p=1\" target=\"_blank\" rel=\"noreferrer noopener\">Vista previa del Libro<\/a><\/p>\n<\/div><\/div>\n\n\n\n<div style=\"height:20px\" aria-hidden=\"true\" class=\"wp-block-spacer\"><\/div>\n\n\n\n<hr class=\"wp-block-separator has-css-opacity\"\/>\n\n\n\n<div class=\"wp-block-media-text alignwide is-stacked-on-mobile\" style=\"grid-template-columns:20% auto\"><figure class=\"wp-block-media-text__media\"><img loading=\"lazy\" decoding=\"async\" width=\"280\" height=\"358\" src=\"https:\/\/catalogo.spaciograficohn.com\/cat21_22\/wp-content\/uploads\/2021\/08\/5-Lengua-y-Literatura_280x358-280x358.jpeg\" alt=\"\" class=\"wp-image-437 size-full\"\/><\/figure><div class=\"wp-block-media-text__content\">\n<p style=\"font-size:25px\"> Libro de Lengua y Literatura <\/p>\n\n\n\n<ul class=\"wp-block-list\">\n<li>Grado: Und\u00e9cimo<\/li>\n\n\n\n<li>Nivel: Medio<\/li>\n\n\n\n<li>Modalidad: BTP<\/li>\n\n\n\n<li>Idioma: Espa\u00f1ol<\/li>\n<\/ul>\n\n\n\n<p>  <img decoding=\"async\" width=\"30\" height=\"30\" class=\"wp-image-113\" style=\"width: 30px;\" src=\"https:\/\/catalogo.spaciograficohn.com\/cat21_22\/wp-content\/uploads\/2021\/08\/icono_visualizacion-e1628733297257.png\" alt=\"\">   <a href=\"https:\/\/www.catalogo2020.spaciograficohn.com\/cat2020\/3media\/1comu\/5lengualite\/mobile\/index.html#p=1\" target=\"_blank\" rel=\"noreferrer noopener\">Vista previa del Libro<\/a><\/p>\n<\/div><\/div>\n\n\n\n<div style=\"height:25px\" aria-hidden=\"true\" class=\"wp-block-spacer\"><\/div>\n\n\n\n<blockquote class=\"wp-block-quote is-layout-flow wp-block-quote-is-layout-flow\">\n<p class=\"has-background\" style=\"background-color:#cdcdcd\"><img loading=\"lazy\" decoding=\"async\" width=\"30\" height=\"30\" class=\"wp-image-516\" style=\"width: 30px;\" src=\"https:\/\/catalogo.spaciograficohn.com\/cat21_22\/wp-content\/uploads\/2021\/08\/recursoeducativosok.jpg_48x48.jpg\" alt=\"\"> Todos nuestros libros incluyen la&nbsp;<strong>GU\u00cdA DEL DOCENTE en forma digital<\/strong>, la cual puedes acceder desde el <strong>c\u00f3digo QR<\/strong> que aparece en su libro de texto, adem\u00e1s puede contar con la versi\u00f3n digital de los libros en nuestra Plataforma de Acompa\u00f1amiento.<\/p>\n<\/blockquote>\n\n\n\n<p><\/p>\n","protected":false},"excerpt":{"rendered":"<p>Nuestros libros del \u00c1rea de Comunicaci\u00f3n en el Nivel Medio, procuran el desarrollo de las capacidades de comprensi\u00f3n y expresi\u00f3n de todos los mensajes que hacen posible el intercambio comunicativo entre las personas de nuestra sociedad. Los libros de Ingl\u00e9s de nuestra editorial se insertan en la necesidad que los educandos tienen de apropiar los conocimientos b\u00e1sicos de una lengua extranjera, permitiendo empoderarse de los conocimientos, habilidades y destrezas para comunicarse, medianamente, en el ingl\u00e9s como lengua extranjera. Todo lo contenido en los libros de texto, son fortalecidos en el \u00e1mbito digital por medio de nuestra plataforma de acompa\u00f1amiento, por medio del cual se obtiene acceso al libro en formato digital. Para el \u00e1rea de Ciencias Sociales de Media nuestra editorial ofrece los siguientes libros de texto. Todos nuestros libros incluyen la&nbsp;GU\u00cdA DEL DOCENTE en forma digital, la cual puedes acceder desde el c\u00f3digo QR que aparece en su libro&hellip;<\/p>\n<p> <a class=\"more-link\" href=\"https:\/\/catalogo.spaciograficohn.com\/cat21_22\/media-area-de-comunicacion\/\">Leer m\u00e1s<\/a><\/p>\n","protected":false},"author":1,"featured_media":0,"parent":0,"menu_order":0,"comment_status":"closed","ping_status":"closed","template":"","meta":{"footnotes":""},"class_list":["post-428","page","type-page","status-publish"],"_links":{"self":[{"href":"https:\/\/catalogo.spaciograficohn.com\/cat21_22\/wp-json\/wp\/v2\/pages\/428","targetHints":{"allow":["GET"]}}],"collection":[{"href":"https:\/\/catalogo.spaciograficohn.com\/cat21_22\/wp-json\/wp\/v2\/pages"}],"about":[{"href":"https:\/\/catalogo.spaciograficohn.com\/cat21_22\/wp-json\/wp\/v2\/types\/page"}],"author":[{"embeddable":true,"href":"https:\/\/catalogo.spaciograficohn.com\/cat21_22\/wp-json\/wp\/v2\/users\/1"}],"replies":[{"embeddable":true,"href":"https:\/\/catalogo.spaciograficohn.com\/cat21_22\/wp-json\/wp\/v2\/comments?post=428"}],"version-history":[{"count":16,"href":"https:\/\/catalogo.spaciograficohn.com\/cat21_22\/wp-json\/wp\/v2\/pages\/428\/revisions"}],"predecessor-version":[{"id":1211,"href":"https:\/\/catalogo.spaciograficohn.com\/cat21_22\/wp-json\/wp\/v2\/pages\/428\/revisions\/1211"}],"wp:attachment":[{"href":"https:\/\/catalogo.spaciograficohn.com\/cat21_22\/wp-json\/wp\/v2\/media?parent=428"}],"curies":[{"name":"wp","href":"https:\/\/api.w.org\/{rel}","templated":true}]}}