{"id":404,"date":"2021-08-13T03:25:06","date_gmt":"2021-08-13T03:25:06","guid":{"rendered":"https:\/\/catalogo.spaciograficohn.com\/cat21_22\/?page_id=404"},"modified":"2024-10-11T20:31:19","modified_gmt":"2024-10-12T02:31:19","slug":"media-area-de-ciencias-sociales","status":"publish","type":"page","link":"https:\/\/catalogo.spaciograficohn.com\/cat21_22\/media-area-de-ciencias-sociales\/","title":{"rendered":"Media &#8211; \u00c1rea de Ciencias Sociales"},"content":{"rendered":"\n<p class=\"has-text-align-left has-normal-font-size\">Nuestros libros del <strong>Ciencias Sociales en el Nivel Medio<\/strong>, tratan de aspectos de la realidad social con una visi\u00f3n de totalidad que permita el an\u00e1lisis, la comprensi\u00f3n e interpretaci\u00f3n de los fen\u00f3menos, procesos, estructuras y sistemas sociales as\u00ed como las posibilidades de su transformaci\u00f3n.<\/p>\n\n\n\n<p>Los libros hacen \u00e9nfasis en el conocimiento de lo econ\u00f3mico, antropol\u00f3gico e hist\u00f3rico contempor\u00e1neo y en la adquisici\u00f3n de habilidades t\u00e9cnicas, valores y actitudes propias de la investigaci\u00f3n de la realidad social.<\/p>\n\n\n\n<p>Todo lo contenido en los libros de texto, son fortalecidos en el \u00e1mbito digital por medio de nuestra plataforma de acompa\u00f1amiento, por medio del cual se obtiene acceso al libro en formato digital.<\/p>\n\n\n\n<p class=\"has-normal-font-size\">Para el \u00e1rea de Ciencias Sociales de Media nuestra editorial ofrece los siguientes libros de texto.<\/p>\n\n\n\n<div class=\"wp-block-media-text alignwide is-stacked-on-mobile\" style=\"grid-template-columns:20% auto\"><figure class=\"wp-block-media-text__media\"><img fetchpriority=\"high\" decoding=\"async\" width=\"255\" height=\"330\" src=\"https:\/\/catalogo.spaciograficohn.com\/cat21_22\/wp-content\/uploads\/2022\/10\/Portadas-Historia-Honduras_255x330-255x330.jpg\" alt=\"\" class=\"wp-image-830 size-full\"\/><\/figure><div class=\"wp-block-media-text__content\">\n<p style=\"font-size:25px\"> Libro de Historia de Honduras, 2da versi\u00f3n.<\/p>\n\n\n\n<ul class=\"wp-block-list\">\n<li>Grado: D\u00e9cimo<\/li>\n\n\n\n<li>Nivel: Medio<\/li>\n\n\n\n<li>Modalidad: BCH \/ BTP<\/li>\n\n\n\n<li>Idioma: Espa\u00f1ol<\/li>\n<\/ul>\n\n\n\n<p><img decoding=\"async\" width=\"30\" height=\"30\" class=\"wp-image-113\" style=\"width: 30px;\" src=\"https:\/\/catalogo.spaciograficohn.com\/cat21_22\/wp-content\/uploads\/2021\/08\/icono_visualizacion-e1628733297257.png\" alt=\"\"> <a href=\"https:\/\/catalogo2020.spaciograficohn.com\/cat2020\/books_2024\/historiaHonduras\/mobile\/index.html#p=1\" target=\"_blank\" rel=\"noreferrer noopener\">Vista previa del Libro<\/a><\/p>\n<\/div><\/div>\n\n\n\n<hr class=\"wp-block-separator has-css-opacity\"\/>\n\n\n\n<div class=\"wp-block-media-text alignwide is-stacked-on-mobile\" style=\"grid-template-columns:20% auto\"><figure class=\"wp-block-media-text__media\"><img decoding=\"async\" width=\"288\" height=\"380\" src=\"https:\/\/catalogo.spaciograficohn.com\/cat21_22\/wp-content\/uploads\/2021\/08\/7-Sociologia_10mo_1_288x380-288x380.jpg\" alt=\"\" class=\"wp-image-414 size-full\"\/><\/figure><div class=\"wp-block-media-text__content\">\n<p style=\"font-size:25px\">Libro de Sociolog\u00eda<\/p>\n\n\n\n<ul class=\"wp-block-list\">\n<li>Grado: D\u00e9cimo<\/li>\n\n\n\n<li>Nivel: Medio<\/li>\n\n\n\n<li>Modalidad: BCH \/ BTP<\/li>\n\n\n\n<li>Idioma: Espa\u00f1ol<\/li>\n<\/ul>\n\n\n\n<p><img decoding=\"async\" width=\"30\" height=\"30\" class=\"wp-image-113\" style=\"width: 30px;\" src=\"https:\/\/catalogo.spaciograficohn.com\/cat21_22\/wp-content\/uploads\/2021\/08\/icono_visualizacion-e1628733297257.png\" alt=\"\">  <a href=\"https:\/\/www.catalogo2020.spaciograficohn.com\/cat2020\/3media\/2csoc\/7sociologia\/mobile\/index.html#p=1\" target=\"_blank\" rel=\"noreferrer noopener\">Vista previa del Libro<\/a><\/p>\n<\/div><\/div>\n\n\n\n<div style=\"height:20px\" aria-hidden=\"true\" class=\"wp-block-spacer\"><\/div>\n\n\n\n<hr class=\"wp-block-separator has-css-opacity\"\/>\n\n\n\n<div class=\"wp-block-media-text alignwide is-stacked-on-mobile\" style=\"grid-template-columns:20% auto\"><figure class=\"wp-block-media-text__media\"><img decoding=\"async\" src=\"https:\/\/catalogo.spaciograficohn.com\/cat21_22\/wp-content\/uploads\/2024\/10\/Filo_11mo-762x992.jpg\" alt=\"\" class=\"wp-image-1105 size-full\"\/><\/figure><div class=\"wp-block-media-text__content\">\n<p style=\"font-size:25px\"> Libro de  Filosof\u00eda <\/p>\n\n\n\n<ul class=\"wp-block-list\">\n<li>Grado: D\u00e9cimo<\/li>\n\n\n\n<li>Nivel: Medio<\/li>\n\n\n\n<li>Modalidad: BCH \/ BTP<\/li>\n\n\n\n<li>Idioma: Espa\u00f1ol<\/li>\n<\/ul>\n\n\n\n<p><img decoding=\"async\" width=\"30\" height=\"30\" class=\"wp-image-113\" style=\"width: 30px;\" src=\"https:\/\/catalogo.spaciograficohn.com\/cat21_22\/wp-content\/uploads\/2021\/08\/icono_visualizacion-e1628733297257.png\" alt=\"\"> <a href=\"https:\/\/www.catalogo2020.spaciograficohn.com\/cat2020\/books_2024\/filosofia\/mobile\/index.html#p=1\" target=\"_blank\" rel=\"noreferrer noopener\">Vista previa del Libro<\/a><\/p>\n<\/div><\/div>\n\n\n\n<div style=\"height:20px\" aria-hidden=\"true\" class=\"wp-block-spacer\"><\/div>\n\n\n\n<hr class=\"wp-block-separator has-css-opacity\"\/>\n\n\n\n<div class=\"wp-block-media-text alignwide is-stacked-on-mobile\" style=\"grid-template-columns:20% auto\"><figure class=\"wp-block-media-text__media\"><img decoding=\"async\" src=\"https:\/\/catalogo.spaciograficohn.com\/cat21_22\/wp-content\/uploads\/2024\/10\/IntroEcono_11mo-760x991.jpg\" alt=\"\" class=\"wp-image-1106 size-full\"\/><\/figure><div class=\"wp-block-media-text__content\">\n<p style=\"font-size:25px\"> Libro de Introducci\u00f3n a la Econom\u00eda <\/p>\n\n\n\n<ul class=\"wp-block-list\">\n<li>Grado: Und\u00e9cimo<\/li>\n\n\n\n<li>Nivel: Medio<\/li>\n\n\n\n<li>Modalidad: BCH \/ BTP<\/li>\n\n\n\n<li>Idioma: Espa\u00f1ol<\/li>\n<\/ul>\n\n\n\n<p><img decoding=\"async\" width=\"30\" height=\"30\" class=\"wp-image-113\" style=\"width: 30px;\" src=\"https:\/\/catalogo.spaciograficohn.com\/cat21_22\/wp-content\/uploads\/2021\/08\/icono_visualizacion-e1628733297257.png\" alt=\"\"> <a href=\"https:\/\/www.catalogo2020.spaciograficohn.com\/cat2020\/books_2024\/IntroEconomia\/mobile\/index.html#p=1\" target=\"_blank\" rel=\"noreferrer noopener\">Vista previa del Libro<\/a><\/p>\n<\/div><\/div>\n\n\n\n<div style=\"height:20px\" aria-hidden=\"true\" class=\"wp-block-spacer\"><\/div>\n\n\n\n<hr class=\"wp-block-separator has-css-opacity\"\/>\n\n\n\n<div class=\"wp-block-media-text alignwide is-stacked-on-mobile\" style=\"grid-template-columns:20% auto\"><figure class=\"wp-block-media-text__media\"><img loading=\"lazy\" decoding=\"async\" width=\"285\" height=\"380\" src=\"https:\/\/catalogo.spaciograficohn.com\/cat21_22\/wp-content\/uploads\/2021\/08\/3-FundamentosInvestigacion_11vo_1_285x380-285x380.jpg\" alt=\"\" class=\"wp-image-419 size-full\"\/><\/figure><div class=\"wp-block-media-text__content\">\n<p style=\"font-size:25px\"> Libro de Fundamentos de Investigaci\u00f3n Social <\/p>\n\n\n\n<ul class=\"wp-block-list\">\n<li>Grado: Und\u00e9cimo<\/li>\n\n\n\n<li>Nivel: Medio<\/li>\n\n\n\n<li>Modalidad: BCH \/ BTP<\/li>\n\n\n\n<li>Idioma: Espa\u00f1ol<\/li>\n<\/ul>\n\n\n\n<p>  <img decoding=\"async\" width=\"30\" height=\"30\" class=\"wp-image-113\" style=\"width: 30px;\" src=\"https:\/\/catalogo.spaciograficohn.com\/cat21_22\/wp-content\/uploads\/2021\/08\/icono_visualizacion-e1628733297257.png\" alt=\"\">   <a href=\"https:\/\/www.catalogo2020.spaciograficohn.com\/cat2020\/3media\/2csoc\/3fundainvest\/mobile\/index.html#p=1\" target=\"_blank\" rel=\"noreferrer noopener\">Vista previa del Libro<\/a><\/p>\n<\/div><\/div>\n\n\n\n<div style=\"height:20px\" aria-hidden=\"true\" class=\"wp-block-spacer\"><\/div>\n\n\n\n<hr class=\"wp-block-separator has-css-opacity\"\/>\n\n\n\n<div class=\"wp-block-media-text alignwide is-stacked-on-mobile\" style=\"grid-template-columns:20% auto\"><figure class=\"wp-block-media-text__media\"><img loading=\"lazy\" decoding=\"async\" width=\"288\" height=\"380\" src=\"https:\/\/catalogo.spaciograficohn.com\/cat21_22\/wp-content\/uploads\/2021\/08\/5-Antropologia_11vo_1_288x380-288x380.jpg\" alt=\"\" class=\"wp-image-420 size-full\"\/><\/figure><div class=\"wp-block-media-text__content\">\n<p style=\"font-size:25px\"> Libro de Antropolog\u00eda <\/p>\n\n\n\n<ul class=\"wp-block-list\">\n<li>Grado: Und\u00e9cimo<\/li>\n\n\n\n<li>Nivel: Medio<\/li>\n\n\n\n<li>Modalidad: BCH<\/li>\n\n\n\n<li>Idioma: Espa\u00f1ol<\/li>\n<\/ul>\n\n\n\n<p>  <img decoding=\"async\" width=\"30\" height=\"30\" class=\"wp-image-113\" style=\"width: 30px;\" src=\"https:\/\/catalogo.spaciograficohn.com\/cat21_22\/wp-content\/uploads\/2021\/08\/icono_visualizacion-e1628733297257.png\" alt=\"\">   <a href=\"https:\/\/www.catalogo2020.spaciograficohn.com\/cat2020\/3media\/2csoc\/5antrologia\/mobile\/index.html#p=1\" target=\"_blank\" rel=\"noreferrer noopener\">Vista previa del Libro<\/a><\/p>\n<\/div><\/div>\n\n\n\n<div style=\"height:20px\" aria-hidden=\"true\" class=\"wp-block-spacer\"><\/div>\n\n\n\n<hr class=\"wp-block-separator has-css-opacity\"\/>\n\n\n\n<div class=\"wp-block-media-text alignwide is-stacked-on-mobile\" style=\"grid-template-columns:20% auto\"><figure class=\"wp-block-media-text__media\"><img decoding=\"async\" src=\"https:\/\/catalogo.spaciograficohn.com\/cat21_22\/wp-content\/uploads\/2024\/10\/HistoriaUniversal11mo-767x992.jpg\" alt=\"\" class=\"wp-image-1108 size-full\"\/><\/figure><div class=\"wp-block-media-text__content\">\n<p style=\"font-size:25px\">Libro de Historia Universal <\/p>\n\n\n\n<ul class=\"wp-block-list\">\n<li>Grado: Und\u00e9cimo<\/li>\n\n\n\n<li>Nivel: Medio<\/li>\n\n\n\n<li>Modalidad: BCH<\/li>\n\n\n\n<li>Idioma: Espa\u00f1ol<\/li>\n<\/ul>\n\n\n\n<p><img decoding=\"async\" width=\"30\" height=\"30\" class=\"wp-image-113\" style=\"width: 30px;\" src=\"https:\/\/catalogo.spaciograficohn.com\/cat21_22\/wp-content\/uploads\/2021\/08\/icono_visualizacion-e1628733297257.png\" alt=\"\"> <a href=\"https:\/\/www.catalogo2020.spaciograficohn.com\/cat2020\/books_2024\/HistoriaUniveral\/mobile\/index.html#p=1\" target=\"_blank\" rel=\"noreferrer noopener\">Vista previa del Libro<\/a><\/p>\n<\/div><\/div>\n\n\n\n<div style=\"height:25px\" aria-hidden=\"true\" class=\"wp-block-spacer\"><\/div>\n\n\n\n<blockquote class=\"wp-block-quote is-layout-flow wp-block-quote-is-layout-flow\">\n<p class=\"has-background\" style=\"background-color:#cdcdcd\"><img loading=\"lazy\" decoding=\"async\" width=\"30\" height=\"30\" class=\"wp-image-516\" style=\"width: 30px;\" src=\"https:\/\/catalogo.spaciograficohn.com\/cat21_22\/wp-content\/uploads\/2021\/08\/recursoeducativosok.jpg_48x48.jpg\" alt=\"\"> Todos nuestros libros incluyen la&nbsp;<strong>GU\u00cdA DEL DOCENTE en forma digital<\/strong>, la cual puedes acceder desde el <strong>c\u00f3digo QR<\/strong> que aparece en su libro de texto, adem\u00e1s puede contar con la versi\u00f3n digital de los libros en nuestra Plataforma de Acompa\u00f1amiento.<\/p>\n<\/blockquote>\n\n\n\n<p><\/p>\n","protected":false},"excerpt":{"rendered":"<p>Nuestros libros del Ciencias Sociales en el Nivel Medio, tratan de aspectos de la realidad social con una visi\u00f3n de totalidad que permita el an\u00e1lisis, la comprensi\u00f3n e interpretaci\u00f3n de los fen\u00f3menos, procesos, estructuras y sistemas sociales as\u00ed como las posibilidades de su transformaci\u00f3n. Los libros hacen \u00e9nfasis en el conocimiento de lo econ\u00f3mico, antropol\u00f3gico e hist\u00f3rico contempor\u00e1neo y en la adquisici\u00f3n de habilidades t\u00e9cnicas, valores y actitudes propias de la investigaci\u00f3n de la realidad social. Todo lo contenido en los libros de texto, son fortalecidos en el \u00e1mbito digital por medio de nuestra plataforma de acompa\u00f1amiento, por medio del cual se obtiene acceso al libro en formato digital. Para el \u00e1rea de Ciencias Sociales de Media nuestra editorial ofrece los siguientes libros de texto. Todos nuestros libros incluyen la&nbsp;GU\u00cdA DEL DOCENTE en forma digital, la cual puedes acceder desde el c\u00f3digo QR que aparece en su libro de texto,&hellip;<\/p>\n<p> <a class=\"more-link\" href=\"https:\/\/catalogo.spaciograficohn.com\/cat21_22\/media-area-de-ciencias-sociales\/\">Leer m\u00e1s<\/a><\/p>\n","protected":false},"author":1,"featured_media":0,"parent":0,"menu_order":0,"comment_status":"closed","ping_status":"closed","template":"","meta":{"footnotes":""},"class_list":["post-404","page","type-page","status-publish"],"_links":{"self":[{"href":"https:\/\/catalogo.spaciograficohn.com\/cat21_22\/wp-json\/wp\/v2\/pages\/404","targetHints":{"allow":["GET"]}}],"collection":[{"href":"https:\/\/catalogo.spaciograficohn.com\/cat21_22\/wp-json\/wp\/v2\/pages"}],"about":[{"href":"https:\/\/catalogo.spaciograficohn.com\/cat21_22\/wp-json\/wp\/v2\/types\/page"}],"author":[{"embeddable":true,"href":"https:\/\/catalogo.spaciograficohn.com\/cat21_22\/wp-json\/wp\/v2\/users\/1"}],"replies":[{"embeddable":true,"href":"https:\/\/catalogo.spaciograficohn.com\/cat21_22\/wp-json\/wp\/v2\/comments?post=404"}],"version-history":[{"count":19,"href":"https:\/\/catalogo.spaciograficohn.com\/cat21_22\/wp-json\/wp\/v2\/pages\/404\/revisions"}],"predecessor-version":[{"id":1210,"href":"https:\/\/catalogo.spaciograficohn.com\/cat21_22\/wp-json\/wp\/v2\/pages\/404\/revisions\/1210"}],"wp:attachment":[{"href":"https:\/\/catalogo.spaciograficohn.com\/cat21_22\/wp-json\/wp\/v2\/media?parent=404"}],"curies":[{"name":"wp","href":"https:\/\/api.w.org\/{rel}","templated":true}]}}