{"id":392,"date":"2021-08-13T02:26:52","date_gmt":"2021-08-13T02:26:52","guid":{"rendered":"https:\/\/catalogo.spaciograficohn.com\/cat21_22\/?page_id=392"},"modified":"2024-11-06T15:08:31","modified_gmt":"2024-11-06T21:08:31","slug":"matematicas-media","status":"publish","type":"page","link":"https:\/\/catalogo.spaciograficohn.com\/cat21_22\/matematicas-media\/","title":{"rendered":"Media &#8211; \u00c1rea de Matem\u00e1ticas"},"content":{"rendered":"\n<p class=\"has-text-align-left has-normal-font-size\">Nuestros libros del <strong>Matem\u00e1ticas en el Nivel Medio<\/strong>, permiten a los educandos la formulaci\u00f3n y operaci\u00f3n de modelos cuantitativos obtenidos de hechos naturales y sociales que en la actualidad afectan al mundo y a las personas que lo habitan, proporcionando los valores y procesos que incluyen la distinci\u00f3n y clasificaci\u00f3n de datos, declaraci\u00f3n de las variables que los expresan, establecimiento de las relaciones entre las variables, operacionalizaci\u00f3n de las relaciones, obtenci\u00f3n de resultados y comprobaci\u00f3n de su validez, con el prop\u00f3sito de confrontarlo ante nuevas situaciones.<\/p>\n\n\n\n<p>Todo lo contenido en los libros de texto, son fortalecidos en el \u00e1mbito digital por medio de nuestra plataforma de acompa\u00f1amiento, por medio del cual se obtiene acceso al libro en formato digital.<\/p>\n\n\n\n<p class=\"has-normal-font-size\">Para el \u00e1rea de Matem\u00e1ticas de Media nuestra editorial ofrece los siguientes libros de texto.<\/p>\n\n\n\n<div class=\"wp-block-media-text alignwide is-stacked-on-mobile\" style=\"grid-template-columns:20% auto\"><figure class=\"wp-block-media-text__media\"><img decoding=\"async\" src=\"https:\/\/catalogo.spaciograficohn.com\/cat21_22\/wp-content\/uploads\/2024\/11\/Mat_10mo-713x871.jpg\" alt=\"\" class=\"wp-image-1235 size-full\"\/><\/figure><div class=\"wp-block-media-text__content\">\n<p style=\"font-size:25px\">Libro de Matem\u00e1ticas 10mo, 2da edici\u00f3n<\/p>\n\n\n\n<ul class=\"wp-block-list\">\n<li>Grado: D\u00e9cimo<\/li>\n\n\n\n<li>Nivel: Medio<\/li>\n\n\n\n<li>Modalidad: BCH \/ BTP<\/li>\n\n\n\n<li>Idioma: Espa\u00f1ol<\/li>\n<\/ul>\n\n\n\n<p><img decoding=\"async\" width=\"30\" height=\"30\" class=\"wp-image-113\" style=\"width: 30px;\" src=\"https:\/\/catalogo.spaciograficohn.com\/cat21_22\/wp-content\/uploads\/2021\/08\/icono_visualizacion-e1628733297257.png\" alt=\"\">  <a href=\"https:\/\/catalogo2020.spaciograficohn.com\/cat2020\/3media\/6mate\/4%20matema10\/mobile\/index.html#p=1\" target=\"_blank\" rel=\"noreferrer noopener\">Vista previa del Libro<\/a><\/p>\n<\/div><\/div>\n\n\n\n<div style=\"height:20px\" aria-hidden=\"true\" class=\"wp-block-spacer\"><\/div>\n\n\n\n<hr class=\"wp-block-separator has-css-opacity\"\/>\n\n\n\n<div class=\"wp-block-media-text alignwide is-stacked-on-mobile\" style=\"grid-template-columns:20% auto\"><figure class=\"wp-block-media-text__media\"><img decoding=\"async\" src=\"https:\/\/catalogo.spaciograficohn.com\/cat21_22\/wp-content\/uploads\/2024\/11\/Mat_11mo-662x870.jpg\" alt=\"\" class=\"wp-image-1236 size-full\"\/><\/figure><div class=\"wp-block-media-text__content\">\n<p style=\"font-size:25px\">Libro de Matem\u00e1ticas 11mo, 2da edici\u00f3n<\/p>\n\n\n\n<ul class=\"wp-block-list\">\n<li>Grado: Und\u00e9cimo<\/li>\n\n\n\n<li>Nivel: Medio<\/li>\n\n\n\n<li>Modalidad: BCH \/ BTP<\/li>\n\n\n\n<li>Idioma: Espa\u00f1ol<\/li>\n<\/ul>\n\n\n\n<p>  <img decoding=\"async\" width=\"30\" height=\"30\" class=\"wp-image-113\" style=\"width: 30px;\" src=\"https:\/\/catalogo.spaciograficohn.com\/cat21_22\/wp-content\/uploads\/2021\/08\/icono_visualizacion-e1628733297257.png\" alt=\"\">   <a href=\"https:\/\/catalogo2020.spaciograficohn.com\/cat2020\/3media\/6mate\/5%20matema11\/mobile\/index.html#p=1\" target=\"_blank\" rel=\"noreferrer noopener\">Vista previa del Libro<\/a><\/p>\n<\/div><\/div>\n\n\n\n<div style=\"height:20px\" aria-hidden=\"true\" class=\"wp-block-spacer\"><\/div>\n\n\n\n<hr class=\"wp-block-separator has-css-opacity\"\/>\n\n\n\n<div class=\"wp-block-media-text alignwide is-stacked-on-mobile\" style=\"grid-template-columns:20% auto\"><figure class=\"wp-block-media-text__media\"><img fetchpriority=\"high\" decoding=\"async\" width=\"289\" height=\"380\" src=\"https:\/\/catalogo.spaciograficohn.com\/cat21_22\/wp-content\/uploads\/2021\/08\/1-LogicaSimbolica_11mo_1_289x380-289x380.jpg\" alt=\"\" class=\"wp-image-426 size-full\"\/><\/figure><div class=\"wp-block-media-text__content\">\n<p style=\"font-size:25px\"> Libro de L\u00f3gica Simb\u00f3lica <\/p>\n\n\n\n<ul class=\"wp-block-list\">\n<li>Grado: Und\u00e9cimo<\/li>\n\n\n\n<li>Nivel: Medio<\/li>\n\n\n\n<li>Modalidad: BCH \/ BTP<\/li>\n\n\n\n<li>Idioma: Espa\u00f1ol<\/li>\n<\/ul>\n\n\n\n<p>  <img decoding=\"async\" width=\"30\" height=\"30\" class=\"wp-image-113\" style=\"width: 30px;\" src=\"https:\/\/catalogo.spaciograficohn.com\/cat21_22\/wp-content\/uploads\/2021\/08\/icono_visualizacion-e1628733297257.png\" alt=\"\">   <a href=\"https:\/\/www.catalogo2020.spaciograficohn.com\/cat2020\/3media\/6mate\/1%20logicasimbolica\/mobile\/index.html#p=1\" target=\"_blank\" rel=\"noreferrer noopener\">Vista previa del Libro<\/a><\/p>\n<\/div><\/div>\n\n\n\n<div style=\"height:25px\" aria-hidden=\"true\" class=\"wp-block-spacer\"><\/div>\n\n\n\n<blockquote class=\"wp-block-quote is-layout-flow wp-block-quote-is-layout-flow\">\n<p><img decoding=\"async\" width=\"30\" height=\"30\" class=\"wp-image-516\" style=\"width: 30px;\" src=\"https:\/\/catalogo.spaciograficohn.com\/cat21_22\/wp-content\/uploads\/2021\/08\/recursoeducativosok.jpg_48x48.jpg\" alt=\"\"> Todos nuestros libros incluyen la&nbsp;<strong>GU\u00cdA DEL DOCENTE en forma digital<\/strong>, la cual puedes acceder desde el <strong>c\u00f3digo QR<\/strong> que aparece en su libro de texto, adem\u00e1s puede contar con la versi\u00f3n digital de los libros en nuestra Plataforma de Acompa\u00f1amiento.<\/p>\n<\/blockquote>\n","protected":false},"excerpt":{"rendered":"<p>Nuestros libros del Matem\u00e1ticas en el Nivel Medio, permiten a los educandos la formulaci\u00f3n y operaci\u00f3n de modelos cuantitativos obtenidos de hechos naturales y sociales que en la actualidad afectan al mundo y a las personas que lo habitan, proporcionando los valores y procesos que incluyen la distinci\u00f3n y clasificaci\u00f3n de datos, declaraci\u00f3n de las variables que los expresan, establecimiento de las relaciones entre las variables, operacionalizaci\u00f3n de las relaciones, obtenci\u00f3n de resultados y comprobaci\u00f3n de su validez, con el prop\u00f3sito de confrontarlo ante nuevas situaciones. Todo lo contenido en los libros de texto, son fortalecidos en el \u00e1mbito digital por medio de nuestra plataforma de acompa\u00f1amiento, por medio del cual se obtiene acceso al libro en formato digital. Para el \u00e1rea de Matem\u00e1ticas de Media nuestra editorial ofrece los siguientes libros de texto. Todos nuestros libros incluyen la&nbsp;GU\u00cdA DEL DOCENTE en forma digital, la cual puedes acceder desde el&hellip;<\/p>\n<p> <a class=\"more-link\" href=\"https:\/\/catalogo.spaciograficohn.com\/cat21_22\/matematicas-media\/\">Leer m\u00e1s<\/a><\/p>\n","protected":false},"author":1,"featured_media":0,"parent":0,"menu_order":0,"comment_status":"closed","ping_status":"closed","template":"","meta":{"footnotes":""},"class_list":["post-392","page","type-page","status-publish"],"_links":{"self":[{"href":"https:\/\/catalogo.spaciograficohn.com\/cat21_22\/wp-json\/wp\/v2\/pages\/392","targetHints":{"allow":["GET"]}}],"collection":[{"href":"https:\/\/catalogo.spaciograficohn.com\/cat21_22\/wp-json\/wp\/v2\/pages"}],"about":[{"href":"https:\/\/catalogo.spaciograficohn.com\/cat21_22\/wp-json\/wp\/v2\/types\/page"}],"author":[{"embeddable":true,"href":"https:\/\/catalogo.spaciograficohn.com\/cat21_22\/wp-json\/wp\/v2\/users\/1"}],"replies":[{"embeddable":true,"href":"https:\/\/catalogo.spaciograficohn.com\/cat21_22\/wp-json\/wp\/v2\/comments?post=392"}],"version-history":[{"count":17,"href":"https:\/\/catalogo.spaciograficohn.com\/cat21_22\/wp-json\/wp\/v2\/pages\/392\/revisions"}],"predecessor-version":[{"id":1238,"href":"https:\/\/catalogo.spaciograficohn.com\/cat21_22\/wp-json\/wp\/v2\/pages\/392\/revisions\/1238"}],"wp:attachment":[{"href":"https:\/\/catalogo.spaciograficohn.com\/cat21_22\/wp-json\/wp\/v2\/media?parent=392"}],"curies":[{"name":"wp","href":"https:\/\/api.w.org\/{rel}","templated":true}]}}