{"id":369,"date":"2021-08-12T08:22:28","date_gmt":"2021-08-12T08:22:28","guid":{"rendered":"https:\/\/catalogo.spaciograficohn.com\/cat21_22\/?page_id=369"},"modified":"2024-10-12T10:42:16","modified_gmt":"2024-10-12T16:42:16","slug":"media","status":"publish","type":"page","link":"https:\/\/catalogo.spaciograficohn.com\/cat21_22\/media\/","title":{"rendered":"Media"},"content":{"rendered":"\n<p>En la Educaci\u00f3n Media se ha considerado la evoluci\u00f3n de la ciencia, tecnolog\u00eda y de las condiciones cambiantes del mundo y sus repercusiones en la realidad nacional, as\u00ed mismo, las exigencias de la vida democr\u00e1tica y ciudadana.<\/p>\n\n\n\n<p>Nuestros libros de Texto se han dise\u00f1ado para que faciliten la adquisici\u00f3n de los conocimientos, habilidades y destrezas en funci\u00f3n del desarrollo de competencias del egresado para el an\u00e1lisis y soluci\u00f3n de problemas en diferentes situaciones, \u00e1mbitos y circunstancias.<\/p>\n\n\n\n<p>Nuestro material educativo se encuentran enmarcados en las diferentes \u00e1reas curriculares del Nivel Medio de Educaci\u00f3n de nuestro pa\u00eds.<\/p>\n\n\n\n<ul class=\"wp-block-list\">\n<li><strong><a href=\"https:\/\/catalogo.spaciograficohn.com\/cat21_22\/matematicas-media\/\">\u00c1rea de Matem\u00e1ticas<\/a><\/strong><\/li>\n<\/ul>\n\n\n\n<ul class=\"wp-block-list\">\n<li><strong><a href=\"https:\/\/catalogo.spaciograficohn.com\/cat21_22\/media-area-de-ciencias-sociales\/\">\u00c1rea de Ciencias Sociales<\/a><\/strong><\/li>\n<\/ul>\n\n\n\n<ul class=\"wp-block-list\">\n<li><strong><a href=\"https:\/\/catalogo.spaciograficohn.com\/cat21_22\/media-area-de-comunicacion\/\">\u00c1rea de Comunicaci\u00f3n<\/a><\/strong><\/li>\n<\/ul>\n\n\n\n<ul class=\"wp-block-list\">\n<li><strong><a href=\"https:\/\/catalogo.spaciograficohn.com\/cat21_22\/media-area-de-ciencias-naturales\/\">\u00c1rea de Ciencias Naturales<\/a><\/strong><\/li>\n<\/ul>\n\n\n\n<ul class=\"wp-block-list\">\n<li><strong><a href=\"https:\/\/catalogo.spaciograficohn.com\/cat21_22\/media-area-de-tecnologia\/\">\u00c1rea de Educaci\u00f3n Tecnol\u00f3gica<\/a><\/strong><\/li>\n<\/ul>\n\n\n\n<ul class=\"wp-block-list\">\n<li><strong><a href=\"https:\/\/catalogo.spaciograficohn.com\/cat21_22\/media-area-de-orientacion\/\">\u00c1rea de Orientaci\u00f3n<\/a><\/strong><\/li>\n<\/ul>\n\n\n\n<p>La finalidad de nuestros libros de texto es generar en los educandos que el estudio de las ciencias, la tecnolog\u00eda, las humanidades, las artes, la cultura y el dominio de una lengua extranjera, sean preparados para que en las distintas \u00e1reas del saber puedan desenvolverse eficientemente en el futuro.<\/p>\n\n\n\n<blockquote class=\"wp-block-quote is-layout-flow wp-block-quote-is-layout-flow\">\n<p class=\"has-background\" style=\"background-color:#cdcdcd\"><img decoding=\"async\" width=\"30\" height=\"30\" class=\"wp-image-516\" style=\"width: 30px;\" src=\"https:\/\/catalogo.spaciograficohn.com\/cat21_22\/wp-content\/uploads\/2021\/08\/recursoeducativosok.jpg_48x48.jpg\" alt=\"\"> Todos nuestros libros incluyen la&nbsp;<strong>GU\u00cdA DEL DOCENTE en forma digital<\/strong>, la cual puedes acceder desde el <strong>c\u00f3digo QR<\/strong> que aparece en su libro de texto, adem\u00e1s puede contar con la versi\u00f3n digital de los libros en nuestra Plataforma de Acompa\u00f1amiento.<\/p>\n<\/blockquote>\n\n\n\n<p><\/p>\n","protected":false},"excerpt":{"rendered":"<p>En la Educaci\u00f3n Media se ha considerado la evoluci\u00f3n de la ciencia, tecnolog\u00eda y de las condiciones cambiantes del mundo y sus repercusiones en la realidad nacional, as\u00ed mismo, las exigencias de la vida democr\u00e1tica y ciudadana. Nuestros libros de Texto se han dise\u00f1ado para que faciliten la adquisici\u00f3n de los conocimientos, habilidades y destrezas en funci\u00f3n del desarrollo de competencias del egresado para el an\u00e1lisis y soluci\u00f3n de problemas en diferentes situaciones, \u00e1mbitos y circunstancias. Nuestro material educativo se encuentran enmarcados en las diferentes \u00e1reas curriculares del Nivel Medio de Educaci\u00f3n de nuestro pa\u00eds. La finalidad de nuestros libros de texto es generar en los educandos que el estudio de las ciencias, la tecnolog\u00eda, las humanidades, las artes, la cultura y el dominio de una lengua extranjera, sean preparados para que en las distintas \u00e1reas del saber puedan desenvolverse eficientemente en el futuro. Todos nuestros libros incluyen la&nbsp;GU\u00cdA DEL&hellip;<\/p>\n<p> <a class=\"more-link\" href=\"https:\/\/catalogo.spaciograficohn.com\/cat21_22\/media\/\">Leer m\u00e1s<\/a><\/p>\n","protected":false},"author":1,"featured_media":0,"parent":0,"menu_order":0,"comment_status":"closed","ping_status":"closed","template":"","meta":{"footnotes":""},"class_list":["post-369","page","type-page","status-publish"],"_links":{"self":[{"href":"https:\/\/catalogo.spaciograficohn.com\/cat21_22\/wp-json\/wp\/v2\/pages\/369","targetHints":{"allow":["GET"]}}],"collection":[{"href":"https:\/\/catalogo.spaciograficohn.com\/cat21_22\/wp-json\/wp\/v2\/pages"}],"about":[{"href":"https:\/\/catalogo.spaciograficohn.com\/cat21_22\/wp-json\/wp\/v2\/types\/page"}],"author":[{"embeddable":true,"href":"https:\/\/catalogo.spaciograficohn.com\/cat21_22\/wp-json\/wp\/v2\/users\/1"}],"replies":[{"embeddable":true,"href":"https:\/\/catalogo.spaciograficohn.com\/cat21_22\/wp-json\/wp\/v2\/comments?post=369"}],"version-history":[{"count":10,"href":"https:\/\/catalogo.spaciograficohn.com\/cat21_22\/wp-json\/wp\/v2\/pages\/369\/revisions"}],"predecessor-version":[{"id":1231,"href":"https:\/\/catalogo.spaciograficohn.com\/cat21_22\/wp-json\/wp\/v2\/pages\/369\/revisions\/1231"}],"wp:attachment":[{"href":"https:\/\/catalogo.spaciograficohn.com\/cat21_22\/wp-json\/wp\/v2\/media?parent=369"}],"curies":[{"name":"wp","href":"https:\/\/api.w.org\/{rel}","templated":true}]}}