{"id":261,"date":"2021-08-12T06:17:45","date_gmt":"2021-08-12T06:17:45","guid":{"rendered":"https:\/\/catalogo.spaciograficohn.com\/cat21_22\/?page_id=261"},"modified":"2024-10-11T20:29:32","modified_gmt":"2024-10-12T02:29:32","slug":"matematicas-espanol-2","status":"publish","type":"page","link":"https:\/\/catalogo.spaciograficohn.com\/cat21_22\/matematicas-espanol-2\/","title":{"rendered":"Matem\u00e1ticas &#8211; 2da Edici\u00f3n"},"content":{"rendered":"\n<p class=\"has-text-align-left has-normal-font-size\">Nuestros libros del <strong>Matem\u00e1ticas en Espa\u00f1ol <\/strong>en el nivel B\u00e1sico, permiten a los educandos la capacidad intuitiva para poder encontrar las ideas necesarias con el fin de resolver problemas, por medio de m\u00e9todos demostrativos para poder ser explicado y explicitado, convirti\u00e9ndose as\u00ed en conocimiento demostrativo por excelencia.<\/p>\n\n\n\n<p>Todo lo contenido en los libros de texto, son fortalecidos en el \u00e1mbito digital por medio de nuestra plataforma de acompa\u00f1amiento, en la cual se cuenta con m\u00e1s actividades extras por lecci\u00f3n, las cuales son en su mayor\u00eda auto calificables y que aprovechan el inter\u00e9s digital de esta nueva generaci\u00f3n.<\/p>\n\n\n\n<p class=\"has-normal-font-size\">Para el \u00e1rea de Matem\u00e1ticas en Espa\u00f1ol de B\u00e1sica nuestra editorial ofrece los siguientes libros de texto.<\/p>\n\n\n\n<div class=\"wp-block-media-text alignwide is-stacked-on-mobile\" style=\"grid-template-columns:20% auto\"><figure class=\"wp-block-media-text__media\"><img fetchpriority=\"high\" decoding=\"async\" width=\"286\" height=\"374\" src=\"https:\/\/catalogo.spaciograficohn.com\/cat21_22\/wp-content\/uploads\/2023\/09\/matematicas1ro_286x374-286x374.jpg\" alt=\"\" class=\"wp-image-963 size-full\"\/><\/figure><div class=\"wp-block-media-text__content\">\n<p style=\"font-size:25px\">Libro de Matem\u00e1ticas de 1er grado.<\/p>\n\n\n\n<ul class=\"wp-block-list\">\n<li>Idioma: Espa\u00f1ol<\/li>\n<\/ul>\n\n\n\n<ul class=\"wp-block-list\">\n<li>Nivel: B\u00e1sico<\/li>\n<\/ul>\n\n\n\n<ul class=\"wp-block-list\">\n<li>2da Edici\u00f3n<\/li>\n<\/ul>\n\n\n\n<p><img decoding=\"async\" width=\"30\" height=\"30\" class=\"wp-image-113\" style=\"width: 30px;\" src=\"https:\/\/catalogo.spaciograficohn.com\/cat21_22\/wp-content\/uploads\/2021\/08\/icono_visualizacion-e1628733297257.png\" alt=\"\">  <a href=\"https:\/\/catalogo2020.spaciograficohn.com\/cat2020\/books2023\/Matematicas2daEdicion\/01\/mobile\/index.html#p=1\" target=\"_blank\" rel=\"noreferrer noopener\">Vista previa del Libro<\/a><\/p>\n<\/div><\/div>\n\n\n\n<div style=\"height:20px\" aria-hidden=\"true\" class=\"wp-block-spacer\"><\/div>\n\n\n\n<hr class=\"wp-block-separator has-css-opacity\"\/>\n\n\n\n<div class=\"wp-block-media-text alignwide is-stacked-on-mobile\" style=\"grid-template-columns:20% auto\"><figure class=\"wp-block-media-text__media\"><img decoding=\"async\" width=\"286\" height=\"374\" src=\"https:\/\/catalogo.spaciograficohn.com\/cat21_22\/wp-content\/uploads\/2023\/09\/matematicas2do_286x374-286x374.jpg\" alt=\"\" class=\"wp-image-962 size-full\"\/><\/figure><div class=\"wp-block-media-text__content\">\n<p style=\"font-size:25px\"> Libro de  Matem\u00e1ticas de 2do grado. <\/p>\n\n\n\n<ul class=\"wp-block-list\">\n<li>Idioma: Espa\u00f1ol<\/li>\n<\/ul>\n\n\n\n<ul class=\"wp-block-list\">\n<li>Nivel: B\u00e1sico<\/li>\n<\/ul>\n\n\n\n<ul class=\"wp-block-list\">\n<li>2da Edici\u00f3n<\/li>\n<\/ul>\n\n\n\n<p>  <img decoding=\"async\" width=\"30\" height=\"30\" class=\"wp-image-113\" style=\"width: 30px;\" src=\"https:\/\/catalogo.spaciograficohn.com\/cat21_22\/wp-content\/uploads\/2021\/08\/icono_visualizacion-e1628733297257.png\" alt=\"\">   <a href=\"https:\/\/catalogo2020.spaciograficohn.com\/cat2020\/books2023\/Matematicas2daEdicion\/02\/mobile\/index.html#p=1\" target=\"_blank\" rel=\"noreferrer noopener\">Vista previa del Libro<\/a><\/p>\n<\/div><\/div>\n\n\n\n<div style=\"height:20px\" aria-hidden=\"true\" class=\"wp-block-spacer\"><\/div>\n\n\n\n<hr class=\"wp-block-separator has-css-opacity\"\/>\n\n\n\n<div class=\"wp-block-media-text alignwide is-stacked-on-mobile\" style=\"grid-template-columns:20% auto\"><figure class=\"wp-block-media-text__media\"><img loading=\"lazy\" decoding=\"async\" width=\"284\" height=\"373\" src=\"https:\/\/catalogo.spaciograficohn.com\/cat21_22\/wp-content\/uploads\/2023\/09\/matematicas3ro_284x373-284x373.jpg\" alt=\"\" class=\"wp-image-961 size-full\"\/><\/figure><div class=\"wp-block-media-text__content\">\n<p style=\"font-size:25px\">  Libro de  Matem\u00e1ticas de 3er grado.<\/p>\n\n\n\n<ul class=\"wp-block-list\">\n<li>Idioma: Espa\u00f1ol<\/li>\n<\/ul>\n\n\n\n<ul class=\"wp-block-list\">\n<li>Nivel: B\u00e1sico<\/li>\n<\/ul>\n\n\n\n<ul class=\"wp-block-list\">\n<li>2da Edici\u00f3n<\/li>\n<\/ul>\n\n\n\n<p>  <img decoding=\"async\" width=\"30\" height=\"30\" class=\"wp-image-113\" style=\"width: 30px;\" src=\"https:\/\/catalogo.spaciograficohn.com\/cat21_22\/wp-content\/uploads\/2021\/08\/icono_visualizacion-e1628733297257.png\" alt=\"\">   <a href=\"https:\/\/catalogo2020.spaciograficohn.com\/cat2020\/books2023\/Matematicas2daEdicion\/03\/mobile\/index.html#p=1\" target=\"_blank\" rel=\"noreferrer noopener\">Vista previa del Libro<\/a><\/p>\n<\/div><\/div>\n\n\n\n<div style=\"height:20px\" aria-hidden=\"true\" class=\"wp-block-spacer\"><\/div>\n\n\n\n<hr class=\"wp-block-separator has-css-opacity\"\/>\n\n\n\n<div class=\"wp-block-media-text alignwide is-stacked-on-mobile\" style=\"grid-template-columns:20% auto\"><figure class=\"wp-block-media-text__media\"><img loading=\"lazy\" decoding=\"async\" width=\"281\" height=\"372\" src=\"https:\/\/catalogo.spaciograficohn.com\/cat21_22\/wp-content\/uploads\/2023\/09\/matematicas4to_281x372-281x372.jpg\" alt=\"\" class=\"wp-image-960 size-full\"\/><\/figure><div class=\"wp-block-media-text__content\">\n<p style=\"font-size:25px\">Libro de  Matem\u00e1ticas de 4to grado.<\/p>\n\n\n\n<ul class=\"wp-block-list\">\n<li>Idioma: Espa\u00f1ol<\/li>\n<\/ul>\n\n\n\n<ul class=\"wp-block-list\">\n<li>Nivel: B\u00e1sico<\/li>\n<\/ul>\n\n\n\n<ul class=\"wp-block-list\">\n<li>2da Edici\u00f3n<\/li>\n<\/ul>\n\n\n\n<p>  <img decoding=\"async\" width=\"30\" height=\"30\" class=\"wp-image-113\" style=\"width: 30px;\" src=\"https:\/\/catalogo.spaciograficohn.com\/cat21_22\/wp-content\/uploads\/2021\/08\/icono_visualizacion-e1628733297257.png\" alt=\"\">   <a href=\"https:\/\/catalogo2020.spaciograficohn.com\/cat2020\/books2023\/Matematicas2daEdicion\/04\/mobile\/index.html#p=1\" target=\"_blank\" rel=\"noreferrer noopener\">Vista previa del Libro<\/a><\/p>\n<\/div><\/div>\n\n\n\n<div style=\"height:20px\" aria-hidden=\"true\" class=\"wp-block-spacer\"><\/div>\n\n\n\n<hr class=\"wp-block-separator has-css-opacity\"\/>\n\n\n\n<div class=\"wp-block-media-text alignwide is-stacked-on-mobile\" style=\"grid-template-columns:20% auto\"><figure class=\"wp-block-media-text__media\"><img loading=\"lazy\" decoding=\"async\" width=\"285\" height=\"374\" src=\"https:\/\/catalogo.spaciograficohn.com\/cat21_22\/wp-content\/uploads\/2023\/09\/matematicas5to_285x374-285x374.jpg\" alt=\"\" class=\"wp-image-959 size-full\"\/><\/figure><div class=\"wp-block-media-text__content\">\n<p style=\"font-size:25px\">Libro de  Matem\u00e1ticas de 5to grado. <\/p>\n\n\n\n<ul class=\"wp-block-list\">\n<li>Idioma: Espa\u00f1ol<\/li>\n<\/ul>\n\n\n\n<ul class=\"wp-block-list\">\n<li>Nivel: B\u00e1sico<\/li>\n<\/ul>\n\n\n\n<ul class=\"wp-block-list\">\n<li>2da Edici\u00f3n<\/li>\n<\/ul>\n\n\n\n<p>  <img decoding=\"async\" width=\"30\" height=\"30\" class=\"wp-image-113\" style=\"width: 30px;\" src=\"https:\/\/catalogo.spaciograficohn.com\/cat21_22\/wp-content\/uploads\/2021\/08\/icono_visualizacion-e1628733297257.png\" alt=\"\">   <a href=\"https:\/\/catalogo2020.spaciograficohn.com\/cat2020\/books2023\/Matematicas2daEdicion\/05\/mobile\/index.html#p=1\" target=\"_blank\" rel=\"noreferrer noopener\">Vista previa del Libro<\/a><\/p>\n<\/div><\/div>\n\n\n\n<div style=\"height:20px\" aria-hidden=\"true\" class=\"wp-block-spacer\"><\/div>\n\n\n\n<hr class=\"wp-block-separator has-css-opacity\"\/>\n\n\n\n<div class=\"wp-block-media-text alignwide is-stacked-on-mobile\" style=\"grid-template-columns:20% auto\"><figure class=\"wp-block-media-text__media\"><img loading=\"lazy\" decoding=\"async\" width=\"283\" height=\"373\" src=\"https:\/\/catalogo.spaciograficohn.com\/cat21_22\/wp-content\/uploads\/2023\/09\/matematicas6to_283x373-283x373.jpg\" alt=\"\" class=\"wp-image-958 size-full\"\/><\/figure><div class=\"wp-block-media-text__content\">\n<p style=\"font-size:25px\">Libro de  Matem\u00e1ticas de 6to grado. <\/p>\n\n\n\n<ul class=\"wp-block-list\">\n<li>Idioma: Espa\u00f1ol<\/li>\n<\/ul>\n\n\n\n<ul class=\"wp-block-list\">\n<li>Nivel: B\u00e1sico<\/li>\n<\/ul>\n\n\n\n<ul class=\"wp-block-list\">\n<li>2da Edici\u00f3n<\/li>\n<\/ul>\n\n\n\n<p>  <img decoding=\"async\" width=\"30\" height=\"30\" class=\"wp-image-113\" style=\"width: 30px;\" src=\"https:\/\/catalogo.spaciograficohn.com\/cat21_22\/wp-content\/uploads\/2021\/08\/icono_visualizacion-e1628733297257.png\" alt=\"\">   <a href=\"https:\/\/catalogo2020.spaciograficohn.com\/cat2020\/books2023\/Matematicas2daEdicion\/06\/mobile\/index.html#p=1\" target=\"_blank\" rel=\"noreferrer noopener\">Vista previa del Libro<\/a><\/p>\n<\/div><\/div>\n\n\n\n<div style=\"height:20px\" aria-hidden=\"true\" class=\"wp-block-spacer\"><\/div>\n\n\n\n<hr class=\"wp-block-separator has-css-opacity\"\/>\n\n\n\n<div class=\"wp-block-media-text alignwide is-stacked-on-mobile\" style=\"grid-template-columns:20% auto\"><figure class=\"wp-block-media-text__media\"><img loading=\"lazy\" decoding=\"async\" width=\"284\" height=\"374\" src=\"https:\/\/catalogo.spaciograficohn.com\/cat21_22\/wp-content\/uploads\/2023\/09\/matematicas7mo_284x374-284x374.jpg\" alt=\"\" class=\"wp-image-957 size-full\"\/><\/figure><div class=\"wp-block-media-text__content\">\n<p style=\"font-size:25px\">Libro de  Matem\u00e1ticas de 7mo grado. <\/p>\n\n\n\n<ul class=\"wp-block-list\">\n<li>Idioma: Espa\u00f1ol<\/li>\n<\/ul>\n\n\n\n<ul class=\"wp-block-list\">\n<li>Nivel: B\u00e1sico<\/li>\n<\/ul>\n\n\n\n<ul class=\"wp-block-list\">\n<li>2da Edici\u00f3n<\/li>\n<\/ul>\n\n\n\n<p>  <img decoding=\"async\" width=\"30\" height=\"30\" class=\"wp-image-113\" style=\"width: 30px;\" src=\"https:\/\/catalogo.spaciograficohn.com\/cat21_22\/wp-content\/uploads\/2021\/08\/icono_visualizacion-e1628733297257.png\" alt=\"\">   <a href=\"https:\/\/catalogo2020.spaciograficohn.com\/cat2020\/books2023\/Matematicas2daEdicion\/07\/mobile\/index.html#p=1\" target=\"_blank\" rel=\"noreferrer noopener\">Vista previa del Libro<\/a><\/p>\n<\/div><\/div>\n\n\n\n<div style=\"height:20px\" aria-hidden=\"true\" class=\"wp-block-spacer\"><\/div>\n\n\n\n<hr class=\"wp-block-separator has-css-opacity\"\/>\n\n\n\n<div class=\"wp-block-media-text alignwide is-stacked-on-mobile\" style=\"grid-template-columns:20% auto\"><figure class=\"wp-block-media-text__media\"><img loading=\"lazy\" decoding=\"async\" width=\"284\" height=\"374\" src=\"https:\/\/catalogo.spaciograficohn.com\/cat21_22\/wp-content\/uploads\/2023\/09\/matematicas8vo_284x374-284x374.jpg\" alt=\"\" class=\"wp-image-956 size-full\"\/><\/figure><div class=\"wp-block-media-text__content\">\n<p style=\"font-size:25px\">Libro de  Matem\u00e1ticas de 8vo grado. <\/p>\n\n\n\n<ul class=\"wp-block-list\">\n<li>Idioma: Espa\u00f1ol<\/li>\n<\/ul>\n\n\n\n<ul class=\"wp-block-list\">\n<li>Nivel: B\u00e1sico<\/li>\n<\/ul>\n\n\n\n<ul class=\"wp-block-list\">\n<li>2da Edici\u00f3n<\/li>\n<\/ul>\n\n\n\n<p><img decoding=\"async\" width=\"30\" height=\"30\" class=\"wp-image-113\" style=\"width: 30px;\" src=\"https:\/\/catalogo.spaciograficohn.com\/cat21_22\/wp-content\/uploads\/2021\/08\/icono_visualizacion-e1628733297257.png\" alt=\"\"> <a href=\"https:\/\/catalogo2020.spaciograficohn.com\/cat2020\/books_2024\/Mate_8vo\/mobile\/index.html#p=1\" target=\"_blank\" rel=\"noreferrer noopener\">Vista previa del Libro<\/a><\/p>\n<\/div><\/div>\n\n\n\n<div style=\"height:20px\" aria-hidden=\"true\" class=\"wp-block-spacer\"><\/div>\n\n\n\n<hr class=\"wp-block-separator has-css-opacity\"\/>\n\n\n\n<div class=\"wp-block-media-text alignwide is-stacked-on-mobile\" style=\"grid-template-columns:20% auto\"><figure class=\"wp-block-media-text__media\"><img loading=\"lazy\" decoding=\"async\" width=\"283\" height=\"374\" src=\"https:\/\/catalogo.spaciograficohn.com\/cat21_22\/wp-content\/uploads\/2023\/09\/matematicas9no_283x374-283x374.jpg\" alt=\"\" class=\"wp-image-955 size-full\"\/><\/figure><div class=\"wp-block-media-text__content\">\n<p style=\"font-size:25px\">Libro de  Matem\u00e1ticas de 9no grado. <\/p>\n\n\n\n<ul class=\"wp-block-list\">\n<li>Idioma: Espa\u00f1ol<\/li>\n<\/ul>\n\n\n\n<ul class=\"wp-block-list\">\n<li>Nivel: B\u00e1sico<\/li>\n<\/ul>\n\n\n\n<ul class=\"wp-block-list\">\n<li>2da Edici\u00f3n<\/li>\n<\/ul>\n\n\n\n<p><img decoding=\"async\" width=\"30\" height=\"30\" class=\"wp-image-113\" style=\"width: 30px;\" src=\"https:\/\/catalogo.spaciograficohn.com\/cat21_22\/wp-content\/uploads\/2021\/08\/icono_visualizacion-e1628733297257.png\" alt=\"\"> <a href=\"https:\/\/catalogo2020.spaciograficohn.com\/cat2020\/books_2024\/Mate_9no\/mobile\/index.html#p=1\" target=\"_blank\" rel=\"noreferrer noopener\">Vista previa del Libro<\/a><\/p>\n<\/div><\/div>\n\n\n\n<div style=\"height:25px\" aria-hidden=\"true\" class=\"wp-block-spacer\"><\/div>\n\n\n\n<blockquote class=\"wp-block-quote is-layout-flow wp-block-quote-is-layout-flow\">\n<p class=\"has-background\" style=\"background-color:#cdcdcd\"><img loading=\"lazy\" decoding=\"async\" width=\"30\" height=\"30\" class=\"wp-image-516\" style=\"width: 30px;\" src=\"https:\/\/catalogo.spaciograficohn.com\/cat21_22\/wp-content\/uploads\/2021\/08\/recursoeducativosok.jpg_48x48.jpg\" alt=\"\"> Todos nuestros libros incluyen la&nbsp;<strong>GU\u00cdA DEL DOCENTE en forma digital<\/strong>, la cual puedes acceder desde el <strong>c\u00f3digo QR<\/strong> que aparece en su libro de texto, adem\u00e1s puede contar con la versi\u00f3n digital de los libros en nuestra Plataforma de Acompa\u00f1amiento.<\/p>\n<\/blockquote>\n\n\n\n<p><\/p>\n","protected":false},"excerpt":{"rendered":"<p>Nuestros libros del Matem\u00e1ticas en Espa\u00f1ol en el nivel B\u00e1sico, permiten a los educandos la capacidad intuitiva para poder encontrar las ideas necesarias con el fin de resolver problemas, por medio de m\u00e9todos demostrativos para poder ser explicado y explicitado, convirti\u00e9ndose as\u00ed en conocimiento demostrativo por excelencia. Todo lo contenido en los libros de texto, son fortalecidos en el \u00e1mbito digital por medio de nuestra plataforma de acompa\u00f1amiento, en la cual se cuenta con m\u00e1s actividades extras por lecci\u00f3n, las cuales son en su mayor\u00eda auto calificables y que aprovechan el inter\u00e9s digital de esta nueva generaci\u00f3n. Para el \u00e1rea de Matem\u00e1ticas en Espa\u00f1ol de B\u00e1sica nuestra editorial ofrece los siguientes libros de texto. Todos nuestros libros incluyen la&nbsp;GU\u00cdA DEL DOCENTE en forma digital, la cual puedes acceder desde el c\u00f3digo QR que aparece en su libro de texto, adem\u00e1s puede contar con la versi\u00f3n digital de los libros en&hellip;<\/p>\n<p> <a class=\"more-link\" href=\"https:\/\/catalogo.spaciograficohn.com\/cat21_22\/matematicas-espanol-2\/\">Leer m\u00e1s<\/a><\/p>\n","protected":false},"author":1,"featured_media":0,"parent":0,"menu_order":0,"comment_status":"closed","ping_status":"closed","template":"","meta":{"footnotes":""},"class_list":["post-261","page","type-page","status-publish"],"_links":{"self":[{"href":"https:\/\/catalogo.spaciograficohn.com\/cat21_22\/wp-json\/wp\/v2\/pages\/261","targetHints":{"allow":["GET"]}}],"collection":[{"href":"https:\/\/catalogo.spaciograficohn.com\/cat21_22\/wp-json\/wp\/v2\/pages"}],"about":[{"href":"https:\/\/catalogo.spaciograficohn.com\/cat21_22\/wp-json\/wp\/v2\/types\/page"}],"author":[{"embeddable":true,"href":"https:\/\/catalogo.spaciograficohn.com\/cat21_22\/wp-json\/wp\/v2\/users\/1"}],"replies":[{"embeddable":true,"href":"https:\/\/catalogo.spaciograficohn.com\/cat21_22\/wp-json\/wp\/v2\/comments?post=261"}],"version-history":[{"count":7,"href":"https:\/\/catalogo.spaciograficohn.com\/cat21_22\/wp-json\/wp\/v2\/pages\/261\/revisions"}],"predecessor-version":[{"id":1206,"href":"https:\/\/catalogo.spaciograficohn.com\/cat21_22\/wp-json\/wp\/v2\/pages\/261\/revisions\/1206"}],"wp:attachment":[{"href":"https:\/\/catalogo.spaciograficohn.com\/cat21_22\/wp-json\/wp\/v2\/media?parent=261"}],"curies":[{"name":"wp","href":"https:\/\/api.w.org\/{rel}","templated":true}]}}