{"id":242,"date":"2021-08-12T05:30:13","date_gmt":"2021-08-12T05:30:13","guid":{"rendered":"https:\/\/catalogo.spaciograficohn.com\/cat21_22\/?page_id=242"},"modified":"2024-10-11T20:24:42","modified_gmt":"2024-10-12T02:24:42","slug":"area-de-matematicas","status":"publish","type":"page","link":"https:\/\/catalogo.spaciograficohn.com\/cat21_22\/area-de-matematicas\/","title":{"rendered":"\u00c1rea de Matem\u00e1ticas"},"content":{"rendered":"\n<p class=\"has-text-align-left has-normal-font-size\">Nuestros libros de texto en el \u00c1rea de Matem\u00e1ticas se encuentran vinculados al desarrollo de las estructuras del pensamiento l\u00f3gico, la capacidad de abstracci\u00f3n, a los procesos deductivos e inductivos, as\u00ed como a la capacidad de s\u00edntesis y an\u00e1lisis. <\/p>\n\n\n\n<p>De igual manera empoderan a los educandos de los procesos y m\u00e9todos de car\u00e1cter cuantitativo, simb\u00f3lico y gr\u00e1fico, fomentando en ellos las competencias necesarias para que dichos conocimientos sean un apoyo indispensable para los diferentes campos del saber.<\/p>\n\n\n\n<p class=\"has-text-align-left has-normal-font-size\">Nuestros libros de texto en el \u00c1rea de Matem\u00e1ticas 2da Edici\u00f3n, se encuentran en dos idiomas:<\/p>\n\n\n\n<ul class=\"wp-block-list\">\n<li><a href=\"https:\/\/catalogo.spaciograficohn.com\/cat21_22\/matematicas-espanol-2\/\">Matem\u00e1ticas en Espa\u00f1ol<\/a>, toda b\u00e1sica<\/li>\n\n\n\n<li><a href=\"https:\/\/catalogo.spaciograficohn.com\/cat21_22\/matematicas-espanol\/\">Matem\u00e1ticas en Ingles<\/a> (MATH), toda b\u00e1sica.<\/li>\n<\/ul>\n\n\n\n<div style=\"height:20px\" aria-hidden=\"true\" class=\"wp-block-spacer\"><\/div>\n\n\n\n<blockquote class=\"wp-block-quote is-layout-flow wp-block-quote-is-layout-flow\">\n<p class=\"has-background\" style=\"background-color:#cdcdcd\"><img decoding=\"async\" width=\"30\" height=\"30\" class=\"wp-image-516\" style=\"width: 30px;\" src=\"https:\/\/catalogo.spaciograficohn.com\/cat21_22\/wp-content\/uploads\/2021\/08\/recursoeducativosok.jpg_48x48.jpg\" alt=\"\"> Todos nuestros libros incluyen la&nbsp;<strong>GU\u00cdA DEL DOCENTE en forma digital<\/strong>, la cual puedes acceder desde el <strong>c\u00f3digo QR<\/strong> que aparece en su libro de texto, adem\u00e1s puede contar con la versi\u00f3n digital de los libros en nuestra Plataforma de Acompa\u00f1amiento.<\/p>\n<\/blockquote>\n","protected":false},"excerpt":{"rendered":"<p>Nuestros libros de texto en el \u00c1rea de Matem\u00e1ticas se encuentran vinculados al desarrollo de las estructuras del pensamiento l\u00f3gico, la capacidad de abstracci\u00f3n, a los procesos deductivos e inductivos, as\u00ed como a la capacidad de s\u00edntesis y an\u00e1lisis. De igual manera empoderan a los educandos de los procesos y m\u00e9todos de car\u00e1cter cuantitativo, simb\u00f3lico y gr\u00e1fico, fomentando en ellos las competencias necesarias para que dichos conocimientos sean un apoyo indispensable para los diferentes campos del saber. Nuestros libros de texto en el \u00c1rea de Matem\u00e1ticas 2da Edici\u00f3n, se encuentran en dos idiomas: Todos nuestros libros incluyen la&nbsp;GU\u00cdA DEL DOCENTE en forma digital, la cual puedes acceder desde el c\u00f3digo QR que aparece en su libro de texto, adem\u00e1s puede contar con la versi\u00f3n digital de los libros en nuestra Plataforma de Acompa\u00f1amiento.<\/p>\n","protected":false},"author":1,"featured_media":0,"parent":0,"menu_order":0,"comment_status":"closed","ping_status":"closed","template":"","meta":{"footnotes":""},"class_list":["post-242","page","type-page","status-publish"],"_links":{"self":[{"href":"https:\/\/catalogo.spaciograficohn.com\/cat21_22\/wp-json\/wp\/v2\/pages\/242","targetHints":{"allow":["GET"]}}],"collection":[{"href":"https:\/\/catalogo.spaciograficohn.com\/cat21_22\/wp-json\/wp\/v2\/pages"}],"about":[{"href":"https:\/\/catalogo.spaciograficohn.com\/cat21_22\/wp-json\/wp\/v2\/types\/page"}],"author":[{"embeddable":true,"href":"https:\/\/catalogo.spaciograficohn.com\/cat21_22\/wp-json\/wp\/v2\/users\/1"}],"replies":[{"embeddable":true,"href":"https:\/\/catalogo.spaciograficohn.com\/cat21_22\/wp-json\/wp\/v2\/comments?post=242"}],"version-history":[{"count":5,"href":"https:\/\/catalogo.spaciograficohn.com\/cat21_22\/wp-json\/wp\/v2\/pages\/242\/revisions"}],"predecessor-version":[{"id":1198,"href":"https:\/\/catalogo.spaciograficohn.com\/cat21_22\/wp-json\/wp\/v2\/pages\/242\/revisions\/1198"}],"wp:attachment":[{"href":"https:\/\/catalogo.spaciograficohn.com\/cat21_22\/wp-json\/wp\/v2\/media?parent=242"}],"curies":[{"name":"wp","href":"https:\/\/api.w.org\/{rel}","templated":true}]}}