{"id":204,"date":"2021-08-12T04:17:17","date_gmt":"2021-08-12T04:17:17","guid":{"rendered":"https:\/\/catalogo.spaciograficohn.com\/cat21_22\/?page_id=204"},"modified":"2024-10-08T22:14:08","modified_gmt":"2024-10-09T04:14:08","slug":"area-de-ciencias-sociales","status":"publish","type":"page","link":"https:\/\/catalogo.spaciograficohn.com\/cat21_22\/area-de-ciencias-sociales\/","title":{"rendered":"\u00c1rea de Ciencias Sociales"},"content":{"rendered":"\t\t<div data-elementor-type=\"wp-page\" data-elementor-id=\"204\" class=\"elementor elementor-204\">\n\t\t\t\t<div class=\"elementor-element elementor-element-6471d24d e-flex e-con-boxed e-con e-parent\" data-id=\"6471d24d\" data-element_type=\"container\">\n\t\t\t\t\t<div class=\"e-con-inner\">\n\t\t\t\t<div class=\"elementor-element elementor-element-7b192ee7 elementor-widget elementor-widget-text-editor\" data-id=\"7b192ee7\" data-element_type=\"widget\" data-widget_type=\"text-editor.default\">\n\t\t\t\t<div class=\"elementor-widget-container\">\n\t\t\t\t\t\t\t\t\t\n<p class=\"has-text-align-left has-normal-font-size\"><span style=\"color: #000000;\">Nuestros libros del <strong>\u00c1rea de Ciencias Sociales<\/strong> en el nivel B\u00e1sico, est\u00e1n elaborados considerando al hombre viviendo en sociedad, quien es actor de procesos que se desarrollan en el contexto Tiempo-Espacio determinado.<\/span><\/p>\n<p><span style=\"color: #000000;\"><\/span><\/p>\n<p><span style=\"color: #000000;\">Nuestra editorial te ofrece una amplia gama de <strong>libros de texto de Ciencias Sociales<\/strong> dise\u00f1ados para estudiantes de <strong>Educaci\u00f3n B\u00e1sica y Media<\/strong>. Con un enfoque pedag\u00f3gico innovador y adaptado a la realidad hondure\u00f1a, nuestros materiales promueven:<\/span><\/p>\n<p><span style=\"color: #000000;\"><\/span><\/p>\n<ul class=\"wp-block-list\">\n<li><span style=\"color: #000000;\">Aprendizaje significativo<\/span><\/li>\n\n<li><span style=\"color: #000000;\">Desarrollo de competencias<\/span><\/li>\n\n<li><span style=\"color: #000000;\">Contenido actualizado<\/span><\/li>\n\n<li><span style=\"color: #000000;\">Recursos did\u00e1cticos<\/span><\/li>\n<\/ul>\n<p><span style=\"color: #000000;\"><\/span><\/p>\n<p><span style=\"color: #000000;\">En los libros de texto podemos encontrar la Geograf\u00eda y la Historia que constituyen las disciplinas vertebradoras de las Ciencias Sociales, as\u00ed como: persona, tiempo y espacio, cambio y continuidad, estructura y proceso, causalidad y multicausalidad, actores y relaciones sociales, sociedades, pueblos y culturas.<\/span><\/p>\n<p><span style=\"color: #000000;\"><\/span><\/p>\n<p><span style=\"color: #000000;\">En el \u00c1rea de Ciencias Sociales podemos encontrar:<\/span><\/p>\n\n<ul class=\"wp-block-list\">\n<li><a href=\"https:\/\/catalogo.spaciograficohn.com\/cat21_22\/ciencias-sociales\/\">Ciencias Sociales<\/a><\/li>\n<\/ul>\n\n<ul class=\"wp-block-list\">\n<li><a href=\"https:\/\/catalogo.spaciograficohn.com\/cat21_22\/educacion-civica\/\">Educaci\u00f3n C\u00edvica<\/a><\/li>\n<\/ul>\n\t\t\t\t\t\t\t\t<\/div>\n\t\t\t\t<\/div>\n\t\t\t\t\t<\/div>\n\t\t\t\t<\/div>\n\t\t<div class=\"elementor-element elementor-element-6ab899a e-flex e-con-boxed e-con e-parent\" data-id=\"6ab899a\" data-element_type=\"container\">\n\t\t\t\t\t<div class=\"e-con-inner\">\n\t\t<div class=\"elementor-element elementor-element-cf5e0ce e-con-full e-flex e-con e-child\" data-id=\"cf5e0ce\" data-element_type=\"container\">\n\t\t\t\t<div class=\"elementor-element elementor-element-8d98e6f elementor-widget elementor-widget-text-editor\" data-id=\"8d98e6f\" data-element_type=\"widget\" data-widget_type=\"text-editor.default\">\n\t\t\t\t<div class=\"elementor-widget-container\">\n\t\t\t\t\t\t\t\t\t<p>Si deseas m\u00e1s informaci\u00f3n sobre nuestros libros de <strong>Ciencias Sociales<\/strong>, comun\u00edcate por cualquiera de nuestros medios:<\/p>\t\t\t\t\t\t\t\t<\/div>\n\t\t\t\t<\/div>\n\t\t<div class=\"elementor-element elementor-element-6cac3ed e-grid e-con-full e-con e-child\" data-id=\"6cac3ed\" data-element_type=\"container\" data-settings=\"{&quot;background_background&quot;:&quot;classic&quot;}\">\n\t\t\t\t<div class=\"elementor-element elementor-element-461c3aa elementor-widget elementor-widget-text-editor\" data-id=\"461c3aa\" data-element_type=\"widget\" data-widget_type=\"text-editor.default\">\n\t\t\t\t<div class=\"elementor-widget-container\">\n\t\t\t\t\t\t\t\t\t<p><img decoding=\"async\" class=\"aligncenter wp-image-1045\" src=\"https:\/\/catalogo.spaciograficohn.com\/cat21_22\/wp-content\/uploads\/2024\/10\/Asesor2-150x150.webp\" alt=\"\" width=\"50\" height=\"50\" srcset=\"https:\/\/catalogo.spaciograficohn.com\/cat21_22\/wp-content\/uploads\/2024\/10\/Asesor2-150x150.webp 150w, https:\/\/catalogo.spaciograficohn.com\/cat21_22\/wp-content\/uploads\/2024\/10\/Asesor2.png 256w\" sizes=\"(max-width: 50px) 100vw, 50px\" \/><\/p>\n<ul>\n<li><span style=\"color: #000000;\">Tu Asesor de Ventas o Distribuidor Autorizado<\/span><\/li>\n<\/ul>\t\t\t\t\t\t\t\t<\/div>\n\t\t\t\t<\/div>\n\t\t\t\t<div class=\"elementor-element elementor-element-89db96f elementor-widget elementor-widget-text-editor\" data-id=\"89db96f\" data-element_type=\"widget\" data-widget_type=\"text-editor.default\">\n\t\t\t\t<div class=\"elementor-widget-container\">\n\t\t\t\t\t\t\t\t\t<p><img decoding=\"async\" class=\"aligncenter wp-image-1050\" src=\"https:\/\/catalogo.spaciograficohn.com\/cat21_22\/wp-content\/uploads\/2024\/10\/Formulario-150x150.webp\" alt=\"\" width=\"50\" height=\"50\" srcset=\"https:\/\/catalogo.spaciograficohn.com\/cat21_22\/wp-content\/uploads\/2024\/10\/Formulario-150x150.webp 150w, https:\/\/catalogo.spaciograficohn.com\/cat21_22\/wp-content\/uploads\/2024\/10\/Formulario-300x300.webp 300w, https:\/\/catalogo.spaciograficohn.com\/cat21_22\/wp-content\/uploads\/2024\/10\/Formulario.webp 512w\" sizes=\"(max-width: 50px) 100vw, 50px\" \/><\/p>\n<ul>\n<li><span style=\"color: #000000;\">Formulario en l\u00ednea en el men\u00fa cont\u00e1ctenos.<\/span><\/li>\n<\/ul>\t\t\t\t\t\t\t\t<\/div>\n\t\t\t\t<\/div>\n\t\t\t\t<div class=\"elementor-element elementor-element-11edd96 elementor-widget elementor-widget-text-editor\" data-id=\"11edd96\" data-element_type=\"widget\" data-widget_type=\"text-editor.default\">\n\t\t\t\t<div class=\"elementor-widget-container\">\n\t\t\t\t\t\t\t\t\t<p><img decoding=\"async\" class=\"aligncenter wp-image-1051\" src=\"https:\/\/catalogo.spaciograficohn.com\/cat21_22\/wp-content\/uploads\/2024\/10\/envioimagen-150x150.png\" alt=\"\" width=\"50\" height=\"50\" \/><\/p>\n<ul>\n<li style=\"text-align: left;\"><span style=\"color: #000000;\">Env\u00eda un email a:<\/span> <a href=\"mailto:imprenta@spaciograficohn.com\">imprenta@spaciograficohn.com<\/a><\/li>\n<\/ul>\t\t\t\t\t\t\t\t<\/div>\n\t\t\t\t<\/div>\n\t\t\t\t<div class=\"elementor-element elementor-element-2ea35c2 elementor-widget elementor-widget-text-editor\" data-id=\"2ea35c2\" data-element_type=\"widget\" data-widget_type=\"text-editor.default\">\n\t\t\t\t<div class=\"elementor-widget-container\">\n\t\t\t\t\t\t\t\t\t<p><img loading=\"lazy\" decoding=\"async\" class=\"aligncenter wp-image-1052\" src=\"https:\/\/catalogo.spaciograficohn.com\/cat21_22\/wp-content\/uploads\/2024\/10\/llamar-telefon-150x150.png\" alt=\"\" width=\"50\" height=\"50\" \/><\/p>\n<ul>\n<li><span style=\"color: #000000;\">Ll\u00e1manos a nuestro n\u00famero telef\u00f3nico: (504) 9473-8099 en Tegucigalpa y 9672-6826 en San Pedro Sula.<br \/><\/span><\/li>\n<\/ul>\t\t\t\t\t\t\t\t<\/div>\n\t\t\t\t<\/div>\n\t\t\t\t<\/div>\n\t\t\t\t<\/div>\n\t\t\t\t<div class=\"elementor-element elementor-element-1a5068e elementor-widget elementor-widget-text-editor\" data-id=\"1a5068e\" data-element_type=\"widget\" data-widget_type=\"text-editor.default\">\n\t\t\t\t<div class=\"elementor-widget-container\">\n\t\t\t\t\t\t\t\t\t\n<ul class=\"wp-block-list\"><\/ul>\n<!-- \/wp:list --><!-- wp:spacer {\"height\":\"20px\"} --><!-- \/wp:spacer --><!-- wp:paragraph -->\n<ul class=\"wp-block-list\"><!-- \/wp:list-item --><\/ul>\n<!-- \/wp:list --><!-- wp:quote -->\n<blockquote class=\"wp-block-quote\"><!-- wp:paragraph -->\n<p><img loading=\"lazy\" decoding=\"async\" width=\"30\" height=\"30\" class=\"wp-image-516\" style=\"width: 30px;\" src=\"https:\/\/catalogo.spaciograficohn.com\/cat21_22\/wp-content\/uploads\/2021\/08\/recursoeducativosok.jpg_48x48.jpg\" alt=\"\" \/> <span style=\"font-size: revert; color: initial;\">Todos nuestros libros incluyen la <\/span><strong style=\"font-size: revert; color: initial;\">GU\u00cdA DEL DOCENTE en forma digital<\/strong><span style=\"font-size: revert; color: initial;\">, la cual puedes acceder desde el <strong>c\u00f3digo QR<\/strong> de nuestros libros de texto para el docente. Tambi\u00e9n puedes acceder a la versi\u00f3n en digital desde nuestra <strong>Plataforma de Acompa\u00f1amiento Digital EDUSPACIO<\/strong>.<br \/><\/span><\/p>\n<!-- \/wp:paragraph --><\/blockquote>\n<!-- \/wp:quote -->\t\t\t\t\t\t\t\t<\/div>\n\t\t\t\t<\/div>\n\t\t\t\t\t<\/div>\n\t\t\t\t<\/div>\n\t\t\t\t<\/div>\n\t\t","protected":false},"excerpt":{"rendered":"<p>Nuestros libros del \u00c1rea de Ciencias Sociales en el nivel B\u00e1sico, est\u00e1n elaborados considerando al hombre viviendo en sociedad, quien es actor de procesos que se desarrollan en el contexto Tiempo-Espacio determinado. Nuestra editorial te ofrece una amplia gama de libros de texto de Ciencias Sociales dise\u00f1ados para estudiantes de Educaci\u00f3n B\u00e1sica y Media. Con un enfoque pedag\u00f3gico innovador y adaptado a la realidad hondure\u00f1a, nuestros materiales promueven: En los libros de texto podemos encontrar la Geograf\u00eda y la Historia que constituyen las disciplinas vertebradoras de las Ciencias Sociales, as\u00ed como: persona, tiempo y espacio, cambio y continuidad, estructura y proceso, causalidad y multicausalidad, actores y relaciones sociales, sociedades, pueblos y culturas. En el \u00c1rea de Ciencias Sociales podemos encontrar: Si deseas m\u00e1s informaci\u00f3n sobre nuestros libros de Ciencias Sociales, comun\u00edcate por cualquiera de nuestros medios: Tu Asesor de Ventas o Distribuidor Autorizado Formulario en l\u00ednea en el men\u00fa cont\u00e1ctenos.&hellip;<\/p>\n<p> <a class=\"more-link\" href=\"https:\/\/catalogo.spaciograficohn.com\/cat21_22\/area-de-ciencias-sociales\/\">Leer m\u00e1s<\/a><\/p>\n","protected":false},"author":1,"featured_media":0,"parent":0,"menu_order":0,"comment_status":"closed","ping_status":"closed","template":"","meta":{"footnotes":""},"class_list":["post-204","page","type-page","status-publish"],"_links":{"self":[{"href":"https:\/\/catalogo.spaciograficohn.com\/cat21_22\/wp-json\/wp\/v2\/pages\/204","targetHints":{"allow":["GET"]}}],"collection":[{"href":"https:\/\/catalogo.spaciograficohn.com\/cat21_22\/wp-json\/wp\/v2\/pages"}],"about":[{"href":"https:\/\/catalogo.spaciograficohn.com\/cat21_22\/wp-json\/wp\/v2\/types\/page"}],"author":[{"embeddable":true,"href":"https:\/\/catalogo.spaciograficohn.com\/cat21_22\/wp-json\/wp\/v2\/users\/1"}],"replies":[{"embeddable":true,"href":"https:\/\/catalogo.spaciograficohn.com\/cat21_22\/wp-json\/wp\/v2\/comments?post=204"}],"version-history":[{"count":17,"href":"https:\/\/catalogo.spaciograficohn.com\/cat21_22\/wp-json\/wp\/v2\/pages\/204\/revisions"}],"predecessor-version":[{"id":1098,"href":"https:\/\/catalogo.spaciograficohn.com\/cat21_22\/wp-json\/wp\/v2\/pages\/204\/revisions\/1098"}],"wp:attachment":[{"href":"https:\/\/catalogo.spaciograficohn.com\/cat21_22\/wp-json\/wp\/v2\/media?parent=204"}],"curies":[{"name":"wp","href":"https:\/\/api.w.org\/{rel}","templated":true}]}}