{"id":149,"date":"2021-08-12T03:01:43","date_gmt":"2021-08-12T03:01:43","guid":{"rendered":"https:\/\/catalogo.spaciograficohn.com\/cat21_22\/?page_id=149"},"modified":"2024-10-11T20:28:23","modified_gmt":"2024-10-12T02:28:23","slug":"espanol-basica","status":"publish","type":"page","link":"https:\/\/catalogo.spaciograficohn.com\/cat21_22\/espanol-basica\/","title":{"rendered":"Espa\u00f1ol &#8211; B\u00e1sica"},"content":{"rendered":"\n<p class=\"has-text-align-left has-normal-font-size\">Nuestros libros de Espa\u00f1ol del <strong>\u00e1rea de Comunicaciones<\/strong> en el nivel B\u00e1sico, est\u00e1n dise\u00f1ados siguiendo los par\u00e1metros del <strong>enfoque comunicativo<\/strong>, y las indicaciones definidas en el Curr\u00edculo Nacional B\u00e1sico. <\/p>\n\n\n\n<p>En los mismos se pueden encontrar ejercicios pedag\u00f3gicos adecuados a la edad y el nivel de los educandos. Incluye las expectativas de logro, pruebas formativas, glosario de t\u00e9rminos, una amplia y entretenida gama de actividades para que el educando refuerce los contenidos aprendidos en la clase.<\/p>\n\n\n\n<p>Todo lo contenido en los libros de texto, son fortalecidos en el \u00e1mbito digital por medio de nuestra plataforma de acompa\u00f1amiento, en la cual se cuenta con m\u00e1s actividades extras por lecci\u00f3n, las cuales son en su mayor\u00eda auto calificables y que aprovechan el inter\u00e9s digital de esta nueva generaci\u00f3n.<\/p>\n\n\n\n<p class=\"has-normal-font-size\">Para el \u00e1rea de Comunicaci\u00f3n en B\u00e1sica nuestra editorial ofrece los siguientes libros de texto.<\/p>\n\n\n\n<div class=\"wp-block-media-text alignwide is-stacked-on-mobile\" style=\"grid-template-columns:20% auto\"><figure class=\"wp-block-media-text__media\"><img fetchpriority=\"high\" decoding=\"async\" width=\"255\" height=\"330\" src=\"https:\/\/catalogo.spaciograficohn.com\/cat21_22\/wp-content\/uploads\/2022\/10\/Portadas-Espanol-1_255x330-255x330.jpg\" alt=\"\" class=\"wp-image-752 size-full\"\/><\/figure><div class=\"wp-block-media-text__content\">\n<p style=\"font-size:25px\">Libro de Espa\u00f1ol de 1er grado, 3era Edici\u00f3n.<\/p>\n\n\n\n<ul class=\"wp-block-list\">\n<li>Idioma: Espa\u00f1ol<\/li>\n<\/ul>\n\n\n\n<ul class=\"wp-block-list\">\n<li>Nivel: B\u00e1sico<\/li>\n<\/ul>\n\n\n\n<p><img decoding=\"async\" width=\"30\" height=\"30\" class=\"wp-image-113\" style=\"width: 30px;\" src=\"https:\/\/catalogo.spaciograficohn.com\/cat21_22\/wp-content\/uploads\/2021\/08\/icono_visualizacion-e1628733297257.png\" alt=\"\">  <a href=\"https:\/\/catalogo2020.spaciograficohn.com\/cat2020\/2basica\/1espNew\/01\/mobile\/index.html#p=1\">Vista previa del Libro<\/a><\/p>\n<\/div><\/div>\n\n\n\n<div style=\"height:20px\" aria-hidden=\"true\" class=\"wp-block-spacer\"><\/div>\n\n\n\n<hr class=\"wp-block-separator has-css-opacity width: 50%\"\/>\n\n\n\n<div class=\"wp-block-media-text alignwide is-stacked-on-mobile\" style=\"grid-template-columns:20% auto\"><figure class=\"wp-block-media-text__media\"><img decoding=\"async\" width=\"254\" height=\"331\" src=\"https:\/\/catalogo.spaciograficohn.com\/cat21_22\/wp-content\/uploads\/2022\/10\/Lib_Trabajo_254x331-254x331.jpeg\" alt=\"\" class=\"wp-image-821 size-full\"\/><\/figure><div class=\"wp-block-media-text__content\">\n<p style=\"font-size:25px\">Libro de Trabajo Espa\u00f1ol de 1er grado, 3era Edici\u00f3n.<\/p>\n\n\n\n<ul class=\"wp-block-list\">\n<li>Idioma: Espa\u00f1ol<\/li>\n<\/ul>\n\n\n\n<ul class=\"wp-block-list\">\n<li>Nivel: B\u00e1sico<\/li>\n<\/ul>\n\n\n\n<p>  <img decoding=\"async\" width=\"30\" height=\"30\" class=\"wp-image-113\" style=\"width: 30px;\" src=\"https:\/\/catalogo.spaciograficohn.com\/cat21_22\/wp-content\/uploads\/2021\/08\/icono_visualizacion-e1628733297257.png\" alt=\"\">   <a href=\"https:\/\/www.catalogo2020.spaciograficohn.com\/cat2020\/2basica\/1esp\/1epsbastrab\/mobile\/index.html#p=1\">Vista previa del Libro<\/a><\/p>\n<\/div><\/div>\n\n\n\n<div style=\"height:20px\" aria-hidden=\"true\" class=\"wp-block-spacer\"><\/div>\n\n\n\n<hr class=\"wp-block-separator has-css-opacity\"\/>\n\n\n\n<div class=\"wp-block-media-text alignwide is-stacked-on-mobile\" style=\"grid-template-columns:20% auto\"><figure class=\"wp-block-media-text__media\"><img loading=\"lazy\" decoding=\"async\" width=\"255\" height=\"330\" src=\"https:\/\/catalogo.spaciograficohn.com\/cat21_22\/wp-content\/uploads\/2022\/10\/Portadas-Espanol-2_255x330-255x330.jpg\" alt=\"\" class=\"wp-image-753 size-full\"\/><\/figure><div class=\"wp-block-media-text__content\">\n<p style=\"font-size:25px\"> Libro de Espa\u00f1ol de 2do grado, 3era Edici\u00f3n. <\/p>\n\n\n\n<ul class=\"wp-block-list\">\n<li>Idioma: Espa\u00f1ol<\/li>\n<\/ul>\n\n\n\n<ul class=\"wp-block-list\">\n<li>Nivel: B\u00e1sico<\/li>\n<\/ul>\n\n\n\n<p>  <img decoding=\"async\" width=\"30\" height=\"30\" class=\"wp-image-113\" style=\"width: 30px;\" src=\"https:\/\/catalogo.spaciograficohn.com\/cat21_22\/wp-content\/uploads\/2021\/08\/icono_visualizacion-e1628733297257.png\" alt=\"\">   <a href=\"https:\/\/catalogo2020.spaciograficohn.com\/cat2020\/2basica\/1espNew\/02\/mobile\/index.html#p=1\">Vista previa del Libro<\/a><\/p>\n<\/div><\/div>\n\n\n\n<div style=\"height:20px\" aria-hidden=\"true\" class=\"wp-block-spacer\"><\/div>\n\n\n\n<hr class=\"wp-block-separator has-css-opacity\"\/>\n\n\n\n<div class=\"wp-block-media-text alignwide is-stacked-on-mobile\" style=\"grid-template-columns:20% auto\"><figure class=\"wp-block-media-text__media\"><img loading=\"lazy\" decoding=\"async\" width=\"255\" height=\"330\" src=\"https:\/\/catalogo.spaciograficohn.com\/cat21_22\/wp-content\/uploads\/2022\/10\/Portadas-Espanol-3_255x330-255x330.jpg\" alt=\"\" class=\"wp-image-754 size-full\"\/><\/figure><div class=\"wp-block-media-text__content\">\n<p style=\"font-size:25px\">  Libro de Espa\u00f1ol de 3er grado, 3era Edici\u00f3n.<\/p>\n\n\n\n<ul class=\"wp-block-list\">\n<li>Idioma: Espa\u00f1ol<\/li>\n<\/ul>\n\n\n\n<ul class=\"wp-block-list\">\n<li>Nivel: B\u00e1sico<\/li>\n<\/ul>\n\n\n\n<p>  <img decoding=\"async\" width=\"30\" height=\"30\" class=\"wp-image-113\" style=\"width: 30px;\" src=\"https:\/\/catalogo.spaciograficohn.com\/cat21_22\/wp-content\/uploads\/2021\/08\/icono_visualizacion-e1628733297257.png\" alt=\"\">   <a href=\"https:\/\/catalogo2020.spaciograficohn.com\/cat2020\/2basica\/1espNew\/03\/mobile\/index.html#p=1\">Vista previa del Libro<\/a><\/p>\n<\/div><\/div>\n\n\n\n<div style=\"height:20px\" aria-hidden=\"true\" class=\"wp-block-spacer\"><\/div>\n\n\n\n<hr class=\"wp-block-separator has-css-opacity\"\/>\n\n\n\n<div class=\"wp-block-media-text alignwide is-stacked-on-mobile\" style=\"grid-template-columns:20% auto\"><figure class=\"wp-block-media-text__media\"><img loading=\"lazy\" decoding=\"async\" width=\"255\" height=\"330\" src=\"https:\/\/catalogo.spaciograficohn.com\/cat21_22\/wp-content\/uploads\/2022\/10\/Portadas-Espanol-4_255x330-255x330.jpg\" alt=\"\" class=\"wp-image-755 size-full\"\/><\/figure><div class=\"wp-block-media-text__content\">\n<p style=\"font-size:25px\">Libro de Espa\u00f1ol de 4to grado, 3era Edici\u00f3n.<\/p>\n\n\n\n<ul class=\"wp-block-list\">\n<li>Idioma: Espa\u00f1ol<\/li>\n<\/ul>\n\n\n\n<ul class=\"wp-block-list\">\n<li>Nivel: B\u00e1sico<\/li>\n<\/ul>\n\n\n\n<p>  <img decoding=\"async\" width=\"30\" height=\"30\" class=\"wp-image-113\" style=\"width: 30px;\" src=\"https:\/\/catalogo.spaciograficohn.com\/cat21_22\/wp-content\/uploads\/2021\/08\/icono_visualizacion-e1628733297257.png\" alt=\"\">   <a href=\"https:\/\/catalogo2020.spaciograficohn.com\/cat2020\/2basica\/1espNew\/04\/mobile\/index.html#p=1\">Vista previa del Libro<\/a><\/p>\n<\/div><\/div>\n\n\n\n<div style=\"height:20px\" aria-hidden=\"true\" class=\"wp-block-spacer\"><\/div>\n\n\n\n<hr class=\"wp-block-separator has-css-opacity\"\/>\n\n\n\n<div class=\"wp-block-media-text alignwide is-stacked-on-mobile\" style=\"grid-template-columns:20% auto\"><figure class=\"wp-block-media-text__media\"><img loading=\"lazy\" decoding=\"async\" width=\"255\" height=\"330\" src=\"https:\/\/catalogo.spaciograficohn.com\/cat21_22\/wp-content\/uploads\/2022\/10\/Portadas-Espanol-5_255x330-255x330.jpg\" alt=\"\" class=\"wp-image-756 size-full\"\/><\/figure><div class=\"wp-block-media-text__content\">\n<p style=\"font-size:25px\">Libro de Espa\u00f1ol de 5to grado, 3era Edici\u00f3n. <\/p>\n\n\n\n<ul class=\"wp-block-list\">\n<li>Idioma: Espa\u00f1ol<\/li>\n<\/ul>\n\n\n\n<ul class=\"wp-block-list\">\n<li>Nivel: B\u00e1sico<\/li>\n<\/ul>\n\n\n\n<p>  <img decoding=\"async\" width=\"30\" height=\"30\" class=\"wp-image-113\" style=\"width: 30px;\" src=\"https:\/\/catalogo.spaciograficohn.com\/cat21_22\/wp-content\/uploads\/2021\/08\/icono_visualizacion-e1628733297257.png\" alt=\"\">   <a href=\"https:\/\/catalogo2020.spaciograficohn.com\/cat2020\/2basica\/1espNew\/05\/mobile\/index.html#p=1\">Vista previa del Libro<\/a><\/p>\n<\/div><\/div>\n\n\n\n<div style=\"height:20px\" aria-hidden=\"true\" class=\"wp-block-spacer\"><\/div>\n\n\n\n<hr class=\"wp-block-separator has-css-opacity\"\/>\n\n\n\n<div class=\"wp-block-media-text alignwide is-stacked-on-mobile\" style=\"grid-template-columns:20% auto\"><figure class=\"wp-block-media-text__media\"><img loading=\"lazy\" decoding=\"async\" width=\"255\" height=\"330\" src=\"https:\/\/catalogo.spaciograficohn.com\/cat21_22\/wp-content\/uploads\/2022\/10\/Portadas-Espanol-6_255x330-255x330.jpg\" alt=\"\" class=\"wp-image-757 size-full\"\/><\/figure><div class=\"wp-block-media-text__content\">\n<p style=\"font-size:25px\">Libro de Espa\u00f1ol de 6to grado, 3era Edici\u00f3n. <\/p>\n\n\n\n<ul class=\"wp-block-list\">\n<li>Idioma: Espa\u00f1ol<\/li>\n<\/ul>\n\n\n\n<ul class=\"wp-block-list\">\n<li>Nivel: B\u00e1sico<\/li>\n<\/ul>\n\n\n\n<p>  <img decoding=\"async\" width=\"30\" height=\"30\" class=\"wp-image-113\" style=\"width: 30px;\" src=\"https:\/\/catalogo.spaciograficohn.com\/cat21_22\/wp-content\/uploads\/2021\/08\/icono_visualizacion-e1628733297257.png\" alt=\"\">   <a href=\"https:\/\/catalogo2020.spaciograficohn.com\/cat2020\/2basica\/1espNew\/06\/mobile\/index.html#p=1\">Vista previa del Libro<\/a><\/p>\n<\/div><\/div>\n\n\n\n<div style=\"height:20px\" aria-hidden=\"true\" class=\"wp-block-spacer\"><\/div>\n\n\n\n<hr class=\"wp-block-separator has-css-opacity\"\/>\n\n\n\n<div class=\"wp-block-media-text alignwide is-stacked-on-mobile\" style=\"grid-template-columns:20% auto\"><figure class=\"wp-block-media-text__media\"><img loading=\"lazy\" decoding=\"async\" width=\"255\" height=\"330\" src=\"https:\/\/catalogo.spaciograficohn.com\/cat21_22\/wp-content\/uploads\/2022\/10\/Portadas-Espanol-7_255x330-255x330.jpg\" alt=\"\" class=\"wp-image-758 size-full\"\/><\/figure><div class=\"wp-block-media-text__content\">\n<p style=\"font-size:25px\">Libro de Espa\u00f1ol de 7mo grado, 3era Edici\u00f3n.<\/p>\n\n\n\n<ul class=\"wp-block-list\">\n<li>Idioma: Espa\u00f1ol<\/li>\n<\/ul>\n\n\n\n<ul class=\"wp-block-list\">\n<li>Nivel: B\u00e1sico<\/li>\n<\/ul>\n\n\n\n<p>  <img decoding=\"async\" width=\"30\" height=\"30\" class=\"wp-image-113\" style=\"width: 30px;\" src=\"https:\/\/catalogo.spaciograficohn.com\/cat21_22\/wp-content\/uploads\/2021\/08\/icono_visualizacion-e1628733297257.png\" alt=\"\">   <a href=\"https:\/\/catalogo2020.spaciograficohn.com\/cat2020\/2basica\/1espNew\/07\/mobile\/index.html#p=1\">Vista previa del Libro<\/a><\/p>\n<\/div><\/div>\n\n\n\n<div style=\"height:20px\" aria-hidden=\"true\" class=\"wp-block-spacer\"><\/div>\n\n\n\n<hr class=\"wp-block-separator has-css-opacity\"\/>\n\n\n\n<div class=\"wp-block-media-text alignwide is-stacked-on-mobile\" style=\"grid-template-columns:20% auto\"><figure class=\"wp-block-media-text__media\"><img loading=\"lazy\" decoding=\"async\" width=\"255\" height=\"330\" src=\"https:\/\/catalogo.spaciograficohn.com\/cat21_22\/wp-content\/uploads\/2022\/10\/Portadas-Espanol-8_255x330-255x330.jpg\" alt=\"\" class=\"wp-image-759 size-full\"\/><\/figure><div class=\"wp-block-media-text__content\">\n<p style=\"font-size:25px\">Libro de Espa\u00f1ol de 8vo grado, 3era Edici\u00f3n.<\/p>\n\n\n\n<ul class=\"wp-block-list\">\n<li>Idioma: Espa\u00f1ol<\/li>\n<\/ul>\n\n\n\n<ul class=\"wp-block-list\">\n<li>Nivel: B\u00e1sico<\/li>\n<\/ul>\n\n\n\n<p>  <img decoding=\"async\" width=\"30\" height=\"30\" class=\"wp-image-113\" style=\"width: 30px;\" src=\"https:\/\/catalogo.spaciograficohn.com\/cat21_22\/wp-content\/uploads\/2021\/08\/icono_visualizacion-e1628733297257.png\" alt=\"\">   <a href=\"https:\/\/catalogo2020.spaciograficohn.com\/cat2020\/2basica\/1espNew\/08\/mobile\/index.html#p=1\">Vista previa del Libro<\/a><\/p>\n<\/div><\/div>\n\n\n\n<div style=\"height:20px\" aria-hidden=\"true\" class=\"wp-block-spacer\"><\/div>\n\n\n\n<hr class=\"wp-block-separator has-css-opacity\"\/>\n\n\n\n<div class=\"wp-block-media-text alignwide is-stacked-on-mobile\" style=\"grid-template-columns:20% auto\"><figure class=\"wp-block-media-text__media\"><img loading=\"lazy\" decoding=\"async\" width=\"255\" height=\"330\" src=\"https:\/\/catalogo.spaciograficohn.com\/cat21_22\/wp-content\/uploads\/2022\/10\/Portadas-Espanol-9_255x330-255x330.jpg\" alt=\"\" class=\"wp-image-760 size-full\"\/><\/figure><div class=\"wp-block-media-text__content\">\n<p style=\"font-size:25px\">Libro de Espa\u00f1ol de 9no grado, 3era Edici\u00f3n. <\/p>\n\n\n\n<ul class=\"wp-block-list\">\n<li>Idioma: Espa\u00f1ol<\/li>\n<\/ul>\n\n\n\n<ul class=\"wp-block-list\">\n<li>Nivel: B\u00e1sico<\/li>\n<\/ul>\n\n\n\n<p>  <img decoding=\"async\" width=\"30\" height=\"30\" class=\"wp-image-113\" style=\"width: 30px;\" src=\"https:\/\/catalogo.spaciograficohn.com\/cat21_22\/wp-content\/uploads\/2021\/08\/icono_visualizacion-e1628733297257.png\" alt=\"\">   <a href=\"https:\/\/catalogo2020.spaciograficohn.com\/cat2020\/2basica\/1espNew\/09\/mobile\/index.html#p=1\">Vista previa del Libro<\/a><\/p>\n<\/div><\/div>\n\n\n\n<div style=\"height:25px\" aria-hidden=\"true\" class=\"wp-block-spacer\"><\/div>\n\n\n\n<blockquote class=\"wp-block-quote is-layout-flow wp-block-quote-is-layout-flow\">\n<p class=\"has-background\" style=\"background-color:#cdcdcd\"><img loading=\"lazy\" decoding=\"async\" width=\"30\" height=\"30\" class=\"wp-image-516\" style=\"width: 30px;\" src=\"https:\/\/catalogo.spaciograficohn.com\/cat21_22\/wp-content\/uploads\/2021\/08\/recursoeducativosok.jpg_48x48.jpg\" alt=\"\"> Todos nuestros libros incluyen la&nbsp;<strong>GU\u00cdA DEL DOCENTE en forma digital<\/strong>, la cual puedes acceder desde el <strong>c\u00f3digo QR<\/strong> que aparece en su libro de texto, adem\u00e1s puede contar con la versi\u00f3n digital de los libros en nuestra Plataforma de Acompa\u00f1amiento.<\/p>\n<\/blockquote>\n","protected":false},"excerpt":{"rendered":"<p>Nuestros libros de Espa\u00f1ol del \u00e1rea de Comunicaciones en el nivel B\u00e1sico, est\u00e1n dise\u00f1ados siguiendo los par\u00e1metros del enfoque comunicativo, y las indicaciones definidas en el Curr\u00edculo Nacional B\u00e1sico. En los mismos se pueden encontrar ejercicios pedag\u00f3gicos adecuados a la edad y el nivel de los educandos. Incluye las expectativas de logro, pruebas formativas, glosario de t\u00e9rminos, una amplia y entretenida gama de actividades para que el educando refuerce los contenidos aprendidos en la clase. Todo lo contenido en los libros de texto, son fortalecidos en el \u00e1mbito digital por medio de nuestra plataforma de acompa\u00f1amiento, en la cual se cuenta con m\u00e1s actividades extras por lecci\u00f3n, las cuales son en su mayor\u00eda auto calificables y que aprovechan el inter\u00e9s digital de esta nueva generaci\u00f3n. Para el \u00e1rea de Comunicaci\u00f3n en B\u00e1sica nuestra editorial ofrece los siguientes libros de texto. Todos nuestros libros incluyen la&nbsp;GU\u00cdA DEL DOCENTE en forma digital,&hellip;<\/p>\n<p> <a class=\"more-link\" href=\"https:\/\/catalogo.spaciograficohn.com\/cat21_22\/espanol-basica\/\">Leer m\u00e1s<\/a><\/p>\n","protected":false},"author":1,"featured_media":0,"parent":0,"menu_order":0,"comment_status":"closed","ping_status":"closed","template":"","meta":{"footnotes":""},"class_list":["post-149","page","type-page","status-publish"],"_links":{"self":[{"href":"https:\/\/catalogo.spaciograficohn.com\/cat21_22\/wp-json\/wp\/v2\/pages\/149","targetHints":{"allow":["GET"]}}],"collection":[{"href":"https:\/\/catalogo.spaciograficohn.com\/cat21_22\/wp-json\/wp\/v2\/pages"}],"about":[{"href":"https:\/\/catalogo.spaciograficohn.com\/cat21_22\/wp-json\/wp\/v2\/types\/page"}],"author":[{"embeddable":true,"href":"https:\/\/catalogo.spaciograficohn.com\/cat21_22\/wp-json\/wp\/v2\/users\/1"}],"replies":[{"embeddable":true,"href":"https:\/\/catalogo.spaciograficohn.com\/cat21_22\/wp-json\/wp\/v2\/comments?post=149"}],"version-history":[{"count":31,"href":"https:\/\/catalogo.spaciograficohn.com\/cat21_22\/wp-json\/wp\/v2\/pages\/149\/revisions"}],"predecessor-version":[{"id":1204,"href":"https:\/\/catalogo.spaciograficohn.com\/cat21_22\/wp-json\/wp\/v2\/pages\/149\/revisions\/1204"}],"wp:attachment":[{"href":"https:\/\/catalogo.spaciograficohn.com\/cat21_22\/wp-json\/wp\/v2\/media?parent=149"}],"curies":[{"name":"wp","href":"https:\/\/api.w.org\/{rel}","templated":true}]}}