{"id":143,"date":"2021-08-12T02:49:14","date_gmt":"2021-08-12T02:49:14","guid":{"rendered":"https:\/\/catalogo.spaciograficohn.com\/cat21_22\/?page_id=143"},"modified":"2024-10-11T20:24:19","modified_gmt":"2024-10-12T02:24:19","slug":"area-de-comunicacion","status":"publish","type":"page","link":"https:\/\/catalogo.spaciograficohn.com\/cat21_22\/area-de-comunicacion\/","title":{"rendered":"\u00c1rea de Comunicaci\u00f3n"},"content":{"rendered":"\n<p class=\"has-text-align-left has-normal-font-size\">Los educandos que hagan uso de nuestro libros de texto del <strong>\u00c1rea de Comunicaci\u00f3n<\/strong>, ser\u00e1n capaces de organizar, construir y desarrollar las competencias <strong>comunicativas<\/strong>, permitiendo que se puedan desenvolver adecuadamente en su contexto social, local, nacional e internacional.<\/p>\n\n\n\n<p class=\"has-text-align-left has-normal-font-size\">El \u00e1rea de Comunicaci\u00f3n comprende las disciplinas de:<\/p>\n\n\n\n<ul class=\"wp-block-list\">\n<li><a href=\"https:\/\/catalogo.spaciograficohn.com\/cat21_22\/espanol-basica\/\">Espa\u00f1ol<\/a><\/li>\n\n\n\n<li><a href=\"https:\/\/catalogo.spaciograficohn.com\/cat21_22\/educacion-artistica\/\">Educaci\u00f3n Art\u00edstica<\/a><\/li>\n\n\n\n<li><a href=\"https:\/\/catalogo.spaciograficohn.com\/cat21_22\/ingles\/\">Idioma Extranjero<\/a><\/li>\n<\/ul>\n\n\n\n<p class=\"has-normal-font-size\">Adem\u00e1s de los libros para las diferentes disciplinas del \u00e1rea de comunicaci\u00f3n, en la Editorial hemos creado material de apoyo, como:<\/p>\n\n\n\n<ul class=\"wp-block-list\">\n<li><a href=\"https:\/\/catalogo.spaciograficohn.com\/cat21_22\/caligrafia-y-dibujo\/\">Caligraf\u00eda y Dibujo<\/a><\/li>\n\n\n\n<li><a href=\"https:\/\/catalogo.spaciograficohn.com\/cat21_22\/ortografia-y-lectura\/\">Ortograf\u00eda y Lectura<\/a><\/li>\n\n\n\n<li><a href=\"https:\/\/catalogo.spaciograficohn.com\/cat21_22\/literatura\/\">Literatura<\/a><\/li>\n<\/ul>\n\n\n\n<div style=\"height:20px\" aria-hidden=\"true\" class=\"wp-block-spacer\"><\/div>\n\n\n\n<blockquote class=\"wp-block-quote is-layout-flow wp-block-quote-is-layout-flow\">\n<p class=\"has-background\" style=\"background-color:#cdcdcd\"><img decoding=\"async\" width=\"30\" height=\"30\" class=\"wp-image-516\" style=\"width: 30px;\" src=\"https:\/\/catalogo.spaciograficohn.com\/cat21_22\/wp-content\/uploads\/2021\/08\/recursoeducativosok.jpg_48x48.jpg\" alt=\"\"> Todos nuestros libros incluyen la&nbsp;<strong>GU\u00cdA DEL DOCENTE en forma digital<\/strong>, la cual puedes acceder desde el <strong>c\u00f3digo QR<\/strong> que aparece en su libro de texto, adem\u00e1s puede contar con la versi\u00f3n digital de los libros en nuestra Plataforma de Acompa\u00f1amiento.<\/p>\n<\/blockquote>\n","protected":false},"excerpt":{"rendered":"<p>Los educandos que hagan uso de nuestro libros de texto del \u00c1rea de Comunicaci\u00f3n, ser\u00e1n capaces de organizar, construir y desarrollar las competencias comunicativas, permitiendo que se puedan desenvolver adecuadamente en su contexto social, local, nacional e internacional. El \u00e1rea de Comunicaci\u00f3n comprende las disciplinas de: Adem\u00e1s de los libros para las diferentes disciplinas del \u00e1rea de comunicaci\u00f3n, en la Editorial hemos creado material de apoyo, como: Todos nuestros libros incluyen la&nbsp;GU\u00cdA DEL DOCENTE en forma digital, la cual puedes acceder desde el c\u00f3digo QR que aparece en su libro de texto, adem\u00e1s puede contar con la versi\u00f3n digital de los libros en nuestra Plataforma de Acompa\u00f1amiento.<\/p>\n","protected":false},"author":1,"featured_media":0,"parent":0,"menu_order":0,"comment_status":"closed","ping_status":"closed","template":"","meta":{"footnotes":""},"class_list":["post-143","page","type-page","status-publish"],"_links":{"self":[{"href":"https:\/\/catalogo.spaciograficohn.com\/cat21_22\/wp-json\/wp\/v2\/pages\/143","targetHints":{"allow":["GET"]}}],"collection":[{"href":"https:\/\/catalogo.spaciograficohn.com\/cat21_22\/wp-json\/wp\/v2\/pages"}],"about":[{"href":"https:\/\/catalogo.spaciograficohn.com\/cat21_22\/wp-json\/wp\/v2\/types\/page"}],"author":[{"embeddable":true,"href":"https:\/\/catalogo.spaciograficohn.com\/cat21_22\/wp-json\/wp\/v2\/users\/1"}],"replies":[{"embeddable":true,"href":"https:\/\/catalogo.spaciograficohn.com\/cat21_22\/wp-json\/wp\/v2\/comments?post=143"}],"version-history":[{"count":10,"href":"https:\/\/catalogo.spaciograficohn.com\/cat21_22\/wp-json\/wp\/v2\/pages\/143\/revisions"}],"predecessor-version":[{"id":1197,"href":"https:\/\/catalogo.spaciograficohn.com\/cat21_22\/wp-json\/wp\/v2\/pages\/143\/revisions\/1197"}],"wp:attachment":[{"href":"https:\/\/catalogo.spaciograficohn.com\/cat21_22\/wp-json\/wp\/v2\/media?parent=143"}],"curies":[{"name":"wp","href":"https:\/\/api.w.org\/{rel}","templated":true}]}}