{"id":131,"date":"2021-08-12T02:27:34","date_gmt":"2021-08-12T02:27:34","guid":{"rendered":"https:\/\/catalogo.spaciograficohn.com\/cat21_22\/?page_id=131"},"modified":"2024-10-12T10:42:34","modified_gmt":"2024-10-12T16:42:34","slug":"basica","status":"publish","type":"page","link":"https:\/\/catalogo.spaciograficohn.com\/cat21_22\/basica\/","title":{"rendered":"B\u00e1sica"},"content":{"rendered":"\n<p class=\"popmake-1155\">La Educaci\u00f3n B\u00e1sica es entendida como una unidad pedag\u00f3gica integral y organizada en ciclos. Cada ciclo se concibe como una unidad operativa en cuanto a la programaci\u00f3n y secuencia de los contenidos, estrategias did\u00e1cticas y formas de evaluaci\u00f3n. Con la duraci\u00f3n de tres a\u00f1os, cada ciclo permitir\u00e1 la integraci\u00f3n del aprendizaje, complementando o consolidando los distintos contenidos en funci\u00f3n de lo aprendido en los a\u00f1os anteriores al mismo ciclo.<\/p>\n\n\n\n<p>Nuestros libros de Texto se encuentran enmarcados en las diferentes \u00e1reas curriculares del Nivel B\u00e1sico de Educaci\u00f3n de nuestro pa\u00eds.<\/p>\n\n\n\n<ul class=\"wp-block-list\">\n<li><strong><a href=\"https:\/\/catalogo.spaciograficohn.com\/cat21_22\/area-de-comunicacion\/\">\u00c1rea de Comunicaci\u00f3n<\/a><\/strong><\/li>\n<\/ul>\n\n\n\n<ul class=\"wp-block-list\">\n<li><strong><a href=\"https:\/\/catalogo.spaciograficohn.com\/cat21_22\/area-de-matematicas\/\">\u00c1rea de Matem\u00e1ticas<\/a><\/strong><\/li>\n<\/ul>\n\n\n\n<ul class=\"wp-block-list\">\n<li><strong><a href=\"https:\/\/catalogo.spaciograficohn.com\/cat21_22\/area-de-ciencias-sociales\/\">\u00c1rea de Ciencias Sociales<\/a><\/strong><\/li>\n<\/ul>\n\n\n\n<ul class=\"wp-block-list\">\n<li><strong><a href=\"https:\/\/catalogo.spaciograficohn.com\/cat21_22\/area-de-ciencias-naturales\/\">\u00c1rea de Ciencias Naturales<\/a><\/strong><\/li>\n<\/ul>\n\n\n\n<ul class=\"wp-block-list\">\n<li><a href=\"https:\/\/catalogo.spaciograficohn.com\/cat21_22\/science\/\"><strong>\u00c1rea de Ciencias Naturales en Ingl\u00e9s (SCIENCE)<\/strong><\/a><\/li>\n<\/ul>\n\n\n\n<ul class=\"wp-block-list\">\n<li><strong><a href=\"https:\/\/catalogo.spaciograficohn.com\/cat21_22\/tecnologia\/\">\u00c1rea de Tecnolog\u00eda<\/a><\/strong><\/li>\n<\/ul>\n\n\n\n<p>La finalidad de nuestros libros de texto es generar en los educandos los aprendizajes de la expresi\u00f3n oral, escrita, c\u00e1lculo, geometr\u00eda y la autonom\u00eda de acci\u00f3n en su entorno natural y social, la capacidad de asumir con responsabilidad sus deberes y derechos, prepar\u00e1ndoles para la vida activa con una formaci\u00f3n cient\u00edfica humanista y tecnol\u00f3gica para acceder al nivel Medio.<\/p>\n\n\n\n<blockquote class=\"wp-block-quote is-layout-flow wp-block-quote-is-layout-flow\">\n<p class=\"has-background\" style=\"background-color:#cdcdcd\"><img decoding=\"async\" width=\"30\" height=\"30\" class=\"wp-image-516\" style=\"width: 30px;\" src=\"https:\/\/catalogo.spaciograficohn.com\/cat21_22\/wp-content\/uploads\/2021\/08\/recursoeducativosok.jpg_48x48.jpg\" alt=\"\"> Todos nuestros libros incluyen la&nbsp;<strong>GU\u00cdA DEL DOCENTE en forma digital<\/strong>, la cual puedes acceder desde el <strong>c\u00f3digo QR<\/strong> que aparece en su libro de texto, adem\u00e1s puede contar con la versi\u00f3n digital de los libros en nuestra Plataforma de Acompa\u00f1amiento.<\/p>\n<\/blockquote>\n\n\n\n<p><\/p>\n","protected":false},"excerpt":{"rendered":"<p>La Educaci\u00f3n B\u00e1sica es entendida como una unidad pedag\u00f3gica integral y organizada en ciclos. Cada ciclo se concibe como una unidad operativa en cuanto a la programaci\u00f3n y secuencia de los contenidos, estrategias did\u00e1cticas y formas de evaluaci\u00f3n. Con la duraci\u00f3n de tres a\u00f1os, cada ciclo permitir\u00e1 la integraci\u00f3n del aprendizaje, complementando o consolidando los distintos contenidos en funci\u00f3n de lo aprendido en los a\u00f1os anteriores al mismo ciclo. Nuestros libros de Texto se encuentran enmarcados en las diferentes \u00e1reas curriculares del Nivel B\u00e1sico de Educaci\u00f3n de nuestro pa\u00eds. La finalidad de nuestros libros de texto es generar en los educandos los aprendizajes de la expresi\u00f3n oral, escrita, c\u00e1lculo, geometr\u00eda y la autonom\u00eda de acci\u00f3n en su entorno natural y social, la capacidad de asumir con responsabilidad sus deberes y derechos, prepar\u00e1ndoles para la vida activa con una formaci\u00f3n cient\u00edfica humanista y tecnol\u00f3gica para acceder al nivel Medio. Todos nuestros&hellip;<\/p>\n<p> <a class=\"more-link\" href=\"https:\/\/catalogo.spaciograficohn.com\/cat21_22\/basica\/\">Leer m\u00e1s<\/a><\/p>\n","protected":false},"author":1,"featured_media":0,"parent":0,"menu_order":0,"comment_status":"closed","ping_status":"closed","template":"","meta":{"footnotes":""},"class_list":["post-131","page","type-page","status-publish"],"_links":{"self":[{"href":"https:\/\/catalogo.spaciograficohn.com\/cat21_22\/wp-json\/wp\/v2\/pages\/131","targetHints":{"allow":["GET"]}}],"collection":[{"href":"https:\/\/catalogo.spaciograficohn.com\/cat21_22\/wp-json\/wp\/v2\/pages"}],"about":[{"href":"https:\/\/catalogo.spaciograficohn.com\/cat21_22\/wp-json\/wp\/v2\/types\/page"}],"author":[{"embeddable":true,"href":"https:\/\/catalogo.spaciograficohn.com\/cat21_22\/wp-json\/wp\/v2\/users\/1"}],"replies":[{"embeddable":true,"href":"https:\/\/catalogo.spaciograficohn.com\/cat21_22\/wp-json\/wp\/v2\/comments?post=131"}],"version-history":[{"count":14,"href":"https:\/\/catalogo.spaciograficohn.com\/cat21_22\/wp-json\/wp\/v2\/pages\/131\/revisions"}],"predecessor-version":[{"id":1232,"href":"https:\/\/catalogo.spaciograficohn.com\/cat21_22\/wp-json\/wp\/v2\/pages\/131\/revisions\/1232"}],"wp:attachment":[{"href":"https:\/\/catalogo.spaciograficohn.com\/cat21_22\/wp-json\/wp\/v2\/media?parent=131"}],"curies":[{"name":"wp","href":"https:\/\/api.w.org\/{rel}","templated":true}]}}